{"id":6023,"date":"2025-04-14T05:20:51","date_gmt":"2025-04-14T10:20:51","guid":{"rendered":"https:\/\/vrapiweeks.com\/?page_id=6023"},"modified":"2025-10-07T08:48:00","modified_gmt":"2025-10-07T13:48:00","slug":"naturalizacion-y-ciudadania","status":"publish","type":"page","link":"https:\/\/vrapiweeks.com\/es\/areas-de-practica\/familia-e-individuos\/naturalizacion-y-ciudadania\/","title":{"rendered":"Naturalizaci\u00f3n y Ciudadan\u00eda"},"content":{"rendered":"<h1>Abogados de naturalizaci\u00f3n y ciudadan\u00eda de Nuevo M\u00e9xico<\/h1>\n<p>Te acompa\u00f1aremos en cada paso del proceso de naturalizaci\u00f3n para asegurarnos de que est\u00e9s completamente preparado para la entrevista, el examen c\u00edvico y todos los dem\u00e1s requisitos que te corresponden. Entendemos la importancia de la ciudadan\u00eda estadounidense para que puedas solicitar que tus <a href=\"https:\/\/vrapiweeks.com\/es\/areas-de-practica\/familia-e-individuos\/\">familiares<\/a> obtengan estatus, voten, trabajen donde deseen, viajen y vivan sin temor, y nos esforzamos por facilitarte el proceso al m\u00e1ximo.<\/p>\n<h2>Pasos del Proceso de Ciudadan\u00eda<\/h2>\n<p>El proceso de ciudadan\u00eda, tambi\u00e9n conocido como naturalizaci\u00f3n, implica varios pasos clave para garantizar que los solicitantes cumplan con todos los requisitos necesarios. Primero, debes determinar tu elegibilidad, que generalmente se basa en factores como <a href=\"https:\/\/vrapiweeks.com\/es\/areas-de-practica\/familia-e-individuos\/residencia-permanente-tarjeta-verde\/\">la residencia permanente<\/a> legal, el tiempo de residencia en los EE. UU. y la buena conducta. Luego debes presentar el Formulario N-400, la Solicitud de Naturalizaci\u00f3n, y asistir a una cita biom\u00e9trica para obtener tus huellas y otra informaci\u00f3n de identificaci\u00f3n. Una vez procesada tu solicitud, se te programar\u00e1 una entrevista donde responder\u00e1s preguntas sobre tu solicitud y realizar\u00e1s los ex\u00e1menes c\u00edvico e ingl\u00e9s de los EE. UU. Si eres aprobado, el paso final es asistir a una ceremonia de naturalizaci\u00f3n para dar el Juramento de Lealtad, convirti\u00e9ndote formalmente en ciudadano estadounidense. Te guiaremos en cada uno de estos pasos para simplificar el proceso y ayudarte a lograr tus objetivos migratorios de la manera m\u00e1s r\u00e1pida.<\/p>\n<h2>\u00bfPor qu\u00e9 Necesitas Contratar un Abogado?<\/h2>\n<p>El proceso de naturalizaci\u00f3n es el \u00faltimo paso en tu proceso migratorio y requiere una revisi\u00f3n completa de tu historial migratorio. Es muy arriesgado asistir a una entrevista con un oficial de USCIS y pasar por el proceso solo, tratando de entender qu\u00e9 sucede si respondes \u00abs\u00ed\u00bb a una pregunta sobre tu historial y c\u00f3mo mantenerse al tanto con las pol\u00edticas cambiantes. El proceso puede ser a\u00fan m\u00e1s confuso si el ingl\u00e9s no es tu primer idioma. Contratar a <a href=\"https:\/\/vrapiweeks.com\/es\/our-team\/\">un abogado de inmigraci\u00f3n con experiencia<\/a> puede brindarte valiosos recursos y apoyo durante este importante camino hacia la ciudadan\u00eda estadounidense. Nuestro equipo prepara y presenta todos los formularios y documentos, y te ayudaremos a prepararte para tu entrevista revisando posibles preguntas y asegur\u00e1ndonos de que comprendas los requisitos del examen de ingl\u00e9s y c\u00edvico. Contar con un abogado a tu lado durante la entrevista puede aliviar la ansiedad o el estr\u00e9s que puedas sentir, ya que estaremos ah\u00ed para apoyarte y guiarte.<\/p>\n<h2>Nuestro Proceso<\/h2>\n<p>En nuestra firma, comprendemos la importancia del proceso de naturalizaci\u00f3n para ti y tus seres queridos. Convirti\u00e9ndose en ciudadano estadounidense es un logro que cambia la vida, y estamos aqu\u00ed para guiarte en cada paso del camino. Con nuestro amplio conocimiento de la ley de inmigraci\u00f3n y nuestros procesos eficientes para presentar tu solicitud de naturalizaci\u00f3n r\u00e1pidamente, nos comprometemos a hacer que el proceso sea lo m\u00e1s sencillo y sin estr\u00e9s posible. De principio a fin, nuestro equipo te brindar\u00e1 el apoyo, la orientaci\u00f3n y la tranquilidad que necesitas para alcanzar tus metas con confianza.<\/p>\n<ul>\n<li>Programa una consulta donde te explicaremos tu proceso hacia la ciudadan\u00eda.<\/li>\n<li>Preparemos toda la documentaci\u00f3n necesaria.<\/li>\n<li>Te ayudaremos a prepararte para tu entrevista para aumentar tus posibilidades de aprobaci\u00f3n.<\/li>\n<li>Te guiaremos en cada paso del proceso hasta que te conviertas en ciudadano estadounidense.<\/li>\n<\/ul>\n<p>Con nuestro equipo dedicado a tu lado, puedes avanzar en tu camino hacia la naturalizaci\u00f3n con confianza y tranquilidad, sabiendo que tu futuro est\u00e1 en manos capaces.<\/p>\n<h2>Programa tu Consulta Hoy<\/h2>\n<p>No esperes m\u00e1s para comenzar tu camino hacia la ciudadan\u00eda estadounidense. Cont\u00e1ctenos hoy mismo para <a href=\"https:\/\/vrapiweeks.com\/es\/contactanos\/\">programar tu consulta<\/a>. Nuestro equipo compasivo y experto est\u00e1 listo para ayudarte a lograr tu objetivo de convertirte en ciudadano estadounidense y seguir adelante con tu vida.<\/p>\n","protected":false},"excerpt":{"rendered":"<p>Abogados de naturalizaci\u00f3n y ciudadan\u00eda de Nuevo M\u00e9xico Te acompa\u00f1aremos en cada paso del proceso de naturalizaci\u00f3n para asegurarnos de que est\u00e9s completamente preparado para la entrevista, el examen c\u00edvico y todos los dem\u00e1s requisitos que te corresponden. Entendemos la importancia de la ciudadan\u00eda estadounidense para que puedas solicitar que tus familiares obtengan estatus, voten, [&hellip;]<\/p>\n","protected":false},"author":1,"featured_media":9427,"parent":6341,"menu_order":0,"comment_status":"closed","ping_status":"closed","template":"","meta":{"_acf_changed":false,"_oasis_is_in_workflow":0,"_oasis_original":0,"_oasis_task_priority":"","ocean_post_layout":"","ocean_both_sidebars_style":"","ocean_both_sidebars_content_width":0,"ocean_both_sidebars_sidebars_width":0,"ocean_sidebar":"","ocean_second_sidebar":"","ocean_disable_margins":"enable","ocean_add_body_class":"","ocean_shortcode_before_top_bar":"","ocean_shortcode_after_top_bar":"","ocean_shortcode_before_header":"","ocean_shortcode_after_header":"","ocean_has_shortcode":"","ocean_shortcode_after_title":"","ocean_shortcode_before_footer_widgets":"","ocean_shortcode_after_footer_widgets":"","ocean_shortcode_before_footer_bottom":"","ocean_shortcode_after_footer_bottom":"","ocean_display_top_bar":"default","ocean_display_header":"default","ocean_header_style":"","ocean_center_header_left_menu":"","ocean_custom_header_template":"","ocean_custom_logo":0,"ocean_custom_retina_logo":0,"ocean_custom_logo_max_width":0,"ocean_custom_logo_tablet_max_width":0,"ocean_custom_logo_mobile_max_width":0,"ocean_custom_logo_max_height":0,"ocean_custom_logo_tablet_max_height":0,"ocean_custom_logo_mobile_max_height":0,"ocean_header_custom_menu":"","ocean_menu_typo_font_family":"","ocean_menu_typo_font_subset":"","ocean_menu_typo_font_size":0,"ocean_menu_typo_font_size_tablet":0,"ocean_menu_typo_font_size_mobile":0,"ocean_menu_typo_font_size_unit":"px","ocean_menu_typo_font_weight":"","ocean_menu_typo_font_weight_tablet":"","ocean_menu_typo_font_weight_mobile":"","ocean_menu_typo_transform":"","ocean_menu_typo_transform_tablet":"","ocean_menu_typo_transform_mobile":"","ocean_menu_typo_line_height":0,"ocean_menu_typo_line_height_tablet":0,"ocean_menu_typo_line_height_mobile":0,"ocean_menu_typo_line_height_unit":"","ocean_menu_typo_spacing":0,"ocean_menu_typo_spacing_tablet":0,"ocean_menu_typo_spacing_mobile":0,"ocean_menu_typo_spacing_unit":"","ocean_menu_link_color":"","ocean_menu_link_color_hover":"","ocean_menu_link_color_active":"","ocean_menu_link_background":"","ocean_menu_link_hover_background":"","ocean_menu_link_active_background":"","ocean_menu_social_links_bg":"","ocean_menu_social_hover_links_bg":"","ocean_menu_social_links_color":"","ocean_menu_social_hover_links_color":"","ocean_disable_title":"default","ocean_disable_heading":"default","ocean_post_title":"","ocean_post_subheading":"","ocean_post_title_style":"","ocean_post_title_background_color":"","ocean_post_title_background":0,"ocean_post_title_bg_image_position":"","ocean_post_title_bg_image_attachment":"","ocean_post_title_bg_image_repeat":"","ocean_post_title_bg_image_size":"","ocean_post_title_height":0,"ocean_post_title_bg_overlay":0.5,"ocean_post_title_bg_overlay_color":"","ocean_disable_breadcrumbs":"default","ocean_breadcrumbs_color":"","ocean_breadcrumbs_separator_color":"","ocean_breadcrumbs_links_color":"","ocean_breadcrumbs_links_hover_color":"","ocean_display_footer_widgets":"default","ocean_display_footer_bottom":"default","ocean_custom_footer_template":"","footnotes":""},"class_list":["post-6023","page","type-page","status-publish","has-post-thumbnail","hentry","entry","has-media"],"acf":[],"_links":{"self":[{"href":"https:\/\/vrapiweeks.com\/es\/wp-json\/wp\/v2\/pages\/6023","targetHints":{"allow":["GET"]}}],"collection":[{"href":"https:\/\/vrapiweeks.com\/es\/wp-json\/wp\/v2\/pages"}],"about":[{"href":"https:\/\/vrapiweeks.com\/es\/wp-json\/wp\/v2\/types\/page"}],"author":[{"embeddable":true,"href":"https:\/\/vrapiweeks.com\/es\/wp-json\/wp\/v2\/users\/1"}],"replies":[{"embeddable":true,"href":"https:\/\/vrapiweeks.com\/es\/wp-json\/wp\/v2\/comments?post=6023"}],"version-history":[{"count":9,"href":"https:\/\/vrapiweeks.com\/es\/wp-json\/wp\/v2\/pages\/6023\/revisions"}],"predecessor-version":[{"id":9314,"href":"https:\/\/vrapiweeks.com\/es\/wp-json\/wp\/v2\/pages\/6023\/revisions\/9314"}],"up":[{"embeddable":true,"href":"https:\/\/vrapiweeks.com\/es\/wp-json\/wp\/v2\/pages\/6341"}],"wp:featuredmedia":[{"embeddable":true,"href":"https:\/\/vrapiweeks.com\/es\/wp-json\/wp\/v2\/media\/9427"}],"wp:attachment":[{"href":"https:\/\/vrapiweeks.com\/es\/wp-json\/wp\/v2\/media?parent=6023"}],"curies":[{"name":"wp","href":"https:\/\/api.w.org\/{rel}","templated":true}]}}