{"id":6036,"date":"2025-04-28T10:56:28","date_gmt":"2025-04-28T15:56:28","guid":{"rendered":"https:\/\/vrapiweeks.com\/?page_id=6036"},"modified":"2025-10-02T13:14:21","modified_gmt":"2025-10-02T18:14:21","slug":"residencia-permanente","status":"publish","type":"page","link":"https:\/\/vrapiweeks.com\/es\/areas-de-practica\/negocios-y-empleo\/residencia-permanente\/","title":{"rendered":"Residencia Permanente"},"content":{"rendered":"<h1>Abogados de residencia permanente en Nuevo M\u00e9xico<\/h1>\n<p>Hay muchas maneras que los extranjeros pueden obtener su residencia permanente para negocios o empleo en los Estados Unidos. La manera m\u00e1s com\u00fan consiste de tres pasos: una certificaci\u00f3n laboral (PERM), una petitci\u00f3n I-140, y una solicitud de <a href=\"https:\/\/vrapiweeks.com\/es\/areas-de-practica\/ajuste-de-estatus\/\">ajuste de estatus<\/a> o una solicitud para una visa de inmigrante en un consulado americano en el extranjero.<\/p>\n<p>El proceso entero de residencia permanente puede ser largo y desalentador. En Vrapi Weeks nos encargamos de cada paso del proceso para que empresarios y gerentes puedan retener empleados valiosos y se enfoquen en dirigir la organizaci\u00f3n y no en preocupaciones de barreras migratorias.<\/p>\n<h2>Nuestro Proceso<\/h2>\n<ul>\n<li>El prop\u00f3sito del proceso PERM es de asegurar que <a href=\"https:\/\/vrapiweeks.com\/es\/areas-de-practica\/negocios-y-empleo\/\">empleadores<\/a> no intenten emplear extranjeros cuando hay trabajadores estadounidenses capacitados qui\u00e9nes est\u00e1n listos, dispuestos, y disponibles para llenar el puesto. Esto requiere que empleadores publiquen el puesto en varios lugares y documenten adecuadamente el proceso de contrataci\u00f3n. Este proceso es muy oneroso y riguroso.<\/li>\n<li>La petici\u00f3n I-140 es la petici\u00f3n de visa que llena el empleador para dar estatus de inmigraci\u00f3n al empleado extranjero. Si bien la petici\u00f3n I-140 est\u00e1 basada en la certificaci\u00f3n laboral PERM, hay otros tipos de peticiones I-140, como Exenciones por Inter\u00e9s Nacional y peticiones para extranjeros de habilidad extraordinaria, los cuales no requieren certificaci\u00f3n laboral.<\/li>\n<li>Mediante la petici\u00f3n I-140, el empleado extranjero puede ajustar su estatus en los Estados Unidos o solicitar una visa de inmigraci\u00f3n en un consulado Americano en el extranjero y hacerse residente permanente.<\/li>\n<\/ul>\n<p><a href=\"https:\/\/vrapiweeks.com\/es\/our-team\/\">Nuestro equipo<\/a> de profesionales dedicados y con experiencia en inmigraci\u00f3n para negocios y empleos provee respresentaci\u00f3n excelente en todos los pasos del proceso de residencia permanente.<\/p>\n<h2>\u00bfTiene preguntas del proceso de residencia permanente?<\/h2>\n<p>Nuestros abogados expertos en inmigraci\u00f3n lo pueden guiar por el proceso de residencia permanente para que pueda retener el mejor talento.<\/p>\n","protected":false},"excerpt":{"rendered":"<p>Abogados de residencia permanente en Nuevo M\u00e9xico Hay muchas maneras que los extranjeros pueden obtener su residencia permanente para negocios o empleo en los Estados Unidos. La manera m\u00e1s com\u00fan consiste de tres pasos: una certificaci\u00f3n laboral (PERM), una petitci\u00f3n I-140, y una solicitud de ajuste de estatus o una solicitud para una visa de [&hellip;]<\/p>\n","protected":false},"author":47,"featured_media":9404,"parent":6351,"menu_order":0,"comment_status":"closed","ping_status":"closed","template":"","meta":{"_acf_changed":false,"_oasis_is_in_workflow":0,"_oasis_original":0,"_oasis_task_priority":"","ocean_post_layout":"","ocean_both_sidebars_style":"","ocean_both_sidebars_content_width":0,"ocean_both_sidebars_sidebars_width":0,"ocean_sidebar":"","ocean_second_sidebar":"","ocean_disable_margins":"enable","ocean_add_body_class":"","ocean_shortcode_before_top_bar":"","ocean_shortcode_after_top_bar":"","ocean_shortcode_before_header":"","ocean_shortcode_after_header":"","ocean_has_shortcode":"","ocean_shortcode_after_title":"","ocean_shortcode_before_footer_widgets":"","ocean_shortcode_after_footer_widgets":"","ocean_shortcode_before_footer_bottom":"","ocean_shortcode_after_footer_bottom":"","ocean_display_top_bar":"default","ocean_display_header":"default","ocean_header_style":"","ocean_center_header_left_menu":"","ocean_custom_header_template":"","ocean_custom_logo":0,"ocean_custom_retina_logo":0,"ocean_custom_logo_max_width":0,"ocean_custom_logo_tablet_max_width":0,"ocean_custom_logo_mobile_max_width":0,"ocean_custom_logo_max_height":0,"ocean_custom_logo_tablet_max_height":0,"ocean_custom_logo_mobile_max_height":0,"ocean_header_custom_menu":"","ocean_menu_typo_font_family":"","ocean_menu_typo_font_subset":"","ocean_menu_typo_font_size":0,"ocean_menu_typo_font_size_tablet":0,"ocean_menu_typo_font_size_mobile":0,"ocean_menu_typo_font_size_unit":"px","ocean_menu_typo_font_weight":"","ocean_menu_typo_font_weight_tablet":"","ocean_menu_typo_font_weight_mobile":"","ocean_menu_typo_transform":"","ocean_menu_typo_transform_tablet":"","ocean_menu_typo_transform_mobile":"","ocean_menu_typo_line_height":0,"ocean_menu_typo_line_height_tablet":0,"ocean_menu_typo_line_height_mobile":0,"ocean_menu_typo_line_height_unit":"","ocean_menu_typo_spacing":0,"ocean_menu_typo_spacing_tablet":0,"ocean_menu_typo_spacing_mobile":0,"ocean_menu_typo_spacing_unit":"","ocean_menu_link_color":"","ocean_menu_link_color_hover":"","ocean_menu_link_color_active":"","ocean_menu_link_background":"","ocean_menu_link_hover_background":"","ocean_menu_link_active_background":"","ocean_menu_social_links_bg":"","ocean_menu_social_hover_links_bg":"","ocean_menu_social_links_color":"","ocean_menu_social_hover_links_color":"","ocean_disable_title":"default","ocean_disable_heading":"default","ocean_post_title":"","ocean_post_subheading":"","ocean_post_title_style":"","ocean_post_title_background_color":"","ocean_post_title_background":0,"ocean_post_title_bg_image_position":"","ocean_post_title_bg_image_attachment":"","ocean_post_title_bg_image_repeat":"","ocean_post_title_bg_image_size":"","ocean_post_title_height":0,"ocean_post_title_bg_overlay":0.5,"ocean_post_title_bg_overlay_color":"","ocean_disable_breadcrumbs":"default","ocean_breadcrumbs_color":"","ocean_breadcrumbs_separator_color":"","ocean_breadcrumbs_links_color":"","ocean_breadcrumbs_links_hover_color":"","ocean_display_footer_widgets":"default","ocean_display_footer_bottom":"default","ocean_custom_footer_template":"","footnotes":""},"class_list":["post-6036","page","type-page","status-publish","has-post-thumbnail","hentry","entry","has-media"],"acf":[],"_links":{"self":[{"href":"https:\/\/vrapiweeks.com\/es\/wp-json\/wp\/v2\/pages\/6036","targetHints":{"allow":["GET"]}}],"collection":[{"href":"https:\/\/vrapiweeks.com\/es\/wp-json\/wp\/v2\/pages"}],"about":[{"href":"https:\/\/vrapiweeks.com\/es\/wp-json\/wp\/v2\/types\/page"}],"author":[{"embeddable":true,"href":"https:\/\/vrapiweeks.com\/es\/wp-json\/wp\/v2\/users\/47"}],"replies":[{"embeddable":true,"href":"https:\/\/vrapiweeks.com\/es\/wp-json\/wp\/v2\/comments?post=6036"}],"version-history":[{"count":5,"href":"https:\/\/vrapiweeks.com\/es\/wp-json\/wp\/v2\/pages\/6036\/revisions"}],"predecessor-version":[{"id":9234,"href":"https:\/\/vrapiweeks.com\/es\/wp-json\/wp\/v2\/pages\/6036\/revisions\/9234"}],"up":[{"embeddable":true,"href":"https:\/\/vrapiweeks.com\/es\/wp-json\/wp\/v2\/pages\/6351"}],"wp:featuredmedia":[{"embeddable":true,"href":"https:\/\/vrapiweeks.com\/es\/wp-json\/wp\/v2\/media\/9404"}],"wp:attachment":[{"href":"https:\/\/vrapiweeks.com\/es\/wp-json\/wp\/v2\/media?parent=6036"}],"curies":[{"name":"wp","href":"https:\/\/api.w.org\/{rel}","templated":true}]}}