{"id":6039,"date":"2025-04-28T11:16:07","date_gmt":"2025-04-28T16:16:07","guid":{"rendered":"https:\/\/vrapiweeks.com\/?page_id=6039"},"modified":"2025-10-02T11:09:34","modified_gmt":"2025-10-02T16:09:34","slug":"perdones","status":"publish","type":"page","link":"https:\/\/vrapiweeks.com\/es\/areas-de-practica\/familia-e-individuos\/perdones\/","title":{"rendered":"Perdones"},"content":{"rendered":"<h1>Abogados de perdones de Nuevo M\u00e9xico<\/h1>\n<p>Los oficiales revisan las solicitudes de perd\u00f3n todo el d\u00eda, dedicando aproximadamente 40 minutos a decidir si aprueban o no tu perd\u00f3n. \u00bfC\u00f3mo lograr que tu caso resalte en esos 40 minutos? La clave est\u00e1 en presentar tu caso de forma concisa y convincente, centr\u00e1ndose en los factores que USCIS considera importantes. En Vrapi Weeks, <a href=\"https:\/\/vrapiweeks.com\/es\/our-team\/\">nuestros abogados<\/a> elaboran solicitudes de perd\u00f3n s\u00f3lidas, enfocadas en los factores que USCIS considera m\u00e1s importantes. Si necesitas un perd\u00f3n, programa una consulta con uno de nuestros abogados con experiencia para que podamos ayudarte a presentar tu caso y aumentar tus posibilidades de aprobaci\u00f3n.<\/p>\n<h2>\u00a0\u00bfQu\u00e9 es un Perd\u00f3n Migratorio?<\/h2>\n<p>Un perd\u00f3n migratorio es una solicitud formal para perdonar ciertas causas de inadmisibilidad u otros problemas que pueden impedir que una persona obtenga una visa, <a href=\"https:\/\/vrapiweeks.com\/es\/areas-de-practica\/negocios-y-empleo\/residencia-permanente\/\">residencia<\/a> u otros beneficios migratorios. Estos perdones son esenciales para quienes enfrentan obst\u00e1culos debido a antecedentes migratorios, condiciones m\u00e9dicas u otras circunstancias. Entre los perdones migratorios m\u00e1s comunes se incluyen el perd\u00f3n I-601 por presencia ilegal, fraude o declaraciones falsas; el perd\u00f3n provisional I-601A por presencia ilegal; y el perd\u00f3n I-212 por \u00f3rdenes de deportaci\u00f3n o expulsi\u00f3n previas. Tambi\u00e9n contamos con amplia experiencia en perdones por tiempo previo en el estatus de visitante de intercambio J-1, incluyendo el perd\u00f3n J-1 por objeci\u00f3n, perdones J-1 Conrad 30 y perdones del HHS para m\u00e9dicos, perdones J-1 de Agencias Gubernamentales Interesadas (perdones IGA) y perdones J-1 por dificultades y persecuci\u00f3n. Adem\u00e1s, hacemos perdones por Inter\u00e9s Nacional (NIW), que permiten a las personas sobrepasar ciertas ofertas de trabajo y requisitos de certificaci\u00f3n laboral si su trabajo beneficia a los Estados Unidos. Cada tipo de perd\u00f3n aborda desaf\u00edos legales espec\u00edficos, y obtenerlo con \u00e9xito requiere un conocimiento profundo de la ley, la evidencia y las circunstancias particulares del solicitante.<\/p>\n<h2>\u00bfC\u00f3mo Puede Ayudar Vrapi Weeks?<\/h2>\n<p>En Vrapi Weeks, nuestros abogados con amplia experiencia comprenden las reglas complejas y cambiantes y pol\u00edticas de inmigraci\u00f3n. Hemos ayudado con \u00e9xito a <a href=\"https:\/\/vrapiweeks.com\/es\/historias-de-exito\/\">innumerables clientes<\/a> a obtener perdones, y podemos ayudarte a ti tambi\u00e9n. Nuestro equipo trabajar\u00e1 contigo para recopilar toda la evidencia necesaria y crear una narrativa s\u00f3lida que destaque eficazmente tus fortalezas y se ajuste al est\u00e1ndar legal para el perd\u00f3n espec\u00edfico que buscas. Tambi\u00e9n nos aseguraremos de que todos los formularios se completen correctamente y se entreguen a tiempo.<\/p>\n<p>Adem\u00e1s de preparar la solicitud de perd\u00f3n, nuestros abogados te brindar\u00e1n apoyo continuo durante todo el proceso de adjudicaci\u00f3n. Esto incluye responder a cualquier solicitud de evidencia o informaci\u00f3n adicional de USCIS hasta que se apruebe tu perd\u00f3n.<\/p>\n<p>Entendemos que solicitar un perd\u00f3n de inmigraci\u00f3n puede ser un proceso estresante, pero ten la seguridad de que nuestro equipo en Vrapi Weeks est\u00e1 aqu\u00ed para apoyarte en cada paso del proceso. Con nuestro conocimiento, dedicaci\u00f3n y enfoque personalizado, haremos todo lo posible para ayudarte a lograr un resultado exitoso.<\/p>\n<h2>Nuestro Proceso<\/h2>\n<p>Nuestro proceso est\u00e1 dise\u00f1ado para brindarte una orientaci\u00f3n clara y un apoyo constante en cada etapa de tu solicitud de perd\u00f3n de inmigraci\u00f3n.<\/p>\n<ul>\n<li>Programa una consulta<\/li>\n<li>Nos reuniremos contigo para escuchar tu historia y generar ideas sobre estrategias para resaltar tus fortalezas espec\u00edficas.<\/li>\n<li>Despu\u00e9s de recibir tus documentos, prepararemos tu perd\u00f3n basado en los factores que USCIS considere importantes.<\/li>\n<li>Enviaremos tu solicitud a USCIS y supervisaremos el progreso.<\/li>\n<li>En caso de una solicitud para m\u00e1s informaci\u00f3n o evidencia, nuestro equipo te brindar\u00e1 asesoramiento estrat\u00e9gico y trabajar\u00e1 contigo para preparar una respuesta s\u00f3lida.<\/li>\n<li>Una vez que se tome una decisi\u00f3n, te informaremos y trabajaremos contigo en los pr\u00f3ximos pasos, ya sea celebrar una aprobaci\u00f3n o elaborar estrategias para volver a presentar una solicitud o una apelaci\u00f3n.<\/li>\n<\/ul>\n<h2>Nuestro Compromiso para Ti<\/h2>\n<p>En Vrapi Weeks, comprendemos la importancia de tu perd\u00f3n migratorio y c\u00f3mo puede impactar tu vida y futuro. Por eso, nos comprometemos a brindarte asesor\u00eda estrat\u00e9gica, atenci\u00f3n personalizada y apoyo incondicional durante todo el proceso. Nos esforzaremos por mantenerte informado e involucrado en cada paso del proceso, y nuestro experimentado equipo de perdones te guiar\u00e1 a trav\u00e9s de cada paso de tu solicitud para ayudarte a lograr tus objetivos migratorios.<\/p>\n<h2>Programa una Consulta<\/h2>\n<p>Si tu o un ser querido necesita un perd\u00f3n migratorio, <a href=\"https:\/\/vrapiweeks.com\/es\/pide-una-consulta\/\">programa una consulta<\/a> con nuestro equipo de perdones en Vrapi Weeks. Nuestros abogados con experiencia est\u00e1n aqu\u00ed para apoyarte y guiarte durante el proceso, centr\u00e1ndose en los factores que USCIS considera importantes y aumentando tus posibilidades de \u00e9xito. Vrapi Weeks elimina las barreras migratorias para que puedas vivir tu vida.<\/p>\n","protected":false},"excerpt":{"rendered":"<p>Abogados de perdones de Nuevo M\u00e9xico Los oficiales revisan las solicitudes de perd\u00f3n todo el d\u00eda, dedicando aproximadamente 40 minutos a decidir si aprueban o no tu perd\u00f3n. \u00bfC\u00f3mo lograr que tu caso resalte en esos 40 minutos? La clave est\u00e1 en presentar tu caso de forma concisa y convincente, centr\u00e1ndose en los factores que [&hellip;]<\/p>\n","protected":false},"author":47,"featured_media":9419,"parent":6341,"menu_order":0,"comment_status":"closed","ping_status":"closed","template":"","meta":{"_acf_changed":false,"_oasis_is_in_workflow":0,"_oasis_original":0,"_oasis_task_priority":"","ocean_post_layout":"","ocean_both_sidebars_style":"","ocean_both_sidebars_content_width":0,"ocean_both_sidebars_sidebars_width":0,"ocean_sidebar":"","ocean_second_sidebar":"","ocean_disable_margins":"enable","ocean_add_body_class":"","ocean_shortcode_before_top_bar":"","ocean_shortcode_after_top_bar":"","ocean_shortcode_before_header":"","ocean_shortcode_after_header":"","ocean_has_shortcode":"","ocean_shortcode_after_title":"","ocean_shortcode_before_footer_widgets":"","ocean_shortcode_after_footer_widgets":"","ocean_shortcode_before_footer_bottom":"","ocean_shortcode_after_footer_bottom":"","ocean_display_top_bar":"default","ocean_display_header":"default","ocean_header_style":"","ocean_center_header_left_menu":"","ocean_custom_header_template":"","ocean_custom_logo":0,"ocean_custom_retina_logo":0,"ocean_custom_logo_max_width":0,"ocean_custom_logo_tablet_max_width":0,"ocean_custom_logo_mobile_max_width":0,"ocean_custom_logo_max_height":0,"ocean_custom_logo_tablet_max_height":0,"ocean_custom_logo_mobile_max_height":0,"ocean_header_custom_menu":"","ocean_menu_typo_font_family":"","ocean_menu_typo_font_subset":"","ocean_menu_typo_font_size":0,"ocean_menu_typo_font_size_tablet":0,"ocean_menu_typo_font_size_mobile":0,"ocean_menu_typo_font_size_unit":"px","ocean_menu_typo_font_weight":"","ocean_menu_typo_font_weight_tablet":"","ocean_menu_typo_font_weight_mobile":"","ocean_menu_typo_transform":"","ocean_menu_typo_transform_tablet":"","ocean_menu_typo_transform_mobile":"","ocean_menu_typo_line_height":0,"ocean_menu_typo_line_height_tablet":0,"ocean_menu_typo_line_height_mobile":0,"ocean_menu_typo_line_height_unit":"","ocean_menu_typo_spacing":0,"ocean_menu_typo_spacing_tablet":0,"ocean_menu_typo_spacing_mobile":0,"ocean_menu_typo_spacing_unit":"","ocean_menu_link_color":"","ocean_menu_link_color_hover":"","ocean_menu_link_color_active":"","ocean_menu_link_background":"","ocean_menu_link_hover_background":"","ocean_menu_link_active_background":"","ocean_menu_social_links_bg":"","ocean_menu_social_hover_links_bg":"","ocean_menu_social_links_color":"","ocean_menu_social_hover_links_color":"","ocean_disable_title":"default","ocean_disable_heading":"default","ocean_post_title":"","ocean_post_subheading":"","ocean_post_title_style":"","ocean_post_title_background_color":"","ocean_post_title_background":0,"ocean_post_title_bg_image_position":"","ocean_post_title_bg_image_attachment":"","ocean_post_title_bg_image_repeat":"","ocean_post_title_bg_image_size":"","ocean_post_title_height":0,"ocean_post_title_bg_overlay":0.5,"ocean_post_title_bg_overlay_color":"","ocean_disable_breadcrumbs":"default","ocean_breadcrumbs_color":"","ocean_breadcrumbs_separator_color":"","ocean_breadcrumbs_links_color":"","ocean_breadcrumbs_links_hover_color":"","ocean_display_footer_widgets":"default","ocean_display_footer_bottom":"default","ocean_custom_footer_template":"","footnotes":""},"class_list":["post-6039","page","type-page","status-publish","has-post-thumbnail","hentry","entry","has-media"],"acf":[],"_links":{"self":[{"href":"https:\/\/vrapiweeks.com\/es\/wp-json\/wp\/v2\/pages\/6039","targetHints":{"allow":["GET"]}}],"collection":[{"href":"https:\/\/vrapiweeks.com\/es\/wp-json\/wp\/v2\/pages"}],"about":[{"href":"https:\/\/vrapiweeks.com\/es\/wp-json\/wp\/v2\/types\/page"}],"author":[{"embeddable":true,"href":"https:\/\/vrapiweeks.com\/es\/wp-json\/wp\/v2\/users\/47"}],"replies":[{"embeddable":true,"href":"https:\/\/vrapiweeks.com\/es\/wp-json\/wp\/v2\/comments?post=6039"}],"version-history":[{"count":8,"href":"https:\/\/vrapiweeks.com\/es\/wp-json\/wp\/v2\/pages\/6039\/revisions"}],"predecessor-version":[{"id":9211,"href":"https:\/\/vrapiweeks.com\/es\/wp-json\/wp\/v2\/pages\/6039\/revisions\/9211"}],"up":[{"embeddable":true,"href":"https:\/\/vrapiweeks.com\/es\/wp-json\/wp\/v2\/pages\/6341"}],"wp:featuredmedia":[{"embeddable":true,"href":"https:\/\/vrapiweeks.com\/es\/wp-json\/wp\/v2\/media\/9419"}],"wp:attachment":[{"href":"https:\/\/vrapiweeks.com\/es\/wp-json\/wp\/v2\/media?parent=6039"}],"curies":[{"name":"wp","href":"https:\/\/api.w.org\/{rel}","templated":true}]}}