{"id":6042,"date":"2025-03-18T11:31:53","date_gmt":"2025-03-18T16:31:53","guid":{"rendered":"https:\/\/vrapiweeks.com\/?page_id=6042"},"modified":"2025-10-02T11:01:39","modified_gmt":"2025-10-02T16:01:39","slug":"areas-de-practica","status":"publish","type":"page","link":"https:\/\/vrapiweeks.com\/es\/areas-de-practica\/","title":{"rendered":"\u00c1reas de Pr\u00e1ctica"},"content":{"rendered":"<div class=\"innpractice-areas-lst\">\n<div class=\"prtc-rgt-lft\">\n<div class=\"prtc-rgt-lft-img\">\n<div class=\"prtc-rgt-lftimg\"><img decoding=\"async\" src=\"https:\/\/vrapiweeks.com\/wp-content\/uploads\/2025\/05\/Blank-545-x-505.jpg\" alt=\"practicearea-img\" title=\"\"><\/div>\n<div class=\"prtc-rgt-lft-img-cnt\">\n<h5><a href=\"https:\/\/vrapiweeks.com\/es\/areas-de-practica\/ajuste-de-estatus\/\">Ajuste de Estatus<\/a><\/h5>\n<h5><a href=\"https:\/\/vrapiweeks.com\/es\/areas-de-practica\/proceso-consular\/\">Proceso Consular<\/a><\/h5>\n<h5><a href=\"https:\/\/vrapiweeks.com\/es\/areas-de-practica\/familia-e-individuos\/naturalizacion-y-ciudadania\/\">Naturalizaci\u00f3n y Ciudadan\u00eda<\/a><\/h5>\n<h5><a href=\"https:\/\/vrapiweeks.com\/es\/areas-de-practica\/familia-e-individuos\/residencia-permanente-tarjeta-verde\/\">Residencia Permanente<\/a><\/h5>\n<h5><a href=\"https:\/\/vrapiweeks.com\/es\/areas-de-practica\/familia-e-individuos\/victimas-de-crimen\/\">V\u00edctimas de Crimen<\/a><\/h5>\n<h5><a href=\"ttps:\/\/vrapiweeks.com\/es\/areas-de-practica\/familia-e-individuos\/perdones\/\">Perdones<\/a><\/h5>\n<h5><a href=\"https:\/\/vrapiweeks.com\/es\/areas-de-practica\/familia-e-individuos\/permisos-de-trabajo\/\">Permisos de Trabajo<\/a><\/h5>\n<h5><a href=\"https:\/\/vrapiweeks.com\/es\/areas-de-practica\/familia-e-individuos\/otros-servicios-familia-e-individual\/\">Otros Servicios<\/a><\/h5>\n<\/div>\n<\/div>\n<div class=\"prtc-rgt-lft-cnt\">\n<h5>Servicios Migratorios de Familias e Individuos<\/h5>\n<div class=\"prc-hvr\"><a href=\"https:\/\/vrapiweeks.com\/es\/areas-de-practica\/familia-e-individuos\/\">Servicios Migratorios de Familias e Individuos<\/a><\/div>\n<\/div>\n<\/div>\n<div class=\"prtc-rgt-lft\">\n<div class=\"prtc-rgt-lft-img\">\n<div class=\"prtc-rgt-lftimg\"><img decoding=\"async\" src=\"https:\/\/vrapiweeks.com\/wp-content\/uploads\/2025\/05\/Blank-545-x-505.png\" alt=\"practicearea-img\" title=\"\"><\/div>\n<div class=\"prtc-rgt-lft-img-cnt\">\n<h5 data-start=\"44\" data-end=\"66\"><a href=\"https:\/\/vrapiweeks.com\/es\/areas-de-practica\/ajuste-de-estatus\/\">Ajuste de Estatus<\/a><\/h5>\n<h5 data-start=\"170\" data-end=\"219\"><a href=\"https:\/\/vrapiweeks.com\/es\/areas-de-practica\/proceso-consular\/\">Proceso Consular<\/a><\/h5>\n<h5 data-start=\"234\" data-end=\"253\"><a href=\"https:\/\/vrapiweeks.com\/es\/areas-de-practica\/negocios-y-empleo\/visas-h-1b\/\">Visas H-1B<\/a><\/h5>\n<h5 data-start=\"104\" data-end=\"130\"><a href=\"https:\/\/vrapiweeks.com\/es\/areas-de-practica\/negocios-y-empleo\/profesionales-de-la-salud\/\">Profesionales de la Salud<\/a><\/h5>\n<h5 data-start=\"134\" data-end=\"166\"><a href=\"https:\/\/vrapiweeks.com\/es\/areas-de-practica\/negocios-y-empleo\/profesionales-de-educacion-superior-e-instituciones-educativas\/\">Profesionales de Educaci\u00f3n Superior e Instituciones Educativas<\/a><\/h5>\n<h5 data-start=\"234\" data-end=\"253\"><a href=\"https:\/\/vrapiweeks.com\/es\/areas-de-practica\/negocios-y-empleo\/contratacion-internacional-y-consejos-de-pre-contratacion\/\">Contrataci\u00f3n Internacional y Consejos de Pre-Contrataci\u00f3n<\/a><\/h5>\n<h5 data-start=\"70\" data-end=\"91\"><a href=\"https:\/\/vrapiweeks.com\/es\/areas-de-practica\/negocios-y-empleo\/residencia-permanente\/\">Residencia Permanente<\/a><\/h5>\n<h5 data-start=\"95\" data-end=\"100\"><a href=\"https:\/\/vrapiweeks.com\/es\/areas-de-practica\/negocios-y-empleo\/otros-servicios-negocios\/\">Otros Servicios<\/a><\/h5>\n<\/div>\n<\/div>\n<div class=\"prtc-rgt-lft-cnt\">\n<h5>Servicios Migratorios de Negocios y Empleo<\/h5>\n<div class=\"prc-hvr\"><a href=\"https:\/\/vrapiweeks.com\/es\/areas-de-practica\/negocios-y-empleo\/\">Servicios Migratorios de Negocios y Empleo<\/a><\/div>\n<\/div>\n<\/div>\n<\/div>\n","protected":false},"excerpt":{"rendered":"<p>Ajuste de Estatus Proceso Consular Naturalizaci\u00f3n y Ciudadan\u00eda Residencia Permanente V\u00edctimas de Crimen Perdones Permisos de Trabajo Otros Servicios Servicios Migratorios de Familias e Individuos Servicios Migratorios de Familias e Individuos Ajuste de Estatus Proceso Consular Visas H-1B Profesionales de la Salud Profesionales de Educaci\u00f3n Superior e Instituciones Educativas Contrataci\u00f3n Internacional y Consejos de Pre-Contrataci\u00f3n [&hellip;]<\/p>\n","protected":false},"author":47,"featured_media":9394,"parent":0,"menu_order":0,"comment_status":"closed","ping_status":"closed","template":"templates\/practice-preas-page.php","meta":{"_acf_changed":false,"_oasis_is_in_workflow":0,"_oasis_original":0,"_oasis_task_priority":"","ocean_post_layout":"","ocean_both_sidebars_style":"","ocean_both_sidebars_content_width":0,"ocean_both_sidebars_sidebars_width":0,"ocean_sidebar":"","ocean_second_sidebar":"","ocean_disable_margins":"enable","ocean_add_body_class":"","ocean_shortcode_before_top_bar":"","ocean_shortcode_after_top_bar":"","ocean_shortcode_before_header":"","ocean_shortcode_after_header":"","ocean_has_shortcode":"","ocean_shortcode_after_title":"","ocean_shortcode_before_footer_widgets":"","ocean_shortcode_after_footer_widgets":"","ocean_shortcode_before_footer_bottom":"","ocean_shortcode_after_footer_bottom":"","ocean_display_top_bar":"default","ocean_display_header":"default","ocean_header_style":"","ocean_center_header_left_menu":"","ocean_custom_header_template":"","ocean_custom_logo":0,"ocean_custom_retina_logo":0,"ocean_custom_logo_max_width":0,"ocean_custom_logo_tablet_max_width":0,"ocean_custom_logo_mobile_max_width":0,"ocean_custom_logo_max_height":0,"ocean_custom_logo_tablet_max_height":0,"ocean_custom_logo_mobile_max_height":0,"ocean_header_custom_menu":"","ocean_menu_typo_font_family":"","ocean_menu_typo_font_subset":"","ocean_menu_typo_font_size":0,"ocean_menu_typo_font_size_tablet":0,"ocean_menu_typo_font_size_mobile":0,"ocean_menu_typo_font_size_unit":"px","ocean_menu_typo_font_weight":"","ocean_menu_typo_font_weight_tablet":"","ocean_menu_typo_font_weight_mobile":"","ocean_menu_typo_transform":"","ocean_menu_typo_transform_tablet":"","ocean_menu_typo_transform_mobile":"","ocean_menu_typo_line_height":0,"ocean_menu_typo_line_height_tablet":0,"ocean_menu_typo_line_height_mobile":0,"ocean_menu_typo_line_height_unit":"","ocean_menu_typo_spacing":0,"ocean_menu_typo_spacing_tablet":0,"ocean_menu_typo_spacing_mobile":0,"ocean_menu_typo_spacing_unit":"","ocean_menu_link_color":"","ocean_menu_link_color_hover":"","ocean_menu_link_color_active":"","ocean_menu_link_background":"","ocean_menu_link_hover_background":"","ocean_menu_link_active_background":"","ocean_menu_social_links_bg":"","ocean_menu_social_hover_links_bg":"","ocean_menu_social_links_color":"","ocean_menu_social_hover_links_color":"","ocean_disable_title":"default","ocean_disable_heading":"default","ocean_post_title":"","ocean_post_subheading":"","ocean_post_title_style":"","ocean_post_title_background_color":"","ocean_post_title_background":0,"ocean_post_title_bg_image_position":"","ocean_post_title_bg_image_attachment":"","ocean_post_title_bg_image_repeat":"","ocean_post_title_bg_image_size":"","ocean_post_title_height":0,"ocean_post_title_bg_overlay":0.5,"ocean_post_title_bg_overlay_color":"","ocean_disable_breadcrumbs":"default","ocean_breadcrumbs_color":"","ocean_breadcrumbs_separator_color":"","ocean_breadcrumbs_links_color":"","ocean_breadcrumbs_links_hover_color":"","ocean_display_footer_widgets":"default","ocean_display_footer_bottom":"default","ocean_custom_footer_template":"","footnotes":""},"class_list":["post-6042","page","type-page","status-publish","has-post-thumbnail","hentry","entry","has-media"],"acf":[],"_links":{"self":[{"href":"https:\/\/vrapiweeks.com\/es\/wp-json\/wp\/v2\/pages\/6042","targetHints":{"allow":["GET"]}}],"collection":[{"href":"https:\/\/vrapiweeks.com\/es\/wp-json\/wp\/v2\/pages"}],"about":[{"href":"https:\/\/vrapiweeks.com\/es\/wp-json\/wp\/v2\/types\/page"}],"author":[{"embeddable":true,"href":"https:\/\/vrapiweeks.com\/es\/wp-json\/wp\/v2\/users\/47"}],"replies":[{"embeddable":true,"href":"https:\/\/vrapiweeks.com\/es\/wp-json\/wp\/v2\/comments?post=6042"}],"version-history":[{"count":20,"href":"https:\/\/vrapiweeks.com\/es\/wp-json\/wp\/v2\/pages\/6042\/revisions"}],"predecessor-version":[{"id":9208,"href":"https:\/\/vrapiweeks.com\/es\/wp-json\/wp\/v2\/pages\/6042\/revisions\/9208"}],"wp:featuredmedia":[{"embeddable":true,"href":"https:\/\/vrapiweeks.com\/es\/wp-json\/wp\/v2\/media\/9394"}],"wp:attachment":[{"href":"https:\/\/vrapiweeks.com\/es\/wp-json\/wp\/v2\/media?parent=6042"}],"curies":[{"name":"wp","href":"https:\/\/api.w.org\/{rel}","templated":true}]}}