{"id":6046,"date":"2025-04-28T10:49:22","date_gmt":"2025-04-28T15:49:22","guid":{"rendered":"https:\/\/vrapiweeks.com\/?page_id=6046"},"modified":"2025-10-02T13:34:42","modified_gmt":"2025-10-02T18:34:42","slug":"contratacion-internacional-y-consejos-de-pre-contratacion","status":"publish","type":"page","link":"https:\/\/vrapiweeks.com\/es\/areas-de-practica\/negocios-y-empleo\/contratacion-internacional-y-consejos-de-pre-contratacion\/","title":{"rendered":"Contrataci\u00f3n Internacional y Consejos de Pre-Contrataci\u00f3n"},"content":{"rendered":"<h1>Asesoramiento internacional de contrataci\u00f3n y precontrataci\u00f3n en Nuevo M\u00e9xico<\/h1>\n<p>Encontraste un gran candidato para tu organizaci\u00f3n, pero este te informa que necesitar\u00e1 un patrocinio de <a href=\"https:\/\/vrapiweeks.com\/es\/areas-de-practica\/negocios-y-empleo\/visas-h-1b\/\">visa<\/a>. No sabes donde comenzar. Nosotros te podemos ayudar. Aconsejamos empleadores en decisiones de pre-contrataci\u00f3n para dar a ambos, el empleador y el candidato, un resumen completo del proceso. Esta planificaci\u00f3n de pre-contrataci\u00f3n ayuda a contratar nuevos <a href=\"https:\/\/vrapiweeks.com\/es\/areas-de-practica\/negocios-y-empleo\/\">empleados<\/a> sin demora y establece expectativas razonables para todos los interesados del principio de la relaci\u00f3n.<\/p>\n<p>Mucho de lo que puede y no puede hacer un empleador para solicitar por un empleado extranjero depende en el <a href=\"https:\/\/vrapiweeks.com\/es\/areas-de-practica\/ajuste-de-estatus\/\">estatus<\/a> y historia de inmigraci\u00f3n del individuo. No todos los extranjeros est\u00e1n situados en la misma manera. Nosotros evaluamos a fondo la situaci\u00f3n de inmigraci\u00f3n del candidato para que ambos partidos planeen por consiguiente.<\/p>\n<h2>\u00bfTienes preguntas?<\/h2>\n<p>Nuestros abogados expertos en tramites migratorios te pueden ofrecer un estudio completo de inmigraci\u00f3n para que puedas tomar buenas decisiones.<\/p>\n","protected":false},"excerpt":{"rendered":"<p>Asesoramiento internacional de contrataci\u00f3n y precontrataci\u00f3n en Nuevo M\u00e9xico Encontraste un gran candidato para tu organizaci\u00f3n, pero este te informa que necesitar\u00e1 un patrocinio de visa. No sabes donde comenzar. Nosotros te podemos ayudar. Aconsejamos empleadores en decisiones de pre-contrataci\u00f3n para dar a ambos, el empleador y el candidato, un resumen completo del proceso. Esta [&hellip;]<\/p>\n","protected":false},"author":1,"featured_media":9406,"parent":6351,"menu_order":0,"comment_status":"closed","ping_status":"closed","template":"","meta":{"_acf_changed":false,"_oasis_is_in_workflow":0,"_oasis_original":0,"_oasis_task_priority":"","ocean_post_layout":"","ocean_both_sidebars_style":"","ocean_both_sidebars_content_width":0,"ocean_both_sidebars_sidebars_width":0,"ocean_sidebar":"","ocean_second_sidebar":"","ocean_disable_margins":"enable","ocean_add_body_class":"","ocean_shortcode_before_top_bar":"","ocean_shortcode_after_top_bar":"","ocean_shortcode_before_header":"","ocean_shortcode_after_header":"","ocean_has_shortcode":"","ocean_shortcode_after_title":"","ocean_shortcode_before_footer_widgets":"","ocean_shortcode_after_footer_widgets":"","ocean_shortcode_before_footer_bottom":"","ocean_shortcode_after_footer_bottom":"","ocean_display_top_bar":"default","ocean_display_header":"default","ocean_header_style":"","ocean_center_header_left_menu":"","ocean_custom_header_template":"","ocean_custom_logo":0,"ocean_custom_retina_logo":0,"ocean_custom_logo_max_width":0,"ocean_custom_logo_tablet_max_width":0,"ocean_custom_logo_mobile_max_width":0,"ocean_custom_logo_max_height":0,"ocean_custom_logo_tablet_max_height":0,"ocean_custom_logo_mobile_max_height":0,"ocean_header_custom_menu":"","ocean_menu_typo_font_family":"","ocean_menu_typo_font_subset":"","ocean_menu_typo_font_size":0,"ocean_menu_typo_font_size_tablet":0,"ocean_menu_typo_font_size_mobile":0,"ocean_menu_typo_font_size_unit":"px","ocean_menu_typo_font_weight":"","ocean_menu_typo_font_weight_tablet":"","ocean_menu_typo_font_weight_mobile":"","ocean_menu_typo_transform":"","ocean_menu_typo_transform_tablet":"","ocean_menu_typo_transform_mobile":"","ocean_menu_typo_line_height":0,"ocean_menu_typo_line_height_tablet":0,"ocean_menu_typo_line_height_mobile":0,"ocean_menu_typo_line_height_unit":"","ocean_menu_typo_spacing":0,"ocean_menu_typo_spacing_tablet":0,"ocean_menu_typo_spacing_mobile":0,"ocean_menu_typo_spacing_unit":"","ocean_menu_link_color":"","ocean_menu_link_color_hover":"","ocean_menu_link_color_active":"","ocean_menu_link_background":"","ocean_menu_link_hover_background":"","ocean_menu_link_active_background":"","ocean_menu_social_links_bg":"","ocean_menu_social_hover_links_bg":"","ocean_menu_social_links_color":"","ocean_menu_social_hover_links_color":"","ocean_disable_title":"default","ocean_disable_heading":"default","ocean_post_title":"","ocean_post_subheading":"","ocean_post_title_style":"","ocean_post_title_background_color":"","ocean_post_title_background":0,"ocean_post_title_bg_image_position":"","ocean_post_title_bg_image_attachment":"","ocean_post_title_bg_image_repeat":"","ocean_post_title_bg_image_size":"","ocean_post_title_height":0,"ocean_post_title_bg_overlay":0.5,"ocean_post_title_bg_overlay_color":"","ocean_disable_breadcrumbs":"default","ocean_breadcrumbs_color":"","ocean_breadcrumbs_separator_color":"","ocean_breadcrumbs_links_color":"","ocean_breadcrumbs_links_hover_color":"","ocean_display_footer_widgets":"default","ocean_display_footer_bottom":"default","ocean_custom_footer_template":"","footnotes":""},"class_list":["post-6046","page","type-page","status-publish","has-post-thumbnail","hentry","entry","has-media"],"acf":[],"_links":{"self":[{"href":"https:\/\/vrapiweeks.com\/es\/wp-json\/wp\/v2\/pages\/6046","targetHints":{"allow":["GET"]}}],"collection":[{"href":"https:\/\/vrapiweeks.com\/es\/wp-json\/wp\/v2\/pages"}],"about":[{"href":"https:\/\/vrapiweeks.com\/es\/wp-json\/wp\/v2\/types\/page"}],"author":[{"embeddable":true,"href":"https:\/\/vrapiweeks.com\/es\/wp-json\/wp\/v2\/users\/1"}],"replies":[{"embeddable":true,"href":"https:\/\/vrapiweeks.com\/es\/wp-json\/wp\/v2\/comments?post=6046"}],"version-history":[{"count":5,"href":"https:\/\/vrapiweeks.com\/es\/wp-json\/wp\/v2\/pages\/6046\/revisions"}],"predecessor-version":[{"id":9236,"href":"https:\/\/vrapiweeks.com\/es\/wp-json\/wp\/v2\/pages\/6046\/revisions\/9236"}],"up":[{"embeddable":true,"href":"https:\/\/vrapiweeks.com\/es\/wp-json\/wp\/v2\/pages\/6351"}],"wp:featuredmedia":[{"embeddable":true,"href":"https:\/\/vrapiweeks.com\/es\/wp-json\/wp\/v2\/media\/9406"}],"wp:attachment":[{"href":"https:\/\/vrapiweeks.com\/es\/wp-json\/wp\/v2\/media?parent=6046"}],"curies":[{"name":"wp","href":"https:\/\/api.w.org\/{rel}","templated":true}]}}