{"id":6054,"date":"2025-04-28T11:25:33","date_gmt":"2025-04-28T16:25:33","guid":{"rendered":"https:\/\/vrapiweeks.com\/?page_id=6054"},"modified":"2025-10-07T04:50:37","modified_gmt":"2025-10-07T09:50:37","slug":"profesionales-de-la-salud","status":"publish","type":"page","link":"https:\/\/vrapiweeks.com\/es\/areas-de-practica\/negocios-y-empleo\/profesionales-de-la-salud\/","title":{"rendered":"Profesionales de la Salud"},"content":{"rendered":"<h1>Abogados de inmigraci\u00f3n de Nuevo M\u00e9xico para profesionales de la salud<\/h1>\n<p>La Asociaci\u00f3n de Colegios Americanos M\u00e9dicos estima que los Estados Unidos tendr\u00e1 una escasez de hasta 120,000 m\u00e9dicos para el 2030. Adem\u00e1s, seg\u00fan la Oficina de Estad\u00edsticas Laborales de los EE. UU., se proyectan m\u00e1s de 193,000 vacantes para enfermeras tituladas cada a\u00f1o hasta 2032 debido a la rotaci\u00f3n de personal y al creciente envejecimiento de la poblaci\u00f3n, que incrementa la demanda de servicios de salud. Las organizaciones de atenci\u00f3n m\u00e9dica son muy conscientes de la escasez de profesionales de la salud, ya que incluso hoy en d\u00eda es muy dif\u00edcil reclutar m\u00e9dicos, enfermeras y otros proveedores de atenci\u00f3n m\u00e9dica. Si tu organizaci\u00f3n busca contratar a un m\u00e9dico, enfermera u otro proveedor de atenci\u00f3n m\u00e9dica extranjero, Vrapi Weeks puede ayudar con cada paso del proceso, desde el proceso de perd\u00f3n J-1 Conrad 30 o el perd\u00f3n J-1 HHS para m\u00e9dicos, hasta las <a href=\"https:\/\/vrapiweeks.com\/es\/areas-de-practica\/negocios-y-empleo\/visas-h-1b\/\">H-1B<\/a> y <a href=\"https:\/\/vrapiweeks.com\/es\/areas-de-practica\/negocios-y-empleo\/residencia-permanente\/\">la residencia permanente<\/a>, incluyendo orientaci\u00f3n sobre el proceso simplificado de petici\u00f3n del Formulario A I-140 para enfermeras y fisioterapeutas.<\/p>\n<p>Trabajamos con muchas organizaciones de atenci\u00f3n m\u00e9dica, grandes y peque\u00f1as, para atender sus necesidades migratorias para que los ejecutivos y los m\u00e9dicos puedan concentrarse en mantener nuestras comunidades saludables y no tengan que preocuparse por reglas de inmigraci\u00f3n arbitrarias.<\/p>\n<h2>Opciones de Inmigraci\u00f3n EE. UU. para Profesionales de la Salud<\/h2>\n<p>El proceso migratorio para profesionales de la salud implica explorar diversas opciones y requisitos de visa para garantizar el cumplimiento de las leyes de inmigraci\u00f3n estadounidenses. Para los m\u00e9dicos extranjeros, esto suele comenzar obteniendo una visa J-1, que permite la formaci\u00f3n m\u00e9dica en los Estados Unidos bajo condiciones espec\u00edficas. Muchos m\u00e9dicos luego solicitan un perd\u00f3n J-1 Conrad 30 o un perd\u00f3n J-1 del HHS para permanecer en los Estados Unidos trabajando en \u00e1reas designadas como medicamente desatendidas. A partir de ah\u00ed, la transici\u00f3n a una visa H-1B es una v\u00eda com\u00fan, lo que permite el empleo como profesional especializado. Finalmente, muchos profesionales m\u00e9dicos buscan la residencia permanente a trav\u00e9s del patrocinio de sus empleadores u otros programas de inmigraci\u00f3n. Los enfermeros y fisioterapeutas pueden acceder a un proceso simplificado para obtener la residencia permanente legal mediante peticiones del Formulario A I-140. Cada paso del proceso requiere una atenci\u00f3n cuidadosa al detalle, un estricto cumplimiento de los plazos gubernamentales y una documentaci\u00f3n completa, lo que hace que la orientaci\u00f3n experta sea invaluable para un resultado exitoso.<\/p>\n<h2>\u00bfC\u00f3mo Puede Ayudar Vrapi Weeks?<\/h2>\n<p>En <a href=\"https:\/\/vrapiweeks.com\/es\/sobre-nosotros\/\">Vrapi Weeks<\/a> comprendemos los desaf\u00edos \u00fanicos que enfrentan las organizaciones m\u00e9dicas al navegar por el complejo sistema de inmigraci\u00f3n estadounidense. Por eso, ofrecemos asesor\u00eda estrat\u00e9gica y un amplio conocimiento de los procesos de inmigraci\u00f3n espec\u00edficos para profesionales m\u00e9dicos, para ayudarles a obtener las visas y opciones de empleo adecuadas de manera oportuna y eficiente.<\/p>\n<p><a href=\"https:\/\/vrapiweeks.com\/es\/our-team\/\">Nuestro equipo<\/a> trabaja muy cerca con organizaciones m\u00e9dicas para determinar la mejor estrategia de inmigraci\u00f3n seg\u00fan tus necesidades espec\u00edficas, ya sea para obtener un perd\u00f3n J-1, una visa H-1B o solicitar la residencia permanente para un m\u00e9dico, enfermero u otro profesional medico extranjero. Nos encargamos de todos los aspectos del proceso, desde la recopilaci\u00f3n de la documentaci\u00f3n necesaria hasta la presentaci\u00f3n de peticiones y el asesoramiento a empleadores y empleados en cada etapa. Vrapi Weeks se dedica a atender las necesidades de inmigraci\u00f3n para que las organizaciones y los profesionales m\u00e9dicos puedan enfocarse en sus organizaciones y en servir a sus comunidades.<\/p>\n<h2>\u00bfPor qu\u00e9 Escoger a Vrapi Weeks?<\/h2>\n<p>Vrapi Weeks cuenta con un equipo dedicado para ayudar a organizaciones de atenci\u00f3n m\u00e9dica, m\u00e9dicos, enfermeras y otros profesionales de la salud extranjeros con el complejo proceso de inmigraci\u00f3n. Nuestra amplia experiencia en manejar casos migratorios para profesionales de la salud nos ha permitido comprender a fondo los desaf\u00edos y requisitos que implica. La puntualidad y la precisi\u00f3n de los tr\u00e1mites son fundamentales para el mantenimiento ininterrumpido de la autorizaci\u00f3n de trabajo de los profesionales m\u00e9dicos, y trabajamos estrechamente con empleadores y empleados para garantizar que se tomen todas las medidas necesarias de forma eficiente y eficaz. Entendemos que las organizaciones y los profesionales de atenci\u00f3n m\u00e9dica tienen poco tiempo para dedicarse a asuntos de inmigraci\u00f3n, por lo que guiamos a empleadores y empleados en todas las etapas del proceso migratorio para que puedan enfocarse en atender las necesidades de atenci\u00f3n m\u00e9dica en nuestras comunidades.<\/p>\n<p>Nuestros abogados profesionales se dedican a apoyar a profesionales y organizaciones de atenci\u00f3n m\u00e9dica, brind\u00e1ndoles atenci\u00f3n personalizada y orientaci\u00f3n durante todo el proceso de inmigraci\u00f3n. Con nuestra ayuda, puedes estar seguro de que tu organizaci\u00f3n m\u00e9dica podr\u00e1 reclutar y retener a los mejores m\u00e9dicos, enfermeros y otros profesionales de la salud extranjeros, garantizando as\u00ed la prestaci\u00f3n continua de atenci\u00f3n m\u00e9dica de calidad a las comunidades de todo Estados Unidos.<\/p>\n<h2>Programa una Consulta<\/h2>\n<p>Ante la continua escasez de personal m\u00e9dico y el panorama migratorio en constante evoluci\u00f3n, es fundamental que las organizaciones de atenci\u00f3n m\u00e9dica cuenten con un socio de confianza como Vrapi Weeks para manejar el complejo proceso de contrataci\u00f3n de m\u00e9dicos, enfermeras y otros profesionales de la salud extranjeros. Nuestra experiencia en esta \u00e1rea nos permite aliviar cualquier inquietud o superar cualquier obst\u00e1culo que pueda surgir, permitiendo que tanto las organizaciones como los m\u00e9dicos se enfoquen en lo importante: brindar servicios m\u00e9dicos de calidad. <a href=\"https:\/\/vrapiweeks.com\/es\/pide-una-consulta\/\">Programa una consulta<\/a> o ll\u00e1manos hoy mismo para obtener m\u00e1s informaci\u00f3n.<\/p>\n","protected":false},"excerpt":{"rendered":"<p>Abogados de inmigraci\u00f3n de Nuevo M\u00e9xico para profesionales de la salud La Asociaci\u00f3n de Colegios Americanos M\u00e9dicos estima que los Estados Unidos tendr\u00e1 una escasez de hasta 120,000 m\u00e9dicos para el 2030. Adem\u00e1s, seg\u00fan la Oficina de Estad\u00edsticas Laborales de los EE. UU., se proyectan m\u00e1s de 193,000 vacantes para enfermeras tituladas cada a\u00f1o hasta [&hellip;]<\/p>\n","protected":false},"author":1,"featured_media":9402,"parent":6351,"menu_order":0,"comment_status":"closed","ping_status":"closed","template":"","meta":{"_acf_changed":false,"_oasis_is_in_workflow":0,"_oasis_original":0,"_oasis_task_priority":"","ocean_post_layout":"","ocean_both_sidebars_style":"","ocean_both_sidebars_content_width":0,"ocean_both_sidebars_sidebars_width":0,"ocean_sidebar":"","ocean_second_sidebar":"","ocean_disable_margins":"enable","ocean_add_body_class":"","ocean_shortcode_before_top_bar":"","ocean_shortcode_after_top_bar":"","ocean_shortcode_before_header":"","ocean_shortcode_after_header":"","ocean_has_shortcode":"","ocean_shortcode_after_title":"","ocean_shortcode_before_footer_widgets":"","ocean_shortcode_after_footer_widgets":"","ocean_shortcode_before_footer_bottom":"","ocean_shortcode_after_footer_bottom":"","ocean_display_top_bar":"default","ocean_display_header":"default","ocean_header_style":"","ocean_center_header_left_menu":"","ocean_custom_header_template":"","ocean_custom_logo":0,"ocean_custom_retina_logo":0,"ocean_custom_logo_max_width":0,"ocean_custom_logo_tablet_max_width":0,"ocean_custom_logo_mobile_max_width":0,"ocean_custom_logo_max_height":0,"ocean_custom_logo_tablet_max_height":0,"ocean_custom_logo_mobile_max_height":0,"ocean_header_custom_menu":"","ocean_menu_typo_font_family":"","ocean_menu_typo_font_subset":"","ocean_menu_typo_font_size":0,"ocean_menu_typo_font_size_tablet":0,"ocean_menu_typo_font_size_mobile":0,"ocean_menu_typo_font_size_unit":"px","ocean_menu_typo_font_weight":"","ocean_menu_typo_font_weight_tablet":"","ocean_menu_typo_font_weight_mobile":"","ocean_menu_typo_transform":"","ocean_menu_typo_transform_tablet":"","ocean_menu_typo_transform_mobile":"","ocean_menu_typo_line_height":0,"ocean_menu_typo_line_height_tablet":0,"ocean_menu_typo_line_height_mobile":0,"ocean_menu_typo_line_height_unit":"","ocean_menu_typo_spacing":0,"ocean_menu_typo_spacing_tablet":0,"ocean_menu_typo_spacing_mobile":0,"ocean_menu_typo_spacing_unit":"","ocean_menu_link_color":"","ocean_menu_link_color_hover":"","ocean_menu_link_color_active":"","ocean_menu_link_background":"","ocean_menu_link_hover_background":"","ocean_menu_link_active_background":"","ocean_menu_social_links_bg":"","ocean_menu_social_hover_links_bg":"","ocean_menu_social_links_color":"","ocean_menu_social_hover_links_color":"","ocean_disable_title":"default","ocean_disable_heading":"default","ocean_post_title":"","ocean_post_subheading":"","ocean_post_title_style":"","ocean_post_title_background_color":"","ocean_post_title_background":0,"ocean_post_title_bg_image_position":"","ocean_post_title_bg_image_attachment":"","ocean_post_title_bg_image_repeat":"","ocean_post_title_bg_image_size":"","ocean_post_title_height":0,"ocean_post_title_bg_overlay":0.5,"ocean_post_title_bg_overlay_color":"","ocean_disable_breadcrumbs":"default","ocean_breadcrumbs_color":"","ocean_breadcrumbs_separator_color":"","ocean_breadcrumbs_links_color":"","ocean_breadcrumbs_links_hover_color":"","ocean_display_footer_widgets":"default","ocean_display_footer_bottom":"default","ocean_custom_footer_template":"","footnotes":""},"class_list":["post-6054","page","type-page","status-publish","has-post-thumbnail","hentry","entry","has-media"],"acf":[],"_links":{"self":[{"href":"https:\/\/vrapiweeks.com\/es\/wp-json\/wp\/v2\/pages\/6054","targetHints":{"allow":["GET"]}}],"collection":[{"href":"https:\/\/vrapiweeks.com\/es\/wp-json\/wp\/v2\/pages"}],"about":[{"href":"https:\/\/vrapiweeks.com\/es\/wp-json\/wp\/v2\/types\/page"}],"author":[{"embeddable":true,"href":"https:\/\/vrapiweeks.com\/es\/wp-json\/wp\/v2\/users\/1"}],"replies":[{"embeddable":true,"href":"https:\/\/vrapiweeks.com\/es\/wp-json\/wp\/v2\/comments?post=6054"}],"version-history":[{"count":9,"href":"https:\/\/vrapiweeks.com\/es\/wp-json\/wp\/v2\/pages\/6054\/revisions"}],"predecessor-version":[{"id":9299,"href":"https:\/\/vrapiweeks.com\/es\/wp-json\/wp\/v2\/pages\/6054\/revisions\/9299"}],"up":[{"embeddable":true,"href":"https:\/\/vrapiweeks.com\/es\/wp-json\/wp\/v2\/pages\/6351"}],"wp:featuredmedia":[{"embeddable":true,"href":"https:\/\/vrapiweeks.com\/es\/wp-json\/wp\/v2\/media\/9402"}],"wp:attachment":[{"href":"https:\/\/vrapiweeks.com\/es\/wp-json\/wp\/v2\/media?parent=6054"}],"curies":[{"name":"wp","href":"https:\/\/api.w.org\/{rel}","templated":true}]}}