{"id":6062,"date":"2025-04-28T10:31:46","date_gmt":"2025-04-28T15:31:46","guid":{"rendered":"https:\/\/vrapiweeks.com\/?page_id=6062"},"modified":"2025-10-02T12:48:48","modified_gmt":"2025-10-02T17:48:48","slug":"permisos-de-trabajo","status":"publish","type":"page","link":"https:\/\/vrapiweeks.com\/es\/areas-de-practica\/familia-e-individuos\/permisos-de-trabajo\/","title":{"rendered":"Permisos de Trabajo"},"content":{"rendered":"<h1>Abogados de permisos de trabajo en Nuevo M\u00e9xico<\/h1>\n<p>Hay muchos tipos de permisos de trabajo. Algunos tipos com\u00fanes dependen de solicitudes de <a href=\"https:\/\/vrapiweeks.com\/es\/areas-de-practica\/familia-e-individuos\/residencia-permanente-tarjeta-verde\/\">residencia permanente<\/a>, Visas U para <a href=\"https:\/\/vrapiweeks.com\/es\/areas-de-practica\/familia-e-individuos\/victimas-de-crimen\/\">v\u00edctimas de cr\u00edmenes<\/a>, y peticiones VAWA. Nuestros abogados expertos trabajar\u00e1n contigo para determinar tus opciones para solicitar un permiso de trabajo y cualquier otro beneficio migratorio para el cual seas eligible. Nos haremos cargo de cada paso del proceso para obtener tu permiso de trabajo para que tu enfoque sea planear el futuro de tu familia y carrera, sin preocupaciones de barreras de inmigraci\u00f3n.<\/p>\n<h2>Nuestro Proceso<\/h2>\n<ul>\n<li>Programa una consulta en la cual haremos un plan para buscar la mejor opci\u00f3n para obtener un permiso de trabajo.<\/li>\n<li>Nosotros prepararemos todos los tr\u00e1mites.<\/li>\n<li>Nosotros te prepararemos ampliamente para tu entrevista, si es necesaria, y as\u00ed aumentar la probabilidad de autorizaci\u00f3n.<\/li>\n<\/ul>\n<p>Estaremos contigo durante cada paso hasta que tengas tu permiso de trabajo.<\/p>\n<h2>Pide una consulta para tu permiso de trabajo<\/h2>\n<p><a href=\"https:\/\/vrapiweeks.com\/es\/contactanos\/\">Reunete con un abogado experto<\/a> para hacer un plan. Nosotros haremos el resto.<\/p>\n","protected":false},"excerpt":{"rendered":"<p>Abogados de permisos de trabajo en Nuevo M\u00e9xico Hay muchos tipos de permisos de trabajo. Algunos tipos com\u00fanes dependen de solicitudes de residencia permanente, Visas U para v\u00edctimas de cr\u00edmenes, y peticiones VAWA. Nuestros abogados expertos trabajar\u00e1n contigo para determinar tus opciones para solicitar un permiso de trabajo y cualquier otro beneficio migratorio para el [&hellip;]<\/p>\n","protected":false},"author":47,"featured_media":9423,"parent":6341,"menu_order":0,"comment_status":"closed","ping_status":"closed","template":"","meta":{"_acf_changed":false,"_oasis_is_in_workflow":0,"_oasis_original":0,"_oasis_task_priority":"","ocean_post_layout":"","ocean_both_sidebars_style":"","ocean_both_sidebars_content_width":0,"ocean_both_sidebars_sidebars_width":0,"ocean_sidebar":"","ocean_second_sidebar":"","ocean_disable_margins":"enable","ocean_add_body_class":"","ocean_shortcode_before_top_bar":"","ocean_shortcode_after_top_bar":"","ocean_shortcode_before_header":"","ocean_shortcode_after_header":"","ocean_has_shortcode":"","ocean_shortcode_after_title":"","ocean_shortcode_before_footer_widgets":"","ocean_shortcode_after_footer_widgets":"","ocean_shortcode_before_footer_bottom":"","ocean_shortcode_after_footer_bottom":"","ocean_display_top_bar":"default","ocean_display_header":"default","ocean_header_style":"","ocean_center_header_left_menu":"","ocean_custom_header_template":"","ocean_custom_logo":0,"ocean_custom_retina_logo":0,"ocean_custom_logo_max_width":0,"ocean_custom_logo_tablet_max_width":0,"ocean_custom_logo_mobile_max_width":0,"ocean_custom_logo_max_height":0,"ocean_custom_logo_tablet_max_height":0,"ocean_custom_logo_mobile_max_height":0,"ocean_header_custom_menu":"","ocean_menu_typo_font_family":"","ocean_menu_typo_font_subset":"","ocean_menu_typo_font_size":0,"ocean_menu_typo_font_size_tablet":0,"ocean_menu_typo_font_size_mobile":0,"ocean_menu_typo_font_size_unit":"px","ocean_menu_typo_font_weight":"","ocean_menu_typo_font_weight_tablet":"","ocean_menu_typo_font_weight_mobile":"","ocean_menu_typo_transform":"","ocean_menu_typo_transform_tablet":"","ocean_menu_typo_transform_mobile":"","ocean_menu_typo_line_height":0,"ocean_menu_typo_line_height_tablet":0,"ocean_menu_typo_line_height_mobile":0,"ocean_menu_typo_line_height_unit":"","ocean_menu_typo_spacing":0,"ocean_menu_typo_spacing_tablet":0,"ocean_menu_typo_spacing_mobile":0,"ocean_menu_typo_spacing_unit":"","ocean_menu_link_color":"","ocean_menu_link_color_hover":"","ocean_menu_link_color_active":"","ocean_menu_link_background":"","ocean_menu_link_hover_background":"","ocean_menu_link_active_background":"","ocean_menu_social_links_bg":"","ocean_menu_social_hover_links_bg":"","ocean_menu_social_links_color":"","ocean_menu_social_hover_links_color":"","ocean_disable_title":"default","ocean_disable_heading":"default","ocean_post_title":"","ocean_post_subheading":"","ocean_post_title_style":"","ocean_post_title_background_color":"","ocean_post_title_background":0,"ocean_post_title_bg_image_position":"","ocean_post_title_bg_image_attachment":"","ocean_post_title_bg_image_repeat":"","ocean_post_title_bg_image_size":"","ocean_post_title_height":0,"ocean_post_title_bg_overlay":0.5,"ocean_post_title_bg_overlay_color":"","ocean_disable_breadcrumbs":"default","ocean_breadcrumbs_color":"","ocean_breadcrumbs_separator_color":"","ocean_breadcrumbs_links_color":"","ocean_breadcrumbs_links_hover_color":"","ocean_display_footer_widgets":"default","ocean_display_footer_bottom":"default","ocean_custom_footer_template":"","footnotes":""},"class_list":["post-6062","page","type-page","status-publish","has-post-thumbnail","hentry","entry","has-media"],"acf":[],"_links":{"self":[{"href":"https:\/\/vrapiweeks.com\/es\/wp-json\/wp\/v2\/pages\/6062","targetHints":{"allow":["GET"]}}],"collection":[{"href":"https:\/\/vrapiweeks.com\/es\/wp-json\/wp\/v2\/pages"}],"about":[{"href":"https:\/\/vrapiweeks.com\/es\/wp-json\/wp\/v2\/types\/page"}],"author":[{"embeddable":true,"href":"https:\/\/vrapiweeks.com\/es\/wp-json\/wp\/v2\/users\/47"}],"replies":[{"embeddable":true,"href":"https:\/\/vrapiweeks.com\/es\/wp-json\/wp\/v2\/comments?post=6062"}],"version-history":[{"count":5,"href":"https:\/\/vrapiweeks.com\/es\/wp-json\/wp\/v2\/pages\/6062\/revisions"}],"predecessor-version":[{"id":9226,"href":"https:\/\/vrapiweeks.com\/es\/wp-json\/wp\/v2\/pages\/6062\/revisions\/9226"}],"up":[{"embeddable":true,"href":"https:\/\/vrapiweeks.com\/es\/wp-json\/wp\/v2\/pages\/6341"}],"wp:featuredmedia":[{"embeddable":true,"href":"https:\/\/vrapiweeks.com\/es\/wp-json\/wp\/v2\/media\/9423"}],"wp:attachment":[{"href":"https:\/\/vrapiweeks.com\/es\/wp-json\/wp\/v2\/media?parent=6062"}],"curies":[{"name":"wp","href":"https:\/\/api.w.org\/{rel}","templated":true}]}}