{"id":6069,"date":"2025-04-28T10:23:44","date_gmt":"2025-04-28T15:23:44","guid":{"rendered":"https:\/\/vrapiweeks.com\/?page_id=6069"},"modified":"2025-10-01T16:39:27","modified_gmt":"2025-10-01T21:39:27","slug":"profesionales-de-educacion-superior-e-instituciones-educativas","status":"publish","type":"page","link":"https:\/\/vrapiweeks.com\/es\/areas-de-practica\/negocios-y-empleo\/profesionales-de-educacion-superior-e-instituciones-educativas\/","title":{"rendered":"Profesionales de Educaci\u00f3n Superior e Instituciones Educativas"},"content":{"rendered":"<h1>Abogados de inmigraci\u00f3n de Nuevo M\u00e9xico para profesionales de la educaci\u00f3n superior<\/h1>\n<p>La gran mayor\u00eda de los estudiantes de posgrado estadounidenses en las \u00e1reas STEM son extranjeros, y estos individuos tambi\u00e9n representan un porcentaje considerable de los graduados en otras \u00e1reas. Las instituciones de educaci\u00f3n superior tienen una ventaja \u00fanica en el mercado laboral, ya que pueden solicitar visas H-1B sin estar sujetas al l\u00edmite num\u00e9rico. Esta ventaja hace que las universidades sean mucho m\u00e1s competitivas. De igual manera, las escuelas p\u00fablicas o las organizaciones sin fines de lucro afiliadas a una instituci\u00f3n de educaci\u00f3n superior tienen una enorme ventaja en el mercado laboral, ya que pueden solicitar <a href=\"https:\/\/vrapiweeks.com\/es\/areas-de-practica\/negocios-y-empleo\/visas-h-1b\/\">visas H-1B<\/a> ilimitadas.<\/p>\n<p>Vrapi Weeks cuenta con profesionales especializados en inmigraci\u00f3n de empleo que trabajan principalmente con instituciones de educaci\u00f3n superior y con profesores e investigadores acad\u00e9micos talentosos, para que los administradores y los comit\u00e9s de selecci\u00f3n puedan <a href=\"https:\/\/vrapiweeks.com\/es\/areas-de-practica\/negocios-y-empleo\/contratacion-internacional-y-consejos-de-pre-contratacion\/\">contratar y retener al mejor talento<\/a> sin tener que preocuparse por las barreras migratorias. Tambi\u00e9n contamos con equipos dedicados que trabajan con escuelas p\u00fablicas y organizaciones sin fines de lucro afiliadas a instituciones de educaci\u00f3n superior para obtener visas H-1B exentas del l\u00edmite y la residencia permanente legal. Entendemos y podemos adaptarnos a los procesos o requisitos internos para que el reclutamiento y la incorporaci\u00f3n de la facultad y el personal sean lo m\u00e1s sencillos posible. Tambi\u00e9n trabajamos directamente con investigadores acad\u00e9micos y profesionales talentosos en la presentaci\u00f3n de peticiones de perd\u00f3n por capacidad extraordinaria e inter\u00e9s nacional.<\/p>\n<h2>Opciones Migratorias para Contrataci\u00f3n en la Educaci\u00f3n Superior<\/h2>\n<p>Las instituciones de educaci\u00f3n superior que buscan contratar talento extranjero cuentan con diversas opciones migratorias dise\u00f1adas para facilitar la contrataci\u00f3n y retenci\u00f3n de profesionales internacionales. Las v\u00edas comunes incluyen visas H-1B para ocupaciones especializadas y opciones de <a href=\"https:\/\/vrapiweeks.com\/es\/areas-de-practica\/negocios-y-empleo\/residencia-permanente\/\">residencia permanente<\/a> como las categor\u00edas EB-1 o EB-2, incluyendo solicitudes PERM patrocinadas por empleadores y perdones por Inter\u00e9s Nacional (NIW). Estas soluciones migratorias se adaptan a las calificaciones \u00fanicas de la facultad, los investigadores acad\u00e9micos y el personal, a la vez que se alinean con las necesidades institucionales. Al aprovechar estas opciones, las universidades pueden asegurar talento excepcional, garantizando el cumplimiento de las reglas migratorias y fomentando un entorno diverso y din\u00e1mico.<\/p>\n<h2>Beneficios de Contratar Profesionales Extranjeros en la Educaci\u00f3n Superior<\/h2>\n<p>Reclutar y contratar profesionales extranjeros aporta numerosos beneficios a las instituciones de educaci\u00f3n superior. La mayor\u00eda de los graduados estadounidenses en \u00e1reas STEM son extranjeros, y es fundamental contratar a extranjeros para mantenerse competitivos en el mercado laboral estadounidense. Estas personas suelen aportar un conjunto diverso de habilidades y perspectivas que enriquecen la comunidad acad\u00e9mica. Al contratar extranjeros, las universidades pueden cubrir puestos de STEM y otras \u00e1reas para la facultad y el personal con el mejor talento del mundo.<\/p>\n<h2>\u00bfPor qu\u00e9 es Crucial Contar con la Ayuda de un Abogado con Experiencia?<\/h2>\n<p>Como profesional en la educaci\u00f3n superior, tu principal objetivo es atraer y retener al mejor talento en tu instituci\u00f3n. Esto puede ser una tarea dif\u00edcil, especialmente al lidiar con barreras migratorias que pueden impedir que personas talentosas nacidas en el extranjero se unan a tu equipo. Sin embargo, con la orientaci\u00f3n de los profesionales de inmigraci\u00f3n de empleo de Vrapi Weeks, puedes delegar tus necesidades migratorias a Vrapi Weeks para que puedas concentrarte en contratar a los mejores candidatos para tu instituci\u00f3n y atender las necesidades educativas de los estudiantes.<\/p>\n<p><a href=\"https:\/\/vrapiweeks.com\/es\/our-team\/\">Nuestro equipo en Vrapi Weeks<\/a> cuenta con una amplia experiencia trabajando con universidades y profesionales en la educaci\u00f3n superior, y comprendemos no solo las complejidades del proceso migratorio espec\u00edficos a los puestos de facultad y personal, sino tambi\u00e9n c\u00f3mo adaptarnos a las pol\u00edticas y procedimientos internos de las universidades y otras instituciones educativas. Con nuestro apoyo, las universidades, colegios y otras instituciones educativas pueden agilizar el proceso de contrataci\u00f3n e incorporaci\u00f3n, garantizando que toda la documentaci\u00f3n necesaria se presente de forma precisa y puntual. Tambi\u00e9n brindamos orientaci\u00f3n para mantener el cumplimiento de las regulaciones migratorias durante todo el per\u00edodo de empleo. Al contar con nuestra ayuda, las instituciones educativas pueden enfocarse en brindar una educaci\u00f3n de calidad y, al mismo tiempo, atraer talento internacional de primer nivel.<\/p>\n<h2>Programa una Consulta<\/h2>\n<p>Con las pol\u00edticas de inmigraci\u00f3n en constante cambio que afectan a universidades, colegios y escuelas, asociarse con Vrapi Weeks significa contar con un gu\u00eda experto que te ayudar\u00e1 a comprender las complejidades de los procesos migratorios por empleo para universidades y otras instituciones educativas. Podemos ayudarte a formar un equipo diverso y din\u00e1mico que enriquezca tu comunidad acad\u00e9mica e impulse la innovaci\u00f3n. Vrapi Weeks se encargar\u00e1 de tus necesidades migratorias para que tu puedas enfocarte en lo que realmente importa: cultivar el conocimiento, fomentar la excelencia y forjar el futuro. <a href=\"https:\/\/vrapiweeks.com\/es\/pide-una-consulta\/\">Programa una consulta<\/a> o ll\u00e1manos hoy mismo para obtener m\u00e1s informaci\u00f3n.<\/p>\n","protected":false},"excerpt":{"rendered":"<p>Abogados de inmigraci\u00f3n de Nuevo M\u00e9xico para profesionales de la educaci\u00f3n superior La gran mayor\u00eda de los estudiantes de posgrado estadounidenses en las \u00e1reas STEM son extranjeros, y estos individuos tambi\u00e9n representan un porcentaje considerable de los graduados en otras \u00e1reas. Las instituciones de educaci\u00f3n superior tienen una ventaja \u00fanica en el mercado laboral, ya [&hellip;]<\/p>\n","protected":false},"author":47,"featured_media":9408,"parent":6351,"menu_order":0,"comment_status":"closed","ping_status":"closed","template":"","meta":{"_acf_changed":false,"_oasis_is_in_workflow":0,"_oasis_original":0,"_oasis_task_priority":"","ocean_post_layout":"","ocean_both_sidebars_style":"","ocean_both_sidebars_content_width":0,"ocean_both_sidebars_sidebars_width":0,"ocean_sidebar":"","ocean_second_sidebar":"","ocean_disable_margins":"enable","ocean_add_body_class":"","ocean_shortcode_before_top_bar":"","ocean_shortcode_after_top_bar":"","ocean_shortcode_before_header":"","ocean_shortcode_after_header":"","ocean_has_shortcode":"","ocean_shortcode_after_title":"","ocean_shortcode_before_footer_widgets":"","ocean_shortcode_after_footer_widgets":"","ocean_shortcode_before_footer_bottom":"","ocean_shortcode_after_footer_bottom":"","ocean_display_top_bar":"default","ocean_display_header":"default","ocean_header_style":"","ocean_center_header_left_menu":"","ocean_custom_header_template":"","ocean_custom_logo":0,"ocean_custom_retina_logo":0,"ocean_custom_logo_max_width":0,"ocean_custom_logo_tablet_max_width":0,"ocean_custom_logo_mobile_max_width":0,"ocean_custom_logo_max_height":0,"ocean_custom_logo_tablet_max_height":0,"ocean_custom_logo_mobile_max_height":0,"ocean_header_custom_menu":"","ocean_menu_typo_font_family":"","ocean_menu_typo_font_subset":"","ocean_menu_typo_font_size":0,"ocean_menu_typo_font_size_tablet":0,"ocean_menu_typo_font_size_mobile":0,"ocean_menu_typo_font_size_unit":"px","ocean_menu_typo_font_weight":"","ocean_menu_typo_font_weight_tablet":"","ocean_menu_typo_font_weight_mobile":"","ocean_menu_typo_transform":"","ocean_menu_typo_transform_tablet":"","ocean_menu_typo_transform_mobile":"","ocean_menu_typo_line_height":0,"ocean_menu_typo_line_height_tablet":0,"ocean_menu_typo_line_height_mobile":0,"ocean_menu_typo_line_height_unit":"","ocean_menu_typo_spacing":0,"ocean_menu_typo_spacing_tablet":0,"ocean_menu_typo_spacing_mobile":0,"ocean_menu_typo_spacing_unit":"","ocean_menu_link_color":"","ocean_menu_link_color_hover":"","ocean_menu_link_color_active":"","ocean_menu_link_background":"","ocean_menu_link_hover_background":"","ocean_menu_link_active_background":"","ocean_menu_social_links_bg":"","ocean_menu_social_hover_links_bg":"","ocean_menu_social_links_color":"","ocean_menu_social_hover_links_color":"","ocean_disable_title":"default","ocean_disable_heading":"default","ocean_post_title":"","ocean_post_subheading":"","ocean_post_title_style":"","ocean_post_title_background_color":"","ocean_post_title_background":0,"ocean_post_title_bg_image_position":"","ocean_post_title_bg_image_attachment":"","ocean_post_title_bg_image_repeat":"","ocean_post_title_bg_image_size":"","ocean_post_title_height":0,"ocean_post_title_bg_overlay":0.5,"ocean_post_title_bg_overlay_color":"","ocean_disable_breadcrumbs":"default","ocean_breadcrumbs_color":"","ocean_breadcrumbs_separator_color":"","ocean_breadcrumbs_links_color":"","ocean_breadcrumbs_links_hover_color":"","ocean_display_footer_widgets":"default","ocean_display_footer_bottom":"default","ocean_custom_footer_template":"","footnotes":""},"class_list":["post-6069","page","type-page","status-publish","has-post-thumbnail","hentry","entry","has-media"],"acf":[],"_links":{"self":[{"href":"https:\/\/vrapiweeks.com\/es\/wp-json\/wp\/v2\/pages\/6069","targetHints":{"allow":["GET"]}}],"collection":[{"href":"https:\/\/vrapiweeks.com\/es\/wp-json\/wp\/v2\/pages"}],"about":[{"href":"https:\/\/vrapiweeks.com\/es\/wp-json\/wp\/v2\/types\/page"}],"author":[{"embeddable":true,"href":"https:\/\/vrapiweeks.com\/es\/wp-json\/wp\/v2\/users\/47"}],"replies":[{"embeddable":true,"href":"https:\/\/vrapiweeks.com\/es\/wp-json\/wp\/v2\/comments?post=6069"}],"version-history":[{"count":7,"href":"https:\/\/vrapiweeks.com\/es\/wp-json\/wp\/v2\/pages\/6069\/revisions"}],"predecessor-version":[{"id":9183,"href":"https:\/\/vrapiweeks.com\/es\/wp-json\/wp\/v2\/pages\/6069\/revisions\/9183"}],"up":[{"embeddable":true,"href":"https:\/\/vrapiweeks.com\/es\/wp-json\/wp\/v2\/pages\/6351"}],"wp:featuredmedia":[{"embeddable":true,"href":"https:\/\/vrapiweeks.com\/es\/wp-json\/wp\/v2\/media\/9408"}],"wp:attachment":[{"href":"https:\/\/vrapiweeks.com\/es\/wp-json\/wp\/v2\/media?parent=6069"}],"curies":[{"name":"wp","href":"https:\/\/api.w.org\/{rel}","templated":true}]}}