{"id":6073,"date":"2024-12-26T10:33:30","date_gmt":"2024-12-26T16:33:30","guid":{"rendered":"https:\/\/vrapiweeks.com\/about\/"},"modified":"2025-10-02T10:33:26","modified_gmt":"2025-10-02T15:33:26","slug":"sobre-nosotros","status":"publish","type":"page","link":"https:\/\/vrapiweeks.com\/es\/sobre-nosotros\/","title":{"rendered":"Sobre Nosotros"},"content":{"rendered":"<h1>Sobre Nosotros<\/h1>\n<h2>Misi\u00f3n<\/h2>\n<div class=\"our-mission-content\">\n<p>Nuestra misi\u00f3n es eliminar las barreras migratorias para que <a href=\"https:\/\/vrapiweeks.com\/es\/areas-de-practica\/familia-e-individuos\/\">las familias<\/a> y <a href=\"https:\/\/vrapiweeks.com\/es\/areas-de-practica\/negocios-y-empleo\/\">los empleadores<\/a> puedan enfocarse en lo que realmente importa. Nos apasiona nuestra misi\u00f3n porque creemos que todos deben tener la libertad de elegir d\u00f3nde vivir, trabajar y plantar ra\u00edces. En Vrapi Weeks, abogamos por familias e individuos para que obtengan sus estatus migratorio y puedan construir sus vidas en los Estados Unidos sin preocuparse de que si ICE tocara sus puertas o si los oficiales de inmigraci\u00f3n los dejar\u00e1 entrar al pa\u00eds. Tambi\u00e9n representamos a organizaciones y empresas en obtener la autorizaci\u00f3n de empleo para sus empleados, de modo que puedan tomar decisiones de contrataci\u00f3n basadas en lo que realmente les beneficia a ellos y a las comunidades a las que sirven, con el mejor talento del mundo. Perm\u00edtanos manejar tus necesidades migratorias para que tu puedas enfocarte en lo que m\u00e1s te importa.<\/p>\n<\/div>\n<h2>Valores Fundamentales<\/h2>\n<ul>\n<li><strong>Unidad:<\/strong> Un <a href=\"https:\/\/vrapiweeks.com\/es\/our-team\/\">equipo de todos<\/a> trabajando unido es m\u00e1s fuerte y puede lograr m\u00e1s que lo que podemos hacer individualmente. Nos ayudamos el uno al otro a\u00fan cuando no es nuestra responsabilidad. Compartimos una meta com\u00fan: Romper Barreras migratorias. Trabajamos cada d\u00eda para hacer eso mismo por nuestros clientes y para el beneficio de inmigrantes en todas partes. Somos leales a nuestro equipo y a nuestros clientes. Los clientes nunca deben estar solos en cualquier batalla que enfrentan. Tienen el bufete entero detr\u00e1s de ellos. Cuidamos de nuestros miembros de equipo, y queremos que cada uno disfrute de sus vidas plenamente. Nos apoyamos durante tiempos dif\u00edciles y somos nuestros animadores durante tiempos de triunfo. Nuestro trabajo no toma el lugar de nuestras familias, y nos hacemos responsables ante el uno y el otro para mantener ese balance en nuestras vidas. Es solo por este tipo de equilibrio que podemos mantener enfoques nuevos y positivos en el trabajo que hacemos para nuestros clientes.<\/li>\n<li><strong>Tenacidad:<\/strong> Terminamos bien sin importar el obst\u00e1culo. Rompemos barreras migratorias que se interponen en las vidas de nuestros clientes para que ellos puedan vivir y trabajar libremente, y nuestros clientes empresarios puedan aprovechar del mejor talento del mundo. No nos rendiremos porque las cosas sean dif\u00edciles. Cuando enfrentamos un obst\u00e1culo, <a href=\"https:\/\/vrapiweeks.com\/es\/historias-de-exito\/\">encontramos una soluci\u00f3n<\/a> o creamos una nueva.<\/li>\n<li><strong>Excelencia:<\/strong> Luchamos por excelencia en todo lo que hacemos. Ofrecemos la representaci\u00f3n legal de calidad m\u00e1s alta. Nuestros abogados son reconocidos a nivel nacional como autoridades principales de representaci\u00f3n de clientes ante los Servicios de Ciudadania e Inmigraci\u00f3n de los Estados Unidos, tribunales de inmigraci\u00f3n, el tribunal de Apelaciones de Inmigraci\u00f3n, tribunales federales y estatales, y consulados mundiales. Nos encargamos de tramitar los casos puntualmente y con calidad. Luchamos por excelencia en servicio. \u201cTrata a los dem\u00e1s como te gustar\u00eda que otros te trataran a ti\u201d, Mateo 7:12, es el lema del cual vivimos. Tratamos a nuestros clientes, nuestros miembros de equipo, y a todos con quien interactuamos, con dignidad y respeto. Saludamos a todos con una sonrisa. Tomamos tiempo para escuchar a otros para poder entender completamente sus asuntos y desarrollar soluciones individuales.<\/li>\n<\/ul>\n<p>\u00bfLas barreras migratorias te impiden vivir donde quieres, trabajar donde quieres o contratar a quien quieres? Todo nuestro equipo, unido, puede ayudarte a eliminar esas barreras.<\/p>\n<h2>Nuestras Ubicaciones<\/h2>\n<div class=\"innour-location-lst\">\n<div class=\"innour-location-itm\">\n<div class=\"innourloc-img\"><img decoding=\"async\" src=\"https:\/\/vrapiweeks.com\/wp-content\/uploads\/2025\/05\/AdobeStock_276989627-scaled.jpeg\" alt=\"albuquerque-offices\" title=\"\"><\/div>\n<h4>Albuquerque, NM<\/h4>\n<p>La oficina de Albuquerque est\u00e1 convenientemente ubicada cerca del I-25 y Jefferson, y da servicio a clientes en oficinas a trav\u00e9s de la naci\u00f3n de Servicio de Ciudadan\u00eda e Inmigraci\u00f3n de los Estados Unidos (USCIS) y en consulados internacionales. Los abogados de inmigraci\u00f3n de Albuquerque representan a clientes en Albuquerque, R\u00edo Rancho, Los Lunas, Bel\u00e9n, Roswell, Las Cruces, Farmington, Hobbs, Clovis, Alamogordo, Gallup, Deming y otros municipios alrededor, al igual que en todo los Estados Unidos.<\/p>\n<div class=\"innour-lnk\">\n<h6><a href=\"https:\/\/www.google.co.in\/maps\/place\/Vrapi+Weeks+-+Immigration+Lawyers+ABQ\/@35.1499976,-106.5954785,16z\/data=!3m2!4b1!5s0x872274f7ef054a2b:0x9d699d3fd305c16f!4m6!3m5!1s0x872274e8527bb817:0xfe711deffaa7ca19!8m2!3d35.1499976!4d-106.5954785!16s%2Fg%2F1td615pd?entry=ttu&amp;g_ep=EgoyMDI1MDUxNS4wIKXMDSoASAFQAw%3D%3D\" target=\"_blank\" rel=\"noopener\">OFICINA DE ALBUQUERQUE<\/a><\/h6>\n<\/div>\n<\/div>\n<div class=\"innour-location-itm\">\n<div class=\"innourloc-img\"><img decoding=\"async\" src=\"https:\/\/vrapiweeks.com\/wp-content\/uploads\/2025\/05\/AdobeStock_276344966-scaled.jpeg\" alt=\"santa-fe-offices\" title=\"\"><\/div>\n<h4>Santa Fe, NM<\/h4>\n<p>La oficina de Santa Fe est\u00e1 convenientemente ubicada cerca del I-25, en la intersecci\u00f3n m\u00e1s transitada de la ciudad, entre Rodeo Rd. y Cerrillos Rd., y da servicio a clientes en oficinas a trav\u00e9s de la naci\u00f3n de Servicio de Ciudadan\u00eda e Inmigraci\u00f3n de los Estados Unidos (USCIS) y en consulados internacionales. Los abogados de inmigraci\u00f3n de Santa Fe representan a clientes en Santa Fe, Los \u00c1lamos, Espa\u00f1ola, Taos, Las Vegas, Farmington, Durango, Pagosa Springs, Pueblo y otros municipios alrededor, al igual que en todo los Estados Unidos.<\/p>\n<div class=\"innour-lnk\">\n<h6><a href=\"https:\/\/www.google.co.in\/maps\/place\/Vrapi+Weeks+-+Immigration+Lawyers+SF\/@35.6379846,-106.0167405,17z\/data=!3m1!4b1!4m6!3m5!1s0x87185a481f9ffb87:0xf64e789ada0c0ece!8m2!3d35.6379846!4d-106.0167405!16s%2Fg%2F1v_s6bc_?entry=ttu&amp;g_ep=EgoyMDI1MDUxNS4wIKXMDSoASAFQAw%3D%3D\" target=\"_blank\" rel=\"noopener\">OFICINA DE SANTA FE<\/a><\/h6>\n<\/div>\n<\/div>\n<\/div>\n","protected":false},"excerpt":{"rendered":"<p>Sobre Nosotros Misi\u00f3n Nuestra misi\u00f3n es eliminar las barreras migratorias para que las familias y los empleadores puedan enfocarse en lo que realmente importa. Nos apasiona nuestra misi\u00f3n porque creemos que todos deben tener la libertad de elegir d\u00f3nde vivir, trabajar y plantar ra\u00edces. En Vrapi Weeks, abogamos por familias e individuos para que obtengan [&hellip;]<\/p>\n","protected":false},"author":1,"featured_media":9433,"parent":0,"menu_order":0,"comment_status":"closed","ping_status":"closed","template":"","meta":{"_acf_changed":false,"_oasis_is_in_workflow":0,"_oasis_original":0,"_oasis_task_priority":"","ocean_post_layout":"","ocean_both_sidebars_style":"","ocean_both_sidebars_content_width":0,"ocean_both_sidebars_sidebars_width":0,"ocean_sidebar":"","ocean_second_sidebar":"","ocean_disable_margins":"enable","ocean_add_body_class":"","ocean_shortcode_before_top_bar":"","ocean_shortcode_after_top_bar":"","ocean_shortcode_before_header":"","ocean_shortcode_after_header":"","ocean_has_shortcode":"","ocean_shortcode_after_title":"","ocean_shortcode_before_footer_widgets":"","ocean_shortcode_after_footer_widgets":"","ocean_shortcode_before_footer_bottom":"","ocean_shortcode_after_footer_bottom":"","ocean_display_top_bar":"default","ocean_display_header":"default","ocean_header_style":"","ocean_center_header_left_menu":"","ocean_custom_header_template":"","ocean_custom_logo":0,"ocean_custom_retina_logo":0,"ocean_custom_logo_max_width":0,"ocean_custom_logo_tablet_max_width":0,"ocean_custom_logo_mobile_max_width":0,"ocean_custom_logo_max_height":0,"ocean_custom_logo_tablet_max_height":0,"ocean_custom_logo_mobile_max_height":0,"ocean_header_custom_menu":"","ocean_menu_typo_font_family":"","ocean_menu_typo_font_subset":"","ocean_menu_typo_font_size":0,"ocean_menu_typo_font_size_tablet":0,"ocean_menu_typo_font_size_mobile":0,"ocean_menu_typo_font_size_unit":"px","ocean_menu_typo_font_weight":"","ocean_menu_typo_font_weight_tablet":"","ocean_menu_typo_font_weight_mobile":"","ocean_menu_typo_transform":"","ocean_menu_typo_transform_tablet":"","ocean_menu_typo_transform_mobile":"","ocean_menu_typo_line_height":0,"ocean_menu_typo_line_height_tablet":0,"ocean_menu_typo_line_height_mobile":0,"ocean_menu_typo_line_height_unit":"","ocean_menu_typo_spacing":0,"ocean_menu_typo_spacing_tablet":0,"ocean_menu_typo_spacing_mobile":0,"ocean_menu_typo_spacing_unit":"","ocean_menu_link_color":"","ocean_menu_link_color_hover":"","ocean_menu_link_color_active":"","ocean_menu_link_background":"","ocean_menu_link_hover_background":"","ocean_menu_link_active_background":"","ocean_menu_social_links_bg":"","ocean_menu_social_hover_links_bg":"","ocean_menu_social_links_color":"","ocean_menu_social_hover_links_color":"","ocean_disable_title":"default","ocean_disable_heading":"default","ocean_post_title":"","ocean_post_subheading":"","ocean_post_title_style":"","ocean_post_title_background_color":"","ocean_post_title_background":0,"ocean_post_title_bg_image_position":"","ocean_post_title_bg_image_attachment":"","ocean_post_title_bg_image_repeat":"","ocean_post_title_bg_image_size":"","ocean_post_title_height":0,"ocean_post_title_bg_overlay":0.5,"ocean_post_title_bg_overlay_color":"","ocean_disable_breadcrumbs":"default","ocean_breadcrumbs_color":"","ocean_breadcrumbs_separator_color":"","ocean_breadcrumbs_links_color":"","ocean_breadcrumbs_links_hover_color":"","ocean_display_footer_widgets":"default","ocean_display_footer_bottom":"default","ocean_custom_footer_template":"","footnotes":""},"class_list":["post-6073","page","type-page","status-publish","has-post-thumbnail","hentry","entry","has-media"],"acf":[],"_links":{"self":[{"href":"https:\/\/vrapiweeks.com\/es\/wp-json\/wp\/v2\/pages\/6073","targetHints":{"allow":["GET"]}}],"collection":[{"href":"https:\/\/vrapiweeks.com\/es\/wp-json\/wp\/v2\/pages"}],"about":[{"href":"https:\/\/vrapiweeks.com\/es\/wp-json\/wp\/v2\/types\/page"}],"author":[{"embeddable":true,"href":"https:\/\/vrapiweeks.com\/es\/wp-json\/wp\/v2\/users\/1"}],"replies":[{"embeddable":true,"href":"https:\/\/vrapiweeks.com\/es\/wp-json\/wp\/v2\/comments?post=6073"}],"version-history":[{"count":13,"href":"https:\/\/vrapiweeks.com\/es\/wp-json\/wp\/v2\/pages\/6073\/revisions"}],"predecessor-version":[{"id":9201,"href":"https:\/\/vrapiweeks.com\/es\/wp-json\/wp\/v2\/pages\/6073\/revisions\/9201"}],"wp:featuredmedia":[{"embeddable":true,"href":"https:\/\/vrapiweeks.com\/es\/wp-json\/wp\/v2\/media\/9433"}],"wp:attachment":[{"href":"https:\/\/vrapiweeks.com\/es\/wp-json\/wp\/v2\/media?parent=6073"}],"curies":[{"name":"wp","href":"https:\/\/api.w.org\/{rel}","templated":true}]}}