{"id":6091,"date":"2025-04-29T04:48:37","date_gmt":"2025-04-29T09:48:37","guid":{"rendered":"https:\/\/vrapiweeks.com\/?page_id=6091"},"modified":"2026-04-08T14:20:03","modified_gmt":"2026-04-08T19:20:03","slug":"payfb","status":"publish","type":"page","link":"https:\/\/vrapiweeks.com\/es\/payfb\/","title":{"rendered":"Instrucciones de Pago"},"content":{"rendered":"<h1>Instrucciones de Pago<\/h1>\n<p>Si ha firmado un acuerdo de compromiso con Vrapi Weeks, tenemos varias formas en que puede pagar su caso:<\/p>\n<h2>Tarjeta de Cr\u00e9dito<\/h2>\n<p>Puedes pagar al instante haciendo clic <a href=\"https:\/\/app.clio.com\/link\/9e7cCt2Y2ejF\" target=\"_blank\" rel=\"noopener\">aqu\u00ed<\/a>. En el cuadro \u00abPayment Amount in USD\u00bb, ingrese el \u00abTotal debido a Vrapi Weeks\u00bb (el n\u00famero rojo de su acuerdo). En el cuadro \u00abDescription\u00bb, ingrese su nombre o el nombre de la persona que representaremos si no es usted.<\/p>\n<h2>Cheque\/Giro Postal<\/h2>\n<p>Si prefiere pagar con cheque o giro postal, puede enviar el pago por correo o lo puede llevar en una de nuestras oficinas. La informaci\u00f3n sobre nuestras oficinas se encuentra <a href=\"https:\/\/vrapiweeks.com\/es\/contactanos\/\">aqu\u00ed<\/a>. Haga cheques o giros postales a nombre de Vrapi Weeks PA.<\/p>\n<h2>Efectivo<\/h2>\n<p>Aceptamos pagos en efectivo, pero solo cuando se hacen en persona en una de nuestras oficinas. La informaci\u00f3n sobre nuestras oficinas se encuentra <a href=\"https:\/\/vrapiweeks.com\/es\/contactanos\/\">aqu\u00ed<\/a>. Por favor, no env\u00ede dinero en efectivo por correo.<\/p>\n<h2>Pagos Mensuales<\/h2>\n<p>Si desea realizar pagos para cubrir sus honorarios legales, contamos con una excelente opci\u00f3n de financiamiento a trav\u00e9s de \u00ab<a href=\"https:\/\/app.clio.com\/link\/9e7cCt2Y2ejF\" target=\"_blank\" rel=\"noopener\">Pay Later<\/a>\u00bb de Affirm. (Haga clic en \u00abOther Methods\u00bb. Junto a \u00abeCheck\u00bb, haga clic en la flecha desplegable y seleccione \u00abPay Later\u00bb).<\/p>\n<p>\u00abPay Later\u00bb requiere un n\u00famero de Seguro Social. Para aquellas personas que no cuenten con un n\u00famero de Seguro Social, recomendamos ponerse en contacto con un banco comunitario local o una cooperativa de cr\u00e9dito, ya que estas instituciones suelen otorgar pr\u00e9stamos presentando \u00fanicamente un n\u00famero ITIN. En Nuevo M\u00e9xico (NM), los bancos con los que nuestros clientes han tenido mayor \u00e9xito son Rio Grande Credit Union y Guadalupe Credit Union.<\/p>\n<p>S\u00ed tiene alguna pregunta sobre los pagos, env\u00ede un correo electr\u00f3nico a billing@vrapiweeks.com.<\/p>\n","protected":false},"excerpt":{"rendered":"<p>Instrucciones de Pago Si ha firmado un acuerdo de compromiso con Vrapi Weeks, tenemos varias formas en que puede pagar su caso: Tarjeta de Cr\u00e9dito Puedes pagar al instante haciendo clic aqu\u00ed. En el cuadro \u00abPayment Amount in USD\u00bb, ingrese el \u00abTotal debido a Vrapi Weeks\u00bb (el n\u00famero rojo de su acuerdo). En el cuadro [&hellip;]<\/p>\n","protected":false},"author":1,"featured_media":9374,"parent":0,"menu_order":0,"comment_status":"closed","ping_status":"closed","template":"","meta":{"_acf_changed":false,"_oasis_is_in_workflow":0,"_oasis_original":0,"_oasis_task_priority":"","ocean_post_layout":"","ocean_both_sidebars_style":"","ocean_both_sidebars_content_width":0,"ocean_both_sidebars_sidebars_width":0,"ocean_sidebar":"","ocean_second_sidebar":"","ocean_disable_margins":"enable","ocean_add_body_class":"","ocean_shortcode_before_top_bar":"","ocean_shortcode_after_top_bar":"","ocean_shortcode_before_header":"","ocean_shortcode_after_header":"","ocean_has_shortcode":"","ocean_shortcode_after_title":"","ocean_shortcode_before_footer_widgets":"","ocean_shortcode_after_footer_widgets":"","ocean_shortcode_before_footer_bottom":"","ocean_shortcode_after_footer_bottom":"","ocean_display_top_bar":"default","ocean_display_header":"default","ocean_header_style":"","ocean_center_header_left_menu":"","ocean_custom_header_template":"","ocean_custom_logo":0,"ocean_custom_retina_logo":0,"ocean_custom_logo_max_width":0,"ocean_custom_logo_tablet_max_width":0,"ocean_custom_logo_mobile_max_width":0,"ocean_custom_logo_max_height":0,"ocean_custom_logo_tablet_max_height":0,"ocean_custom_logo_mobile_max_height":0,"ocean_header_custom_menu":"","ocean_menu_typo_font_family":"","ocean_menu_typo_font_subset":"","ocean_menu_typo_font_size":0,"ocean_menu_typo_font_size_tablet":0,"ocean_menu_typo_font_size_mobile":0,"ocean_menu_typo_font_size_unit":"px","ocean_menu_typo_font_weight":"","ocean_menu_typo_font_weight_tablet":"","ocean_menu_typo_font_weight_mobile":"","ocean_menu_typo_transform":"","ocean_menu_typo_transform_tablet":"","ocean_menu_typo_transform_mobile":"","ocean_menu_typo_line_height":0,"ocean_menu_typo_line_height_tablet":0,"ocean_menu_typo_line_height_mobile":0,"ocean_menu_typo_line_height_unit":"","ocean_menu_typo_spacing":0,"ocean_menu_typo_spacing_tablet":0,"ocean_menu_typo_spacing_mobile":0,"ocean_menu_typo_spacing_unit":"","ocean_menu_link_color":"","ocean_menu_link_color_hover":"","ocean_menu_link_color_active":"","ocean_menu_link_background":"","ocean_menu_link_hover_background":"","ocean_menu_link_active_background":"","ocean_menu_social_links_bg":"","ocean_menu_social_hover_links_bg":"","ocean_menu_social_links_color":"","ocean_menu_social_hover_links_color":"","ocean_disable_title":"default","ocean_disable_heading":"default","ocean_post_title":"","ocean_post_subheading":"","ocean_post_title_style":"","ocean_post_title_background_color":"","ocean_post_title_background":0,"ocean_post_title_bg_image_position":"","ocean_post_title_bg_image_attachment":"","ocean_post_title_bg_image_repeat":"","ocean_post_title_bg_image_size":"","ocean_post_title_height":0,"ocean_post_title_bg_overlay":0.5,"ocean_post_title_bg_overlay_color":"","ocean_disable_breadcrumbs":"default","ocean_breadcrumbs_color":"","ocean_breadcrumbs_separator_color":"","ocean_breadcrumbs_links_color":"","ocean_breadcrumbs_links_hover_color":"","ocean_display_footer_widgets":"default","ocean_display_footer_bottom":"default","ocean_custom_footer_template":"","footnotes":""},"class_list":["post-6091","page","type-page","status-publish","has-post-thumbnail","hentry","entry","has-media"],"acf":[],"_links":{"self":[{"href":"https:\/\/vrapiweeks.com\/es\/wp-json\/wp\/v2\/pages\/6091","targetHints":{"allow":["GET"]}}],"collection":[{"href":"https:\/\/vrapiweeks.com\/es\/wp-json\/wp\/v2\/pages"}],"about":[{"href":"https:\/\/vrapiweeks.com\/es\/wp-json\/wp\/v2\/types\/page"}],"author":[{"embeddable":true,"href":"https:\/\/vrapiweeks.com\/es\/wp-json\/wp\/v2\/users\/1"}],"replies":[{"embeddable":true,"href":"https:\/\/vrapiweeks.com\/es\/wp-json\/wp\/v2\/comments?post=6091"}],"version-history":[{"count":7,"href":"https:\/\/vrapiweeks.com\/es\/wp-json\/wp\/v2\/pages\/6091\/revisions"}],"predecessor-version":[{"id":9702,"href":"https:\/\/vrapiweeks.com\/es\/wp-json\/wp\/v2\/pages\/6091\/revisions\/9702"}],"wp:featuredmedia":[{"embeddable":true,"href":"https:\/\/vrapiweeks.com\/es\/wp-json\/wp\/v2\/media\/9374"}],"wp:attachment":[{"href":"https:\/\/vrapiweeks.com\/es\/wp-json\/wp\/v2\/media?parent=6091"}],"curies":[{"name":"wp","href":"https:\/\/api.w.org\/{rel}","templated":true}]}}