{"id":6095,"date":"2025-04-28T07:11:58","date_gmt":"2025-04-28T12:11:58","guid":{"rendered":"https:\/\/vrapiweeks.com\/?page_id=6095"},"modified":"2025-10-02T13:24:55","modified_gmt":"2025-10-02T18:24:55","slug":"visas-h-1b","status":"publish","type":"page","link":"https:\/\/vrapiweeks.com\/es\/areas-de-practica\/negocios-y-empleo\/visas-h-1b\/","title":{"rendered":"Visas H-1B"},"content":{"rendered":"<h1>Abogados de visas H-1B en Nuevo M\u00e9xico<\/h1>\n<p>Visas H-1B permiten que empleadores contraten extranjeros en <a href=\"https:\/\/vrapiweeks.com\/es\/areas-de-practica\/negocios-y-empleo\/\">puestos de especialidad<\/a>. Un trabajo especializado es uno que t\u00edpicamente requiere por lo menos una licenciatura universitaria. La visa H-1B es valida por un total de 6 a\u00f1os y expedida en un m\u00e1ximo de incrementos de 3 a\u00f1os. Un empleado puede recibir aumentos fuera de los 6 a\u00f1os si \u00e9l o ella est\u00e1 en el proceso de <a href=\"https:\/\/vrapiweeks.com\/es\/areas-de-practica\/negocios-y-empleo\/residencia-permanente\/\">residencia permanente<\/a>. Visas H-1B tienen un l\u00edmite anual de 65,000 con 20,000 visas adicionales para los que obtuvieron una Maestr\u00eda de una universidad estadounidense, las cuales est\u00e1n de gran demanda. Sin embargo, muchos empleadores est\u00e1n exentos de las limitaciones num\u00e9ricas, incluyendo <a href=\"https:\/\/vrapiweeks.com\/es\/areas-de-practica\/negocios-y-empleo\/profesionales-de-educacion-superior-e-instituciones-educativas\/\">universidades<\/a> y otras organizaciones afiliadas con universidades.<\/p>\n<p>Nuestro equipo de profesionales dedicados y con experiencia migratoria de negocios y empleos proveen excelente representaci\u00f3n desde las decisiones de contrataci\u00f3n hasta obtener estatus H-1B para nuevos empleados. Tenemos experiencia sustancial con empleadores sin limitaciones exentas num\u00e9ricas igual que con \u00e9sos susceptible a las limitaciones num\u00e9ricas.<\/p>\n<h2>\u00bfNecesitas solitar una petici\u00f3n para una visa H-1B?<\/h2>\n<p>Nuestros abogados expertos en inmigraci\u00f3n te pueden guiar por el proceso de H-1B para que puedas contratar el mejor talento.<\/p>\n","protected":false},"excerpt":{"rendered":"<p>Abogados de visas H-1B en Nuevo M\u00e9xico Visas H-1B permiten que empleadores contraten extranjeros en puestos de especialidad. Un trabajo especializado es uno que t\u00edpicamente requiere por lo menos una licenciatura universitaria. La visa H-1B es valida por un total de 6 a\u00f1os y expedida en un m\u00e1ximo de incrementos de 3 a\u00f1os. Un empleado [&hellip;]<\/p>\n","protected":false},"author":1,"featured_media":9412,"parent":6351,"menu_order":0,"comment_status":"closed","ping_status":"closed","template":"","meta":{"_acf_changed":false,"_oasis_is_in_workflow":0,"_oasis_original":0,"_oasis_task_priority":"","ocean_post_layout":"","ocean_both_sidebars_style":"","ocean_both_sidebars_content_width":0,"ocean_both_sidebars_sidebars_width":0,"ocean_sidebar":"","ocean_second_sidebar":"","ocean_disable_margins":"enable","ocean_add_body_class":"","ocean_shortcode_before_top_bar":"","ocean_shortcode_after_top_bar":"","ocean_shortcode_before_header":"","ocean_shortcode_after_header":"","ocean_has_shortcode":"","ocean_shortcode_after_title":"","ocean_shortcode_before_footer_widgets":"","ocean_shortcode_after_footer_widgets":"","ocean_shortcode_before_footer_bottom":"","ocean_shortcode_after_footer_bottom":"","ocean_display_top_bar":"default","ocean_display_header":"default","ocean_header_style":"","ocean_center_header_left_menu":"","ocean_custom_header_template":"","ocean_custom_logo":0,"ocean_custom_retina_logo":0,"ocean_custom_logo_max_width":0,"ocean_custom_logo_tablet_max_width":0,"ocean_custom_logo_mobile_max_width":0,"ocean_custom_logo_max_height":0,"ocean_custom_logo_tablet_max_height":0,"ocean_custom_logo_mobile_max_height":0,"ocean_header_custom_menu":"","ocean_menu_typo_font_family":"","ocean_menu_typo_font_subset":"","ocean_menu_typo_font_size":0,"ocean_menu_typo_font_size_tablet":0,"ocean_menu_typo_font_size_mobile":0,"ocean_menu_typo_font_size_unit":"px","ocean_menu_typo_font_weight":"","ocean_menu_typo_font_weight_tablet":"","ocean_menu_typo_font_weight_mobile":"","ocean_menu_typo_transform":"","ocean_menu_typo_transform_tablet":"","ocean_menu_typo_transform_mobile":"","ocean_menu_typo_line_height":0,"ocean_menu_typo_line_height_tablet":0,"ocean_menu_typo_line_height_mobile":0,"ocean_menu_typo_line_height_unit":"","ocean_menu_typo_spacing":0,"ocean_menu_typo_spacing_tablet":0,"ocean_menu_typo_spacing_mobile":0,"ocean_menu_typo_spacing_unit":"","ocean_menu_link_color":"","ocean_menu_link_color_hover":"","ocean_menu_link_color_active":"","ocean_menu_link_background":"","ocean_menu_link_hover_background":"","ocean_menu_link_active_background":"","ocean_menu_social_links_bg":"","ocean_menu_social_hover_links_bg":"","ocean_menu_social_links_color":"","ocean_menu_social_hover_links_color":"","ocean_disable_title":"default","ocean_disable_heading":"default","ocean_post_title":"","ocean_post_subheading":"","ocean_post_title_style":"","ocean_post_title_background_color":"","ocean_post_title_background":0,"ocean_post_title_bg_image_position":"","ocean_post_title_bg_image_attachment":"","ocean_post_title_bg_image_repeat":"","ocean_post_title_bg_image_size":"","ocean_post_title_height":0,"ocean_post_title_bg_overlay":0.5,"ocean_post_title_bg_overlay_color":"","ocean_disable_breadcrumbs":"default","ocean_breadcrumbs_color":"","ocean_breadcrumbs_separator_color":"","ocean_breadcrumbs_links_color":"","ocean_breadcrumbs_links_hover_color":"","ocean_display_footer_widgets":"default","ocean_display_footer_bottom":"default","ocean_custom_footer_template":"","footnotes":""},"class_list":["post-6095","page","type-page","status-publish","has-post-thumbnail","hentry","entry","has-media"],"acf":[],"_links":{"self":[{"href":"https:\/\/vrapiweeks.com\/es\/wp-json\/wp\/v2\/pages\/6095","targetHints":{"allow":["GET"]}}],"collection":[{"href":"https:\/\/vrapiweeks.com\/es\/wp-json\/wp\/v2\/pages"}],"about":[{"href":"https:\/\/vrapiweeks.com\/es\/wp-json\/wp\/v2\/types\/page"}],"author":[{"embeddable":true,"href":"https:\/\/vrapiweeks.com\/es\/wp-json\/wp\/v2\/users\/1"}],"replies":[{"embeddable":true,"href":"https:\/\/vrapiweeks.com\/es\/wp-json\/wp\/v2\/comments?post=6095"}],"version-history":[{"count":5,"href":"https:\/\/vrapiweeks.com\/es\/wp-json\/wp\/v2\/pages\/6095\/revisions"}],"predecessor-version":[{"id":9235,"href":"https:\/\/vrapiweeks.com\/es\/wp-json\/wp\/v2\/pages\/6095\/revisions\/9235"}],"up":[{"embeddable":true,"href":"https:\/\/vrapiweeks.com\/es\/wp-json\/wp\/v2\/pages\/6351"}],"wp:featuredmedia":[{"embeddable":true,"href":"https:\/\/vrapiweeks.com\/es\/wp-json\/wp\/v2\/media\/9412"}],"wp:attachment":[{"href":"https:\/\/vrapiweeks.com\/es\/wp-json\/wp\/v2\/media?parent=6095"}],"curies":[{"name":"wp","href":"https:\/\/api.w.org\/{rel}","templated":true}]}}