{"id":6098,"date":"2025-04-28T09:21:33","date_gmt":"2025-04-28T14:21:33","guid":{"rendered":"https:\/\/vrapiweeks.com\/?page_id=6098"},"modified":"2025-10-02T14:28:33","modified_gmt":"2025-10-02T19:28:33","slug":"otros-servicios-negocios","status":"publish","type":"page","link":"https:\/\/vrapiweeks.com\/es\/areas-de-practica\/negocios-y-empleo\/otros-servicios-negocios\/","title":{"rendered":"Otros Servicios"},"content":{"rendered":"<h1>Inmigraci\u00f3n empresarial en Nuevo M\u00e9xico<\/h1>\n<p>Todos <a href=\"https:\/\/vrapiweeks.com\/es\/areas-de-practica\/negocios-y-empleo\/\">los empleadores de los Estados Unidos<\/a>, aun los que no emplean trabajadores extranjeros, enfrentan asuntos migratorios. Desde 1986, empleadores han requerido la verificaci\u00f3n y autorizaci\u00f3n de empleo para cada trabajador nuevo. El no seguir el proceso puede resultar en multas costosas aunque no se haya contratado trabajadores extranjeros. Nuestros profesionales expertos proveen servicios auto-auditor\u00edas y defienden citaciones\/inspecciones I-9 y avisos de intento de multa.<\/p>\n<p>La visa R-1 permite que extranjeros vengan a los Estados Unidos temporalmente para trabajar con una organizaci\u00f3n religiosa de los Estados Unidos como ministro, monje, sacerdote, rabino, im\u00e1n, u otro empleado religioso. La organizaci\u00f3n religiosa tambi\u00e9n puede solicitar una petici\u00f3n de residencia permanente llenando la forma I-360. Nuestros <a href=\"https:\/\/vrapiweeks.com\/es\/our-team\/\">abogados expertos<\/a> han representado varias organizaciones religiosas y de f\u00e9 en asegurar estatus migratorio para sus empleados religiosos.<\/p>\n<p>Ciudadanos mexicanos y canadienses pueden venir a trabajar a los Estados Unidos con visas TN. Visas TN son una buena opci\u00f3n para ambos empleadores y trabajadores, y los guiaremos por los requisitos para las visas TN.<\/p>\n<p>Vrapi Weeks tiene un equipo de profesionales de inmigraci\u00f3n para negocios y empleo que trabajan con empleadores e individuos para identificar y obtener una variedad de beneficios de inmigraci\u00f3n diferentes, quitando las barreras que enfrentan.<\/p>\n<h2>\u00bfTiene preguntas?<\/h2>\n<p>Nuestros abogados expertos en inmigraci\u00f3n le <a href=\"https:\/\/vrapiweeks.com\/es\/contactanos\/\">pueden ayudar<\/a> en una variedad de asuntos inmigratorios de negocios y empleo.<\/p>\n","protected":false},"excerpt":{"rendered":"<p>Inmigraci\u00f3n empresarial en Nuevo M\u00e9xico Todos los empleadores de los Estados Unidos, aun los que no emplean trabajadores extranjeros, enfrentan asuntos migratorios. Desde 1986, empleadores han requerido la verificaci\u00f3n y autorizaci\u00f3n de empleo para cada trabajador nuevo. El no seguir el proceso puede resultar en multas costosas aunque no se haya contratado trabajadores extranjeros. Nuestros [&hellip;]<\/p>\n","protected":false},"author":47,"featured_media":8601,"parent":6351,"menu_order":0,"comment_status":"closed","ping_status":"closed","template":"","meta":{"_acf_changed":false,"_oasis_is_in_workflow":0,"_oasis_original":0,"_oasis_task_priority":"","ocean_post_layout":"","ocean_both_sidebars_style":"","ocean_both_sidebars_content_width":0,"ocean_both_sidebars_sidebars_width":0,"ocean_sidebar":"","ocean_second_sidebar":"","ocean_disable_margins":"enable","ocean_add_body_class":"","ocean_shortcode_before_top_bar":"","ocean_shortcode_after_top_bar":"","ocean_shortcode_before_header":"","ocean_shortcode_after_header":"","ocean_has_shortcode":"","ocean_shortcode_after_title":"","ocean_shortcode_before_footer_widgets":"","ocean_shortcode_after_footer_widgets":"","ocean_shortcode_before_footer_bottom":"","ocean_shortcode_after_footer_bottom":"","ocean_display_top_bar":"default","ocean_display_header":"default","ocean_header_style":"","ocean_center_header_left_menu":"","ocean_custom_header_template":"","ocean_custom_logo":0,"ocean_custom_retina_logo":0,"ocean_custom_logo_max_width":0,"ocean_custom_logo_tablet_max_width":0,"ocean_custom_logo_mobile_max_width":0,"ocean_custom_logo_max_height":0,"ocean_custom_logo_tablet_max_height":0,"ocean_custom_logo_mobile_max_height":0,"ocean_header_custom_menu":"","ocean_menu_typo_font_family":"","ocean_menu_typo_font_subset":"","ocean_menu_typo_font_size":0,"ocean_menu_typo_font_size_tablet":0,"ocean_menu_typo_font_size_mobile":0,"ocean_menu_typo_font_size_unit":"px","ocean_menu_typo_font_weight":"","ocean_menu_typo_font_weight_tablet":"","ocean_menu_typo_font_weight_mobile":"","ocean_menu_typo_transform":"","ocean_menu_typo_transform_tablet":"","ocean_menu_typo_transform_mobile":"","ocean_menu_typo_line_height":0,"ocean_menu_typo_line_height_tablet":0,"ocean_menu_typo_line_height_mobile":0,"ocean_menu_typo_line_height_unit":"","ocean_menu_typo_spacing":0,"ocean_menu_typo_spacing_tablet":0,"ocean_menu_typo_spacing_mobile":0,"ocean_menu_typo_spacing_unit":"","ocean_menu_link_color":"","ocean_menu_link_color_hover":"","ocean_menu_link_color_active":"","ocean_menu_link_background":"","ocean_menu_link_hover_background":"","ocean_menu_link_active_background":"","ocean_menu_social_links_bg":"","ocean_menu_social_hover_links_bg":"","ocean_menu_social_links_color":"","ocean_menu_social_hover_links_color":"","ocean_disable_title":"default","ocean_disable_heading":"default","ocean_post_title":"","ocean_post_subheading":"","ocean_post_title_style":"","ocean_post_title_background_color":"","ocean_post_title_background":0,"ocean_post_title_bg_image_position":"","ocean_post_title_bg_image_attachment":"","ocean_post_title_bg_image_repeat":"","ocean_post_title_bg_image_size":"","ocean_post_title_height":0,"ocean_post_title_bg_overlay":0.5,"ocean_post_title_bg_overlay_color":"","ocean_disable_breadcrumbs":"default","ocean_breadcrumbs_color":"","ocean_breadcrumbs_separator_color":"","ocean_breadcrumbs_links_color":"","ocean_breadcrumbs_links_hover_color":"","ocean_display_footer_widgets":"default","ocean_display_footer_bottom":"default","ocean_custom_footer_template":"","footnotes":""},"class_list":["post-6098","page","type-page","status-publish","has-post-thumbnail","hentry","entry","has-media"],"acf":[],"_links":{"self":[{"href":"https:\/\/vrapiweeks.com\/es\/wp-json\/wp\/v2\/pages\/6098","targetHints":{"allow":["GET"]}}],"collection":[{"href":"https:\/\/vrapiweeks.com\/es\/wp-json\/wp\/v2\/pages"}],"about":[{"href":"https:\/\/vrapiweeks.com\/es\/wp-json\/wp\/v2\/types\/page"}],"author":[{"embeddable":true,"href":"https:\/\/vrapiweeks.com\/es\/wp-json\/wp\/v2\/users\/47"}],"replies":[{"embeddable":true,"href":"https:\/\/vrapiweeks.com\/es\/wp-json\/wp\/v2\/comments?post=6098"}],"version-history":[{"count":7,"href":"https:\/\/vrapiweeks.com\/es\/wp-json\/wp\/v2\/pages\/6098\/revisions"}],"predecessor-version":[{"id":9238,"href":"https:\/\/vrapiweeks.com\/es\/wp-json\/wp\/v2\/pages\/6098\/revisions\/9238"}],"up":[{"embeddable":true,"href":"https:\/\/vrapiweeks.com\/es\/wp-json\/wp\/v2\/pages\/6351"}],"wp:featuredmedia":[{"embeddable":true,"href":"https:\/\/vrapiweeks.com\/es\/wp-json\/wp\/v2\/media\/8601"}],"wp:attachment":[{"href":"https:\/\/vrapiweeks.com\/es\/wp-json\/wp\/v2\/media?parent=6098"}],"curies":[{"name":"wp","href":"https:\/\/api.w.org\/{rel}","templated":true}]}}