{"id":6103,"date":"2025-04-28T09:35:59","date_gmt":"2025-04-28T14:35:59","guid":{"rendered":"https:\/\/vrapiweeks.com\/?page_id=6103"},"modified":"2025-08-27T16:48:35","modified_gmt":"2025-08-27T21:48:35","slug":"politica-de-privacidad","status":"publish","type":"page","link":"https:\/\/vrapiweeks.com\/es\/politica-de-privacidad\/","title":{"rendered":"Pol\u00edtica de privacidad"},"content":{"rendered":"<h1>Pol\u00edtica de privacidad<\/h1>\n<p>Mantener la informaci\u00f3n de nuestros clientes privada es una prioridad en el bufete de Vrapi Weeks. Para poder proveer informaci\u00f3n pertinente, necesitamos acumular cierta informaci\u00f3n de ti. Sin embargo, queremos destacar que estamos comprometidos a mantener la privacidad de esta informaci\u00f3n.<\/p>\n<h3>Informaci\u00f3n que Recopilamos<\/h3>\n<p>Acumulamos informaci\u00f3n personal no-p\u00fablica de las siguientes fuentes: Informaci\u00f3n que recibimos de tu parte en solicitudes u otras formas (como tu nombre, direcci\u00f3n, correo electr\u00f3nico, y tel\u00e9fono).<\/p>\n<h3>Cookies<\/h3>\n<p>Por favor no env\u00edes informaci\u00f3n confidencial, propia o delicada (e.g. N\u00famero de Seguro Social, n\u00famero de licensia para conducir, tarjeta de cr\u00e9dito, informaci\u00f3n bancaria o financiera). Si lo haces, lo haces bajo tu propio riesgo y no estaremos obligados o responsable por las consecuencias de su sumisi\u00f3n.<\/p>\n<h3>Informaci\u00f3n que Compartimos<\/h3>\n<p>No divulgamos ninguna informaci\u00f3n personal no-p\u00fablica de nuestros clientes o ex-clientes a ninguna entidad no afiliada, excepto lo descrito debajo y por lo contrario requerido por ley. Podemos divulgar toda la informaci\u00f3n que acumulamos, descrita arriba, a proveedores que nos asisten en los servicios que tu has autorizado. Cuando la informaci\u00f3n es compartida con compa\u00f1\u00edas que realizan servicios en nuestro nombre, protegemos de la divulgaci\u00f3n subsecuente de informaci\u00f3n. Por ninguna razon divulgamos tu informaci\u00f3n personal a compa\u00f1\u00edas que la usar\u00e1n para comunicarse contigo de sus propios productos o servicios.<br \/>\nTambi\u00e9n podemos divulgar tu informaci\u00f3n personal si es requerido por la ley (por ejemplo, una citaci\u00f3n) o regulaci\u00f3n, o de buena fe para:<\/p>\n<p>(a) cumplir con procesos legales contra nosotros o<\/p>\n<p>(b) proteger nuestros derechos y propiedad.<\/p>\n<h3>Uso de servidores Web y Cookies<\/h3>\n<p>Cuando visitas nuestro sitio, podemos raestrear informaci\u00f3n sobre tu visita y guardar esa informaci\u00f3n en servidores web, que son archivos de las actividades de nuestro sitio. Los servidores autom\u00e1ticamente capturan y guardan la informaci\u00f3n electr\u00f3nicamente. Ejemplos de la informaci\u00f3n que recopilamos incluyen: tu direcci\u00f3n de internet \u00fanica; el nombre de tu proveedor de servicio de internet; el pueblo o ciudad, condado o estado y pa\u00eds de donde accedes nuestro sitio; el tipo de navegador o computadora que usas; el n\u00famero de links que haces clic dentro del sitio; la fecha y hora de tu visita; la p\u00e1gina web de donde llegas a nuestro sitio; las p\u00e1ginas que miraste del sitio; y ciertas b\u00fasquedas que conduces dentro de nuestro sitio. La informaci\u00f3n que guardamos en servidores web nos ayuda administrar el sitio, analizar el uso, proteger el sitio y sus contenidos del uso impropio, y mejorar la experiencia del usuario. Para poder ofrecer un servicio personalizado, nuestros sitios y solicitudes pueden usar cookies para guardar y raestrear tu informaci\u00f3n. Cookies son piezas peque\u00f1as de datos que se env\u00edan a tu navegador del servidor web y que son guardados en el disco duro de tu computadora. Usamos cookies para recordarnos quien eres y ayudarte a navegar nuestros sitios durante tu visita. Cookies nos ayudan a guardar tu contrase\u00f1a y preferencias para que tu no las tenga que reintroducir cada vez que visitas el sitio. El uso de cookies es relativamente est\u00e1ndar. Muchos navegadores est\u00e1n instalados inicialmente para aceptar cookies. Sin embargo, si prefieres, puedes cambiar tu navegador para que le notifique cuando recibes un cookie, o para rechazar la aceptaci\u00f3n de cookies. Debes entender que algunas funciones de muchos sitios no funcionaran correctamente si no acepta cookies.<\/p>\n<h3>Nuestros Procedimientos de Seguridad<\/h3>\n<p>Limitamos el acceso a tu informaci\u00f3n personal no-p\u00fablica a las personas que necesitan tal informaci\u00f3n para ofrecerle productos y servicios. Mantenemos resguardos f\u00edsicos, electr\u00f3nicos, y procesal que cumplen con regulaciones pertinentes para proteger tu informaci\u00f3n personal privada. Sin embargo, no podemos garantizar que personas no autorizadas ser\u00e1n incapaz de vencer nuestras medidas de seguridad.<\/p>\n<h3>Cambios en la Pol\u00edtica de Privacidad<\/h3>\n<p>El bufete de Vrapi Weeks reserva el derecho, a su entera discreci\u00f3n, de revisar, cambiar, o modificar esta pol\u00edtica de privacidad en cualquier momento. Incorporaremos todos los cambios materiales a esta pol\u00edtica de privacidad en esta p\u00e1gina y le ofreceremos aviso avanzado. Tal aviso puede ser dado en cualquier manera que escojamos y que cumpla con la ley, incluyendo pero no limit\u00e1ndose a publicaci\u00f3n de una noticia de cambios en los sitios Web. Te aconsejamos que revise esta p\u00e1gina regularmente para la versi\u00f3n m\u00e1s reciente de esta pol\u00edtica de privacidad. Cualquier uso de los sitios Web tras noticia de cambios ser\u00e1 considerado aceptaci\u00f3n por el usuario de los cambios a la pol\u00edtica de privacidad.<\/p>\n","protected":false},"excerpt":{"rendered":"<p>Pol\u00edtica de privacidad Mantener la informaci\u00f3n de nuestros clientes privada es una prioridad en el bufete de Vrapi Weeks. Para poder proveer informaci\u00f3n pertinente, necesitamos acumular cierta informaci\u00f3n de ti. Sin embargo, queremos destacar que estamos comprometidos a mantener la privacidad de esta informaci\u00f3n. Informaci\u00f3n que Recopilamos Acumulamos informaci\u00f3n personal no-p\u00fablica de las siguientes fuentes: [&hellip;]<\/p>\n","protected":false},"author":1,"featured_media":9378,"parent":0,"menu_order":0,"comment_status":"closed","ping_status":"closed","template":"","meta":{"_acf_changed":false,"_oasis_is_in_workflow":0,"_oasis_original":0,"_oasis_task_priority":"","ocean_post_layout":"","ocean_both_sidebars_style":"","ocean_both_sidebars_content_width":0,"ocean_both_sidebars_sidebars_width":0,"ocean_sidebar":"","ocean_second_sidebar":"","ocean_disable_margins":"enable","ocean_add_body_class":"","ocean_shortcode_before_top_bar":"","ocean_shortcode_after_top_bar":"","ocean_shortcode_before_header":"","ocean_shortcode_after_header":"","ocean_has_shortcode":"","ocean_shortcode_after_title":"","ocean_shortcode_before_footer_widgets":"","ocean_shortcode_after_footer_widgets":"","ocean_shortcode_before_footer_bottom":"","ocean_shortcode_after_footer_bottom":"","ocean_display_top_bar":"default","ocean_display_header":"default","ocean_header_style":"","ocean_center_header_left_menu":"","ocean_custom_header_template":"","ocean_custom_logo":0,"ocean_custom_retina_logo":0,"ocean_custom_logo_max_width":0,"ocean_custom_logo_tablet_max_width":0,"ocean_custom_logo_mobile_max_width":0,"ocean_custom_logo_max_height":0,"ocean_custom_logo_tablet_max_height":0,"ocean_custom_logo_mobile_max_height":0,"ocean_header_custom_menu":"","ocean_menu_typo_font_family":"","ocean_menu_typo_font_subset":"","ocean_menu_typo_font_size":0,"ocean_menu_typo_font_size_tablet":0,"ocean_menu_typo_font_size_mobile":0,"ocean_menu_typo_font_size_unit":"px","ocean_menu_typo_font_weight":"","ocean_menu_typo_font_weight_tablet":"","ocean_menu_typo_font_weight_mobile":"","ocean_menu_typo_transform":"","ocean_menu_typo_transform_tablet":"","ocean_menu_typo_transform_mobile":"","ocean_menu_typo_line_height":0,"ocean_menu_typo_line_height_tablet":0,"ocean_menu_typo_line_height_mobile":0,"ocean_menu_typo_line_height_unit":"","ocean_menu_typo_spacing":0,"ocean_menu_typo_spacing_tablet":0,"ocean_menu_typo_spacing_mobile":0,"ocean_menu_typo_spacing_unit":"","ocean_menu_link_color":"","ocean_menu_link_color_hover":"","ocean_menu_link_color_active":"","ocean_menu_link_background":"","ocean_menu_link_hover_background":"","ocean_menu_link_active_background":"","ocean_menu_social_links_bg":"","ocean_menu_social_hover_links_bg":"","ocean_menu_social_links_color":"","ocean_menu_social_hover_links_color":"","ocean_disable_title":"default","ocean_disable_heading":"default","ocean_post_title":"","ocean_post_subheading":"","ocean_post_title_style":"","ocean_post_title_background_color":"","ocean_post_title_background":0,"ocean_post_title_bg_image_position":"","ocean_post_title_bg_image_attachment":"","ocean_post_title_bg_image_repeat":"","ocean_post_title_bg_image_size":"","ocean_post_title_height":0,"ocean_post_title_bg_overlay":0.5,"ocean_post_title_bg_overlay_color":"","ocean_disable_breadcrumbs":"default","ocean_breadcrumbs_color":"","ocean_breadcrumbs_separator_color":"","ocean_breadcrumbs_links_color":"","ocean_breadcrumbs_links_hover_color":"","ocean_display_footer_widgets":"default","ocean_display_footer_bottom":"default","ocean_custom_footer_template":"","footnotes":""},"class_list":["post-6103","page","type-page","status-publish","has-post-thumbnail","hentry","entry","has-media"],"acf":[],"_links":{"self":[{"href":"https:\/\/vrapiweeks.com\/es\/wp-json\/wp\/v2\/pages\/6103","targetHints":{"allow":["GET"]}}],"collection":[{"href":"https:\/\/vrapiweeks.com\/es\/wp-json\/wp\/v2\/pages"}],"about":[{"href":"https:\/\/vrapiweeks.com\/es\/wp-json\/wp\/v2\/types\/page"}],"author":[{"embeddable":true,"href":"https:\/\/vrapiweeks.com\/es\/wp-json\/wp\/v2\/users\/1"}],"replies":[{"embeddable":true,"href":"https:\/\/vrapiweeks.com\/es\/wp-json\/wp\/v2\/comments?post=6103"}],"version-history":[{"count":4,"href":"https:\/\/vrapiweeks.com\/es\/wp-json\/wp\/v2\/pages\/6103\/revisions"}],"predecessor-version":[{"id":7788,"href":"https:\/\/vrapiweeks.com\/es\/wp-json\/wp\/v2\/pages\/6103\/revisions\/7788"}],"wp:featuredmedia":[{"embeddable":true,"href":"https:\/\/vrapiweeks.com\/es\/wp-json\/wp\/v2\/media\/9378"}],"wp:attachment":[{"href":"https:\/\/vrapiweeks.com\/es\/wp-json\/wp\/v2\/media?parent=6103"}],"curies":[{"name":"wp","href":"https:\/\/api.w.org\/{rel}","templated":true}]}}