{"id":6184,"date":"2025-04-29T09:59:23","date_gmt":"2025-04-29T14:59:23","guid":{"rendered":"https:\/\/vrapiweeks.com\/?page_id=6184"},"modified":"2025-08-27T16:51:53","modified_gmt":"2025-08-27T21:51:53","slug":"traducciones","status":"publish","type":"page","link":"https:\/\/vrapiweeks.com\/es\/traducciones\/","title":{"rendered":"Traducciones"},"content":{"rendered":"<h1>Traducciones<\/h1>\n<p>Las traducciones pueden ser preparadas por cualquier persona que domine tanto el ingl\u00e9s como el idioma extranjero.\u00a0 Los clientes de Vrapi Weeks reciben un descuento con MotaWord si desea utilizar un servicio de traducci\u00f3n.\u00a0 Las traducciones tambi\u00e9n pueden ser preparadas por cualquier persona que domine tanto el ingl\u00e9s como el idioma extranjero utilizando el modelo de certificado de traducci\u00f3n que se incluye a continuaci\u00f3n.<\/p>\n<h2>Servicios de Traducci\u00f3n con Descuento<\/h2>\n<p>Si desea utilizar un servicio de traducci\u00f3n, nuestros clientes reciben un descuento con MotaWord. MotaWord brinda a nuestros clientes un descuento del 15% en sus tarifas de 10 centavos por palabra en Espa\u00f1ol y 14 centavos por palabra en m\u00e1s de 100 idiomas.<\/p>\n<p>Para solicitar una traducci\u00f3n:<\/p>\n<ol>\n<li>Visita la p\u00e1gina web:\u00a0<a href=\"http:\/\/www.motaword.com\/quote\" target=\"_blank\" rel=\"noopener\">motaword.com\/quote<\/a><\/li>\n<li>Suba los documentos para traducir. Por favor aseg\u00farese de pedir una traducci\u00f3n certificada.<\/li>\n<li>Ingrese el c\u00f3digo de cup\u00f3n al finalizar la compra:\u00a0<strong>AILA-&gt; 2023-FJ9ON7N4<\/strong><\/li>\n<li>Una vez que reciba la traducci\u00f3n, env\u00edela por correo electr\u00f3nico al administrador legal de su caso.<\/li>\n<\/ol>\n<h2>Traducciones por su Cuenta<\/h2>\n<p>Las traducciones pueden ser preparadas por cualquier persona que domine tanto el ingl\u00e9s como el idioma extranjero. A continuaci\u00f3n se incluye un modelo de certificado de traducci\u00f3n que puede utilizar si usted o un amigo desea hacer la traducci\u00f3n por su cuenta. Si prepara la traducci\u00f3n por su cuenta, debe traducir palabra por palabra utilizando el mismo formato que el documento original.<\/p>\n<p><strong>CERTIFICATION BY TRANSLATOR<\/strong><\/p>\n<p><strong>\u00a0<\/strong><\/p>\n<p>I,\u00a0<u>\u00a0\u00a0\u00a0\u00a0\u00a0\u00a0[Name of Translator]\u00a0\u00a0\u00a0\u00a0\u00a0<\/u>, certify that I am fluent (conversant) in the English and\u00a0<u>\u00a0\u00a0\u00a0es\u00a0\u00a0\u00a0<\/u>\u00a0languages and that the attached document is an accurate translation of the foregoing\u00a0<u>\u00a0\u00a0\u00a0\u00a0\u00a0\u00a0\u00a0es\u00a0\u00a0\u00a0<\/u>\u00a0\u00a0language document.<\/p>\n<p>&nbsp;<\/p>\n<p><u>\u00a0\u00a0\u00a0\u00a0\u00a0\u00a0\u00a0\u00a0\u00a0\u00a0\u00a0\u00a0\u00a0\u00a0\u00a0\u00a0\u00a0\u00a0\u00a0\u00a0\u00a0\u00a0\u00a0\u00a0\u00a0\u00a0\u00a0\u00a0\u00a0\u00a0\u00a0\u00a0\u00a0\u00a0\u00a0\u00a0\u00a0\u00a0\u00a0\u00a0\u00a0\u00a0\u00a0\u00a0\u00a0\u00a0\u00a0\u00a0\u00a0\u00a0\u00a0\u00a0\u00a0\u00a0\u00a0\u00a0\u00a0\u00a0\u00a0\u00a0\u00a0\u00a0\u00a0\u00a0\u00a0\u00a0\u00a0\u00a0\u00a0\u00a0\u00a0\u00a0\u00a0\u00a0\u00a0\u00a0\u00a0\u00a0\u00a0\u00a0<\/u>\u00a0\u00a0\u00a0\u00a0\u00a0\u00a0\u00a0\u00a0\u00a0\u00a0\u00a0\u00a0\u00a0\u00a0\u00a0\u00a0\u00a0\u00a0\u00a0\u00a0\u00a0\u00a0\u00a0\u00a0\u00a0\u00a0\u00a0\u00a0\u00a0\u00a0\u00a0\u00a0<u>\u00a0\u00a0\u00a0\u00a0\u00a0\u00a0\u00a0\u00a0\u00a0\u00a0\u00a0\u00a0\u00a0\u00a0\u00a0\u00a0\u00a0\u00a0\u00a0\u00a0\u00a0\u00a0\u00a0\u00a0\u00a0\u00a0\u00a0\u00a0\u00a0\u00a0\u00a0\u00a0\u00a0\u00a0\u00a0\u00a0\u00a0\u00a0\u00a0\u00a0\u00a0\u00a0\u00a0\u00a0\u00a0\u00a0\u00a0\u00a0\u00a0\u00a0\u00a0\u00a0\u00a0\u00a0\u00a0\u00a0\u00a0\u00a0\u00a0\u00a0\u00a0\u00a0\u00a0<\/u><\/p>\n<p>Name:\u00a0 \u00a0 \u00a0 \u00a0 \u00a0 \u00a0 \u00a0 \u00a0 \u00a0 \u00a0 \u00a0 \u00a0 \u00a0 \u00a0 \u00a0 \u00a0 \u00a0 \u00a0 \u00a0 \u00a0 \u00a0 \u00a0 \u00a0 \u00a0 \u00a0 \u00a0 \u00a0 \u00a0 \u00a0 \u00a0 \u00a0 \u00a0 \u00a0 \u00a0 \u00a0 \u00a0 \u00a0 \u00a0 \u00a0 \u00a0 \u00a0 \u00a0 \u00a0 \u00a0 \u00a0 \u00a0 \u00a0 \u00a0 \u00a0 \u00a0 Date<br \/>\nAddress:<br \/>\nTelephone Number:<\/p>\n","protected":false},"excerpt":{"rendered":"<p>Traducciones Las traducciones pueden ser preparadas por cualquier persona que domine tanto el ingl\u00e9s como el idioma extranjero.\u00a0 Los clientes de Vrapi Weeks reciben un descuento con MotaWord si desea utilizar un servicio de traducci\u00f3n.\u00a0 Las traducciones tambi\u00e9n pueden ser preparadas por cualquier persona que domine tanto el ingl\u00e9s como el idioma extranjero utilizando el [&hellip;]<\/p>\n","protected":false},"author":1,"featured_media":9370,"parent":0,"menu_order":0,"comment_status":"closed","ping_status":"closed","template":"","meta":{"_acf_changed":false,"_oasis_is_in_workflow":0,"_oasis_original":0,"_oasis_task_priority":"","ocean_post_layout":"","ocean_both_sidebars_style":"","ocean_both_sidebars_content_width":0,"ocean_both_sidebars_sidebars_width":0,"ocean_sidebar":"","ocean_second_sidebar":"","ocean_disable_margins":"enable","ocean_add_body_class":"","ocean_shortcode_before_top_bar":"","ocean_shortcode_after_top_bar":"","ocean_shortcode_before_header":"","ocean_shortcode_after_header":"","ocean_has_shortcode":"","ocean_shortcode_after_title":"","ocean_shortcode_before_footer_widgets":"","ocean_shortcode_after_footer_widgets":"","ocean_shortcode_before_footer_bottom":"","ocean_shortcode_after_footer_bottom":"","ocean_display_top_bar":"default","ocean_display_header":"default","ocean_header_style":"","ocean_center_header_left_menu":"","ocean_custom_header_template":"","ocean_custom_logo":0,"ocean_custom_retina_logo":0,"ocean_custom_logo_max_width":0,"ocean_custom_logo_tablet_max_width":0,"ocean_custom_logo_mobile_max_width":0,"ocean_custom_logo_max_height":0,"ocean_custom_logo_tablet_max_height":0,"ocean_custom_logo_mobile_max_height":0,"ocean_header_custom_menu":"","ocean_menu_typo_font_family":"","ocean_menu_typo_font_subset":"","ocean_menu_typo_font_size":0,"ocean_menu_typo_font_size_tablet":0,"ocean_menu_typo_font_size_mobile":0,"ocean_menu_typo_font_size_unit":"px","ocean_menu_typo_font_weight":"","ocean_menu_typo_font_weight_tablet":"","ocean_menu_typo_font_weight_mobile":"","ocean_menu_typo_transform":"","ocean_menu_typo_transform_tablet":"","ocean_menu_typo_transform_mobile":"","ocean_menu_typo_line_height":0,"ocean_menu_typo_line_height_tablet":0,"ocean_menu_typo_line_height_mobile":0,"ocean_menu_typo_line_height_unit":"","ocean_menu_typo_spacing":0,"ocean_menu_typo_spacing_tablet":0,"ocean_menu_typo_spacing_mobile":0,"ocean_menu_typo_spacing_unit":"","ocean_menu_link_color":"","ocean_menu_link_color_hover":"","ocean_menu_link_color_active":"","ocean_menu_link_background":"","ocean_menu_link_hover_background":"","ocean_menu_link_active_background":"","ocean_menu_social_links_bg":"","ocean_menu_social_hover_links_bg":"","ocean_menu_social_links_color":"","ocean_menu_social_hover_links_color":"","ocean_disable_title":"default","ocean_disable_heading":"default","ocean_post_title":"","ocean_post_subheading":"","ocean_post_title_style":"","ocean_post_title_background_color":"","ocean_post_title_background":0,"ocean_post_title_bg_image_position":"","ocean_post_title_bg_image_attachment":"","ocean_post_title_bg_image_repeat":"","ocean_post_title_bg_image_size":"","ocean_post_title_height":0,"ocean_post_title_bg_overlay":0.5,"ocean_post_title_bg_overlay_color":"","ocean_disable_breadcrumbs":"default","ocean_breadcrumbs_color":"","ocean_breadcrumbs_separator_color":"","ocean_breadcrumbs_links_color":"","ocean_breadcrumbs_links_hover_color":"","ocean_display_footer_widgets":"default","ocean_display_footer_bottom":"default","ocean_custom_footer_template":"","footnotes":""},"class_list":["post-6184","page","type-page","status-publish","has-post-thumbnail","hentry","entry","has-media"],"acf":[],"_links":{"self":[{"href":"https:\/\/vrapiweeks.com\/es\/wp-json\/wp\/v2\/pages\/6184","targetHints":{"allow":["GET"]}}],"collection":[{"href":"https:\/\/vrapiweeks.com\/es\/wp-json\/wp\/v2\/pages"}],"about":[{"href":"https:\/\/vrapiweeks.com\/es\/wp-json\/wp\/v2\/types\/page"}],"author":[{"embeddable":true,"href":"https:\/\/vrapiweeks.com\/es\/wp-json\/wp\/v2\/users\/1"}],"replies":[{"embeddable":true,"href":"https:\/\/vrapiweeks.com\/es\/wp-json\/wp\/v2\/comments?post=6184"}],"version-history":[{"count":6,"href":"https:\/\/vrapiweeks.com\/es\/wp-json\/wp\/v2\/pages\/6184\/revisions"}],"predecessor-version":[{"id":8941,"href":"https:\/\/vrapiweeks.com\/es\/wp-json\/wp\/v2\/pages\/6184\/revisions\/8941"}],"wp:featuredmedia":[{"embeddable":true,"href":"https:\/\/vrapiweeks.com\/es\/wp-json\/wp\/v2\/media\/9370"}],"wp:attachment":[{"href":"https:\/\/vrapiweeks.com\/es\/wp-json\/wp\/v2\/media?parent=6184"}],"curies":[{"name":"wp","href":"https:\/\/api.w.org\/{rel}","templated":true}]}}