{"id":6341,"date":"2025-04-29T12:48:24","date_gmt":"2025-04-29T17:48:24","guid":{"rendered":"https:\/\/vrapiweeks.com\/family-individual\/"},"modified":"2025-10-01T13:22:10","modified_gmt":"2025-10-01T18:22:10","slug":"familia-e-individuos","status":"publish","type":"page","link":"https:\/\/vrapiweeks.com\/es\/areas-de-practica\/familia-e-individuos\/","title":{"rendered":"Inmigraci\u00f3n familiar e individual"},"content":{"rendered":"<h1>Abogados de inmigraci\u00f3n familiar e individual en Nuevo M\u00e9xico<\/h1>\n<p>En Vrapi Weeks, entendemos que tu estatus migratorio afecta todos los aspectos de tu vida: tu familia, tu carrera y tu futuro. El proceso de inmigraci\u00f3n y naturalizaci\u00f3n implica mucho papeleo y requisitos que cambian constantemente, pero no tienes que afrontarlo solo. Nuestro dedicado equipo de abogados de inmigraci\u00f3n con experiencia est\u00e1 aqu\u00ed para guiarte en cada paso del proceso, brind\u00e1ndote atenci\u00f3n compasiva y personalizada, y asesor\u00eda clara y profesional. Nuestra misi\u00f3n es simple pero poderosa: eliminar las barreras migratorias para que tu puedas concentrarte en lo que realmente importa. Nos encantar\u00eda encargarnos de tu proceso migratorio para que tu puedas construir la vida que has so\u00f1ado en los Estados Unidos.<\/p>\n<h2>\u00bfC\u00f3mo Podemos Ayudar?<\/h2>\n<p>Vrapi Weeks ofrece un rango completo de servicios migratorios tanto familiares como individuales, para satisfacer tus necesidades espec\u00edficas. Ya sea que busques mantener unida a tu familia, un futuro mejor en los EE. UU. o seguridad personal, contamos con el conocimiento para ayudarte a determinar la mejor opci\u00f3n y guiarte durante todo el proceso de inmigraci\u00f3n. Nuestros servicios incluyen:<\/p>\n<ul>\n<li><strong>Solicitudes de Residencia Permanente:<\/strong> Ya sea que solicites <a href=\"https:\/\/vrapiweeks.com\/es\/areas-de-practica\/familia-e-individuos\/residencia-permanente-tarjeta-verde\/\">la residencia permanente<\/a> a trav\u00e9s de patrocinador familiar u otras v\u00edas, nuestro equipo se asegura de que tu solicitud de residencia permanente se tramite r\u00e1pidamente para asegurar tu estatus lo m\u00e1s antes posible. Te gui\u00e1ramos durante todo el proceso, incluyendo la preparaci\u00f3n y acompa\u00f1amiento para tu entrevista.<\/li>\n<li><strong>Peticiones Familiares: <\/strong>Ayudamos con peticiones basadas en familia para c\u00f3nyuges, prometidos, padres, hijos y hermanos, ayud\u00e1ndote a reunirte con tus seres queridos y construir un futuro en los EE. UU.<\/li>\n<li><strong>Naturalizaci\u00f3n y Ciudadan\u00eda<\/strong> &#8211; Obtener <a href=\"https:\/\/vrapiweeks.com\/es\/areas-de-practica\/familia-e-individuos\/naturalizacion-y-ciudadania\/\">la ciudadan\u00eda estadounidense<\/a> no solo es el \u00faltimo paso para asegurar tu estatus en los Estados Unidos, sino que tambi\u00e9n abre la puerta a solicitudes para familiares adicionales. Desde la documentaci\u00f3n inicial hasta la entrevista y la ceremonia final, te guiaremos en cada etapa del proceso de naturalizaci\u00f3n con atenci\u00f3n y eficiencia.<\/li>\n<li><strong>Visas para Victimas de Crimen <\/strong>&#8211; Brindamos apoyo para <a href=\"https:\/\/vrapiweeks.com\/es\/areas-de-practica\/familia-e-individuos\/victimas-de-crimen\/\">visas U para v\u00edctimas de crimen<\/a> y auto-peticiones VAWA para sobrevivientes de violencia dom\u00e9stica, ayudando a los clientes a buscar seguridad y estabilidad en los Estados Unidos.<\/li>\n<li><strong>Perdones y Superando Desaf\u00edos Migratorios<\/strong> &#8211; \u00bfEnfrentas complejidades migratorias, como solicitudes de pruebas adicionales, denegaciones previas o la necesidad de un perd\u00f3n? Nuestro equipo, reconocido a nivel nacional, cuenta con experiencia en la preparaci\u00f3n de respuestas a solicitudes de pruebas adicionales y <a href=\"https:\/\/vrapiweeks.com\/es\/areas-de-practica\/familia-e-individuos\/perdones\/\">solicitudes de perdones<\/a> persuasivos, utilizando tu historia \u00fanica para superar estos desaf\u00edos.<\/li>\n<li><strong>Otros Servicios<\/strong> &#8211; Desde renovaciones de DACA hasta la eliminaci\u00f3n de condiciones de residencia, nuestro equipo est\u00e1 equipado para atender tus <a href=\"https:\/\/vrapiweeks.com\/es\/areas-de-practica\/familia-e-individuos\/otros-servicios-familia-e-individual\/\">necesidades migratorias<\/a> para que tu puedas concentrarte en tu vida.<\/li>\n<\/ul>\n<h2>Abogac\u00eda Compasiva con \u00c9xito Comprobado<\/h2>\n<p>Elegir a Vrapi Weeks significa elegir un equipo legal que realmente se preocupa por tu \u00e9xito. Nuestra firma se basa en los valores fundamentales de unidad, tenacidad y excelencia, que impulsan cada decisi\u00f3n que tomamos y cada caso que defendemos. Creemos que nadie debe verse limitado por pol\u00edticas migratorias arbitrarias y en constante cambio, ni por la monta\u00f1a de papeleo necesario para completar el proceso. Por eso trabajamos incansablemente para garantizar que nuestros clientes puedan vivir, trabajar y establecerse donde ellos escojan.<\/p>\n<p>Muchos de nuestros clientes vienen a nosotros con ansiedad por su futuro, sin saber c\u00f3mo abordar el proceso migratorio. Nos enorgullecemos de guiarte a trav\u00e9s de todo el proceso migratorio, brind\u00e1ndote claridad, tranquilidad y un camino a seguir para completar tu documentaci\u00f3n, prepararte para la entrevista, acompa\u00f1arte en la entrevista y responder a todas tus preguntas hasta que recibas tu tarjeta de residencia permanente. Desde el primer d\u00eda, contar\u00e1s con el respaldo de todo un equipo, dedicado a ayudarte a lograr un futuro estable en los Estados Unidos para ti y tu familia.<\/p>\n<h2>Programa una Consulta<\/h2>\n<p>Programa una consulta con nosotros hoy mismo. Cu\u00e9ntanos tu historia. Comparte tu visi\u00f3n. Dise\u00f1aremos un plan personalizado para ayudarte a alcanzar tus metas. Con Vrapi Weeks a tu lado, nos encargaremos del proceso migratorio para que puedas vivir tu vida.<\/p>\n","protected":false},"excerpt":{"rendered":"<p>Abogados de inmigraci\u00f3n familiar e individual en Nuevo M\u00e9xico En Vrapi Weeks, entendemos que tu estatus migratorio afecta todos los aspectos de tu vida: tu familia, tu carrera y tu futuro. El proceso de inmigraci\u00f3n y naturalizaci\u00f3n implica mucho papeleo y requisitos que cambian constantemente, pero no tienes que afrontarlo solo. Nuestro dedicado equipo de [&hellip;]<\/p>\n","protected":false},"author":1,"featured_media":9414,"parent":6042,"menu_order":0,"comment_status":"closed","ping_status":"closed","template":"","meta":{"_acf_changed":false,"_oasis_is_in_workflow":0,"_oasis_original":0,"_oasis_task_priority":"","ocean_post_layout":"","ocean_both_sidebars_style":"","ocean_both_sidebars_content_width":0,"ocean_both_sidebars_sidebars_width":0,"ocean_sidebar":"","ocean_second_sidebar":"","ocean_disable_margins":"enable","ocean_add_body_class":"","ocean_shortcode_before_top_bar":"","ocean_shortcode_after_top_bar":"","ocean_shortcode_before_header":"","ocean_shortcode_after_header":"","ocean_has_shortcode":"","ocean_shortcode_after_title":"","ocean_shortcode_before_footer_widgets":"","ocean_shortcode_after_footer_widgets":"","ocean_shortcode_before_footer_bottom":"","ocean_shortcode_after_footer_bottom":"","ocean_display_top_bar":"default","ocean_display_header":"default","ocean_header_style":"","ocean_center_header_left_menu":"","ocean_custom_header_template":"","ocean_custom_logo":0,"ocean_custom_retina_logo":0,"ocean_custom_logo_max_width":0,"ocean_custom_logo_tablet_max_width":0,"ocean_custom_logo_mobile_max_width":0,"ocean_custom_logo_max_height":0,"ocean_custom_logo_tablet_max_height":0,"ocean_custom_logo_mobile_max_height":0,"ocean_header_custom_menu":"","ocean_menu_typo_font_family":"","ocean_menu_typo_font_subset":"","ocean_menu_typo_font_size":0,"ocean_menu_typo_font_size_tablet":0,"ocean_menu_typo_font_size_mobile":0,"ocean_menu_typo_font_size_unit":"px","ocean_menu_typo_font_weight":"","ocean_menu_typo_font_weight_tablet":"","ocean_menu_typo_font_weight_mobile":"","ocean_menu_typo_transform":"","ocean_menu_typo_transform_tablet":"","ocean_menu_typo_transform_mobile":"","ocean_menu_typo_line_height":0,"ocean_menu_typo_line_height_tablet":0,"ocean_menu_typo_line_height_mobile":0,"ocean_menu_typo_line_height_unit":"","ocean_menu_typo_spacing":0,"ocean_menu_typo_spacing_tablet":0,"ocean_menu_typo_spacing_mobile":0,"ocean_menu_typo_spacing_unit":"","ocean_menu_link_color":"","ocean_menu_link_color_hover":"","ocean_menu_link_color_active":"","ocean_menu_link_background":"","ocean_menu_link_hover_background":"","ocean_menu_link_active_background":"","ocean_menu_social_links_bg":"","ocean_menu_social_hover_links_bg":"","ocean_menu_social_links_color":"","ocean_menu_social_hover_links_color":"","ocean_disable_title":"default","ocean_disable_heading":"default","ocean_post_title":"","ocean_post_subheading":"","ocean_post_title_style":"","ocean_post_title_background_color":"","ocean_post_title_background":0,"ocean_post_title_bg_image_position":"","ocean_post_title_bg_image_attachment":"","ocean_post_title_bg_image_repeat":"","ocean_post_title_bg_image_size":"","ocean_post_title_height":0,"ocean_post_title_bg_overlay":0.5,"ocean_post_title_bg_overlay_color":"","ocean_disable_breadcrumbs":"default","ocean_breadcrumbs_color":"","ocean_breadcrumbs_separator_color":"","ocean_breadcrumbs_links_color":"","ocean_breadcrumbs_links_hover_color":"","ocean_display_footer_widgets":"default","ocean_display_footer_bottom":"default","ocean_custom_footer_template":"","footnotes":""},"class_list":["post-6341","page","type-page","status-publish","has-post-thumbnail","hentry","entry","has-media"],"acf":[],"_links":{"self":[{"href":"https:\/\/vrapiweeks.com\/es\/wp-json\/wp\/v2\/pages\/6341","targetHints":{"allow":["GET"]}}],"collection":[{"href":"https:\/\/vrapiweeks.com\/es\/wp-json\/wp\/v2\/pages"}],"about":[{"href":"https:\/\/vrapiweeks.com\/es\/wp-json\/wp\/v2\/types\/page"}],"author":[{"embeddable":true,"href":"https:\/\/vrapiweeks.com\/es\/wp-json\/wp\/v2\/users\/1"}],"replies":[{"embeddable":true,"href":"https:\/\/vrapiweeks.com\/es\/wp-json\/wp\/v2\/comments?post=6341"}],"version-history":[{"count":17,"href":"https:\/\/vrapiweeks.com\/es\/wp-json\/wp\/v2\/pages\/6341\/revisions"}],"predecessor-version":[{"id":9149,"href":"https:\/\/vrapiweeks.com\/es\/wp-json\/wp\/v2\/pages\/6341\/revisions\/9149"}],"up":[{"embeddable":true,"href":"https:\/\/vrapiweeks.com\/es\/wp-json\/wp\/v2\/pages\/6042"}],"wp:featuredmedia":[{"embeddable":true,"href":"https:\/\/vrapiweeks.com\/es\/wp-json\/wp\/v2\/media\/9414"}],"wp:attachment":[{"href":"https:\/\/vrapiweeks.com\/es\/wp-json\/wp\/v2\/media?parent=6341"}],"curies":[{"name":"wp","href":"https:\/\/api.w.org\/{rel}","templated":true}]}}