{"id":6436,"date":"2025-04-24T06:00:16","date_gmt":"2025-04-24T11:00:16","guid":{"rendered":"https:\/\/vrapiweeks.com\/?page_id=6436"},"modified":"2025-05-29T10:55:50","modified_gmt":"2025-05-29T15:55:50","slug":"aviso-de-accesibilidad","status":"publish","type":"page","link":"https:\/\/vrapiweeks.com\/es\/aviso-de-accesibilidad\/","title":{"rendered":"Aviso de accesibilidad"},"content":{"rendered":"<h1>Modificaciones de Accesibilidad ADA<\/h1>\n<p>Mejoramos continuamente nuestros servicios en l\u00ednea para satisfacer mejor las necesidades de todas las personas. Para nosotros, es fundamental ofrecer un entorno sin barreras en nuestro sitio web, accesible para todos los usuarios. Por ello, hemos actualizado y probado este sitio web y sus elementos para que cumplan con las Pautas de Accesibilidad al Contenido Web (WCAG) 2.0, aceptadas y publicadas por el Consorcio World Wide Web (W3C).<\/p>\n<p>Este sitio web ha sido dise\u00f1ado para ser visible y navegable en navegadores de texto no gr\u00e1ficos. El c\u00f3digo implementado en el sitio y sus elementos cumple con los est\u00e1ndares W3C para CSS y HTML. Todos los navegadores web actuales deber\u00edan ser capaces de mostrar el sitio correctamente, y nuestros desarrolladores se esfuerzan por utilizar c\u00f3digo que tambi\u00e9n sea compatible con los requisitos futuros de los navegadores a medida que la web contin\u00faa evolucionando.<\/p>\n<p>En determinadas situaciones, generalmente debido a cambios tecnol\u00f3gicos, cambios en los est\u00e1ndares, limitaciones pr\u00e1cticas o c\u00f3digo de terceros, es posible que la accesibilidad, usabilidad y compatibilidad completas no est\u00e9n disponibles de inmediato. Para abordar estas posibles situaciones y ofrecer una mejor experiencia de usuario, este sitio web se audita peri\u00f3dicamente para detectar problemas de compatibilidad y el cumplimiento de las normas y directrices vigentes.<\/p>\n<p>Cuando se reporten problemas y estos sigan pendientes, se documentar\u00e1n en un registro de cambios para que los visitantes puedan consultarlo. Este registro incluir\u00e1 una breve descripci\u00f3n del problema, la fecha en que se report\u00f3 y un plazo de resoluci\u00f3n previsto. Las deficiencias menores que no afecten a la navegaci\u00f3n ni al uso del sitio, pero que no se puedan resolver de inmediato, se incluir\u00e1n como cortes\u00eda a los usuarios. Los problemas resueltos se eliminar\u00e1n del registro de cambios.<\/p>\n<p>Si descubre un problema de usabilidad en este sitio web, utilice el formulario a continuaci\u00f3n para reportarlo. Investigaremos el problema, buscaremos soluciones y, si es necesario, lo a\u00f1adiremos al registro de cambios. Tambi\u00e9n puede reportar problemas enviando un correo electr\u00f3nico a <a href=\"mailto:sitefeedback@nuvew.com\">sitefeedback@nuvew.com<\/a>. Limite su correo electr\u00f3nico a problemas relacionados con la usabilidad del sitio web.<\/p>\n<p>REGISTRO DE CAMBIOS ACTUAL:<br \/>\nSin problemas pendientes a 10\/2019<\/p>\n","protected":false},"excerpt":{"rendered":"<p>Modificaciones de Accesibilidad ADA Mejoramos continuamente nuestros servicios en l\u00ednea para satisfacer mejor las necesidades de todas las personas. Para nosotros, es fundamental ofrecer un entorno sin barreras en nuestro sitio web, accesible para todos los usuarios. Por ello, hemos actualizado y probado este sitio web y sus elementos para que cumplan con las Pautas [&hellip;]<\/p>\n","protected":false},"author":1,"featured_media":9380,"parent":0,"menu_order":0,"comment_status":"closed","ping_status":"closed","template":"","meta":{"_acf_changed":false,"_oasis_is_in_workflow":0,"_oasis_original":0,"_oasis_task_priority":"","ocean_post_layout":"","ocean_both_sidebars_style":"","ocean_both_sidebars_content_width":0,"ocean_both_sidebars_sidebars_width":0,"ocean_sidebar":"","ocean_second_sidebar":"","ocean_disable_margins":"enable","ocean_add_body_class":"","ocean_shortcode_before_top_bar":"","ocean_shortcode_after_top_bar":"","ocean_shortcode_before_header":"","ocean_shortcode_after_header":"","ocean_has_shortcode":"","ocean_shortcode_after_title":"","ocean_shortcode_before_footer_widgets":"","ocean_shortcode_after_footer_widgets":"","ocean_shortcode_before_footer_bottom":"","ocean_shortcode_after_footer_bottom":"","ocean_display_top_bar":"default","ocean_display_header":"default","ocean_header_style":"","ocean_center_header_left_menu":"","ocean_custom_header_template":"","ocean_custom_logo":0,"ocean_custom_retina_logo":0,"ocean_custom_logo_max_width":0,"ocean_custom_logo_tablet_max_width":0,"ocean_custom_logo_mobile_max_width":0,"ocean_custom_logo_max_height":0,"ocean_custom_logo_tablet_max_height":0,"ocean_custom_logo_mobile_max_height":0,"ocean_header_custom_menu":"","ocean_menu_typo_font_family":"","ocean_menu_typo_font_subset":"","ocean_menu_typo_font_size":0,"ocean_menu_typo_font_size_tablet":0,"ocean_menu_typo_font_size_mobile":0,"ocean_menu_typo_font_size_unit":"px","ocean_menu_typo_font_weight":"","ocean_menu_typo_font_weight_tablet":"","ocean_menu_typo_font_weight_mobile":"","ocean_menu_typo_transform":"","ocean_menu_typo_transform_tablet":"","ocean_menu_typo_transform_mobile":"","ocean_menu_typo_line_height":0,"ocean_menu_typo_line_height_tablet":0,"ocean_menu_typo_line_height_mobile":0,"ocean_menu_typo_line_height_unit":"","ocean_menu_typo_spacing":0,"ocean_menu_typo_spacing_tablet":0,"ocean_menu_typo_spacing_mobile":0,"ocean_menu_typo_spacing_unit":"","ocean_menu_link_color":"","ocean_menu_link_color_hover":"","ocean_menu_link_color_active":"","ocean_menu_link_background":"","ocean_menu_link_hover_background":"","ocean_menu_link_active_background":"","ocean_menu_social_links_bg":"","ocean_menu_social_hover_links_bg":"","ocean_menu_social_links_color":"","ocean_menu_social_hover_links_color":"","ocean_disable_title":"default","ocean_disable_heading":"default","ocean_post_title":"","ocean_post_subheading":"","ocean_post_title_style":"","ocean_post_title_background_color":"","ocean_post_title_background":0,"ocean_post_title_bg_image_position":"","ocean_post_title_bg_image_attachment":"","ocean_post_title_bg_image_repeat":"","ocean_post_title_bg_image_size":"","ocean_post_title_height":0,"ocean_post_title_bg_overlay":0.5,"ocean_post_title_bg_overlay_color":"","ocean_disable_breadcrumbs":"default","ocean_breadcrumbs_color":"","ocean_breadcrumbs_separator_color":"","ocean_breadcrumbs_links_color":"","ocean_breadcrumbs_links_hover_color":"","ocean_display_footer_widgets":"default","ocean_display_footer_bottom":"default","ocean_custom_footer_template":"","footnotes":""},"class_list":["post-6436","page","type-page","status-publish","has-post-thumbnail","hentry","entry","has-media"],"acf":[],"_links":{"self":[{"href":"https:\/\/vrapiweeks.com\/es\/wp-json\/wp\/v2\/pages\/6436","targetHints":{"allow":["GET"]}}],"collection":[{"href":"https:\/\/vrapiweeks.com\/es\/wp-json\/wp\/v2\/pages"}],"about":[{"href":"https:\/\/vrapiweeks.com\/es\/wp-json\/wp\/v2\/types\/page"}],"author":[{"embeddable":true,"href":"https:\/\/vrapiweeks.com\/es\/wp-json\/wp\/v2\/users\/1"}],"replies":[{"embeddable":true,"href":"https:\/\/vrapiweeks.com\/es\/wp-json\/wp\/v2\/comments?post=6436"}],"version-history":[{"count":3,"href":"https:\/\/vrapiweeks.com\/es\/wp-json\/wp\/v2\/pages\/6436\/revisions"}],"predecessor-version":[{"id":7752,"href":"https:\/\/vrapiweeks.com\/es\/wp-json\/wp\/v2\/pages\/6436\/revisions\/7752"}],"wp:featuredmedia":[{"embeddable":true,"href":"https:\/\/vrapiweeks.com\/es\/wp-json\/wp\/v2\/media\/9380"}],"wp:attachment":[{"href":"https:\/\/vrapiweeks.com\/es\/wp-json\/wp\/v2\/media?parent=6436"}],"curies":[{"name":"wp","href":"https:\/\/api.w.org\/{rel}","templated":true}]}}