{"id":9153,"date":"2025-05-19T14:14:08","date_gmt":"2025-05-19T19:14:08","guid":{"rendered":"https:\/\/vrapiweeks.com\/?page_id=9153"},"modified":"2025-10-01T16:03:41","modified_gmt":"2025-10-01T21:03:41","slug":"ajuste-de-estatus","status":"publish","type":"page","link":"https:\/\/vrapiweeks.com\/es\/areas-de-practica\/ajuste-de-estatus\/","title":{"rendered":"Ajuste de Estatus"},"content":{"rendered":"<h1>Abogados de Ajuste de Estatus en Nuevo M\u00e9xico<\/h1>\n<p>Obtener <a href=\"https:\/\/vrapiweeks.com\/es\/areas-de-practica\/negocios-y-empleo\/residencia-permanente\/\">la residencia permanente<\/a> en los Estados Unidos te permite vivir la vida que deseas, y para muchos, el proceso de Ajuste de Estatus es la manera de lograrlo. El Ajuste de Estatus permite a las personas elegibles que ya residen en los EE. UU. solicitar una tarjeta de residencia permanente sin tener que regresar a sus pa\u00edses de origen para completar el tr\u00e1mite. Es una opci\u00f3n crucial para quienes buscan consolidar su futuro en los Estados Unidos, pero a veces puede ser complejo y abrumador. En Vrapi Weeks, estamos aqu\u00ed para simplificar este proceso y guiarte en cada paso hasta que recibas tu tarjeta de residencia permanente.<\/p>\n<h2>\u00bfQu\u00e9 es el Ajuste de Estatus y por qu\u00e9 es Importante?<\/h2>\n<p>El Ajuste de Estatus ofrece una gran oportunidad para que los solicitantes elegibles, como <a href=\"https:\/\/vrapiweeks.com\/es\/areas-de-practica\/familia-e-individuos\/\">familiares<\/a> de ciudadanos estadounidenses, <a href=\"https:\/\/vrapiweeks.com\/es\/areas-de-practica\/negocios-y-empleo\/\">empleados<\/a> de negocios estadounidenses o personas bajo programas de inmigraci\u00f3n espec\u00edficos, obtengan la residencia permanente legal mientras permanecen en los EE. UU. No se requieren viajes internacionales, lo cual es particularmente importante para personas con condiciones de visa restrictivas o circunstancias personales. El \u00faltimo paso del proceso para obtener la residencia permanente legal te brinda estabilidad y seguridad, permiti\u00e9ndote concentrarte en tu familia, tu carrera y construir tu vida en este pa\u00eds.<\/p>\n<p>El proceso requiere navegar diversos tipos de formularios, documentaci\u00f3n, plazos y entrevistas, adem\u00e1s de mantenerse al d\u00eda con las pol\u00edticas y requisitos cambiantes. Incluso los errores m\u00e1s peque\u00f1os pueden retrasar o poner en riesgo tu caso. Con tanto en juego, contar con el apoyo legal adecuado es esencial.<\/p>\n<h2>\u00bfPor qu\u00e9 Necesitas un Abogado con Experiencia?<\/h2>\n<p>El \u00e9xito de tu solicitud de Ajuste de Estatus depende no solo de completar correctamente los formularios, sino tambi\u00e9n de comprender los aspectos de las respuestas a las preguntas seg\u00fan la ley migratoria, los documentos que debes presentar y mantenerte al tanto de los cambios en las pol\u00edticas. Un abogado confiable es crucial para garantizar que tu caso est\u00e9 completamente preparado y se maneje correctamente. En Vrapi Weeks, entendemos que obtener la residencia permanente legal lo m\u00e1s antes posible es fundamental, y priorizamos la rapidez y precisi\u00f3n en los tr\u00e1mites para evitar retrasos innecesarios.<\/p>\n<p>Nuestros abogados con experiencia te dan gu\u00eda y la tranquilidad necesaria para evitar errores y retrasos costosos. Nos aseguramos de que tu solicitud est\u00e9 completa, sea precisa y se env\u00ede puntalmente. Desde la consulta inicial hasta la entrega de tu tarjeta de residencia, tambi\u00e9n elaboramos estrategias para resolver posibles problemas relacionados con la inadmisibilidad, antecedentes migratorios o penales, o complicaciones que puedan surgir durante la entrevista con el Servicio de Ciudadan\u00eda e Inmigraci\u00f3n de Estados Unidos (USCIS). Con tanto en juego, colaborar con profesionales de confianza es una inversi\u00f3n para asegurar tu futuro en los Estados Unidos y evitar noches de insomnio a trav\u00e9s del proceso.<\/p>\n<h2>Nuestros Servicios de Ajuste de Estatus<\/h2>\n<p>Al trabajar con Vrapi Weeks, tendras acceso a un equipo <a href=\"https:\/\/vrapiweeks.com\/es\/our-team\/\">dedicado de profesionales de inmigraci\u00f3n comprometidos<\/a> a facilitar al m\u00e1ximo tu proceso de Ajuste de Estatus. As\u00ed es como podemos ayudarte:<\/p>\n<ul>\n<li><strong>Evaluaci\u00f3n de Elegibilidad<\/strong>: Antes de comenzar el proceso, evaluamos tu caso durante la consulta inicial para determinar si el Ajuste de Estatus es la opci\u00f3n adecuada para ti.<\/li>\n<li><strong>Presentaciones R\u00e1pidas<\/strong>: Entendemos que el tiempo es esencial para obtener la residencia permanente legal, y nuestro equipo trabaja de manera eficiente para garantizar presentaciones de Ajuste de Estatus oportunas y precisas.<\/li>\n<li><strong>Apoyo Durante el Proceso<\/strong>: Desde la presentaci\u00f3n inicial hasta la preparaci\u00f3n y asistencia a la entrevista, permanecemos a tu lado, asegur\u00e1ndonos de que estes listo para cada paso del proceso.<\/li>\n<li><strong>Complicaciones<\/strong>:\u00a0 Si surgen problemas como inadmisibilidad o complicaciones con el historial migratorio pasado u otros problemas, desarrollamos soluciones creativas para superar estos obst\u00e1culos y mantener tu caso en marcha.<\/li>\n<li><strong>Orientaci\u00f3n y Defensa Personalizada<\/strong>: Nos enorgullecemos de nuestro enfoque centrado en el cliente. Nuestro objetivo no solo es asegurar el resultado que tu deseas, sino tambi\u00e9n hacer que el proceso sea lo menos estresante posible para ti y tu familia.<\/li>\n<\/ul>\n<h2>\u00bfPor qu\u00e9 Escoger a Vrapi Weeks?<\/h2>\n<p>Con una trayectoria comprobada de \u00e9xito y cientos de testimonios positivos de <a href=\"https:\/\/vrapiweeks.com\/es\/resenas\/\">nuestros clientes<\/a>, Vrapi Weeks es una firma de confianza en derecho migratorio. Nuestro equipo combina un profundo conocimiento de las reglas migratorias con una comprensi\u00f3n compasiva a los desaf\u00edos reales que enfrentan nuestros clientes. Creemos que nadie deber\u00eda tener que afrontar este complicado proceso solo, y estamos aqu\u00ed para brindarte la claridad, la confianza y el apoyo que necesitas para seguir adelante.<\/p>\n<h2>Programa una Consulta<\/h2>\n<p>Tu futuro es demasiado importante como para afrontar el proceso migratorio solo. <a href=\"https:\/\/vrapiweeks.com\/es\/pide-una-consulta\/\">Programa una consulta<\/a> con Vrapi Weeks hoy mismo y crearemos un plan personalizado para ayudarte a alcanzar tus objetivos migratorios. Tu nos proporcionas la informaci\u00f3n y los documentos necesarios, nosotros nos encargamos del resto. Juntos podemos superar cualquier obst\u00e1culo migratorio que enfrentas y ayudarte a asegurar tu vida y futuro en los EE. UU.<\/p>\n","protected":false},"excerpt":{"rendered":"<p>Abogados de Ajuste de Estatus en Nuevo M\u00e9xico Obtener la residencia permanente en los Estados Unidos te permite vivir la vida que deseas, y para muchos, el proceso de Ajuste de Estatus es la manera de lograrlo. El Ajuste de Estatus permite a las personas elegibles que ya residen en los EE. UU. solicitar una [&hellip;]<\/p>\n","protected":false},"author":38,"featured_media":9398,"parent":6042,"menu_order":0,"comment_status":"closed","ping_status":"closed","template":"","meta":{"_acf_changed":false,"_oasis_is_in_workflow":0,"_oasis_original":0,"_oasis_task_priority":"","ocean_post_layout":"","ocean_both_sidebars_style":"","ocean_both_sidebars_content_width":0,"ocean_both_sidebars_sidebars_width":0,"ocean_sidebar":"","ocean_second_sidebar":"","ocean_disable_margins":"enable","ocean_add_body_class":"","ocean_shortcode_before_top_bar":"","ocean_shortcode_after_top_bar":"","ocean_shortcode_before_header":"","ocean_shortcode_after_header":"","ocean_has_shortcode":"","ocean_shortcode_after_title":"","ocean_shortcode_before_footer_widgets":"","ocean_shortcode_after_footer_widgets":"","ocean_shortcode_before_footer_bottom":"","ocean_shortcode_after_footer_bottom":"","ocean_display_top_bar":"default","ocean_display_header":"default","ocean_header_style":"","ocean_center_header_left_menu":"","ocean_custom_header_template":"","ocean_custom_logo":0,"ocean_custom_retina_logo":0,"ocean_custom_logo_max_width":0,"ocean_custom_logo_tablet_max_width":0,"ocean_custom_logo_mobile_max_width":0,"ocean_custom_logo_max_height":0,"ocean_custom_logo_tablet_max_height":0,"ocean_custom_logo_mobile_max_height":0,"ocean_header_custom_menu":"","ocean_menu_typo_font_family":"","ocean_menu_typo_font_subset":"","ocean_menu_typo_font_size":0,"ocean_menu_typo_font_size_tablet":0,"ocean_menu_typo_font_size_mobile":0,"ocean_menu_typo_font_size_unit":"px","ocean_menu_typo_font_weight":"","ocean_menu_typo_font_weight_tablet":"","ocean_menu_typo_font_weight_mobile":"","ocean_menu_typo_transform":"","ocean_menu_typo_transform_tablet":"","ocean_menu_typo_transform_mobile":"","ocean_menu_typo_line_height":0,"ocean_menu_typo_line_height_tablet":0,"ocean_menu_typo_line_height_mobile":0,"ocean_menu_typo_line_height_unit":"","ocean_menu_typo_spacing":0,"ocean_menu_typo_spacing_tablet":0,"ocean_menu_typo_spacing_mobile":0,"ocean_menu_typo_spacing_unit":"","ocean_menu_link_color":"","ocean_menu_link_color_hover":"","ocean_menu_link_color_active":"","ocean_menu_link_background":"","ocean_menu_link_hover_background":"","ocean_menu_link_active_background":"","ocean_menu_social_links_bg":"","ocean_menu_social_hover_links_bg":"","ocean_menu_social_links_color":"","ocean_menu_social_hover_links_color":"","ocean_disable_title":"default","ocean_disable_heading":"default","ocean_post_title":"","ocean_post_subheading":"","ocean_post_title_style":"","ocean_post_title_background_color":"","ocean_post_title_background":0,"ocean_post_title_bg_image_position":"","ocean_post_title_bg_image_attachment":"","ocean_post_title_bg_image_repeat":"","ocean_post_title_bg_image_size":"","ocean_post_title_height":0,"ocean_post_title_bg_overlay":0.5,"ocean_post_title_bg_overlay_color":"","ocean_disable_breadcrumbs":"default","ocean_breadcrumbs_color":"","ocean_breadcrumbs_separator_color":"","ocean_breadcrumbs_links_color":"","ocean_breadcrumbs_links_hover_color":"","ocean_display_footer_widgets":"default","ocean_display_footer_bottom":"default","ocean_custom_footer_template":"","footnotes":""},"class_list":["post-9153","page","type-page","status-publish","has-post-thumbnail","hentry","entry","has-media"],"acf":[],"_links":{"self":[{"href":"https:\/\/vrapiweeks.com\/es\/wp-json\/wp\/v2\/pages\/9153","targetHints":{"allow":["GET"]}}],"collection":[{"href":"https:\/\/vrapiweeks.com\/es\/wp-json\/wp\/v2\/pages"}],"about":[{"href":"https:\/\/vrapiweeks.com\/es\/wp-json\/wp\/v2\/types\/page"}],"author":[{"embeddable":true,"href":"https:\/\/vrapiweeks.com\/es\/wp-json\/wp\/v2\/users\/38"}],"replies":[{"embeddable":true,"href":"https:\/\/vrapiweeks.com\/es\/wp-json\/wp\/v2\/comments?post=9153"}],"version-history":[{"count":5,"href":"https:\/\/vrapiweeks.com\/es\/wp-json\/wp\/v2\/pages\/9153\/revisions"}],"predecessor-version":[{"id":9170,"href":"https:\/\/vrapiweeks.com\/es\/wp-json\/wp\/v2\/pages\/9153\/revisions\/9170"}],"up":[{"embeddable":true,"href":"https:\/\/vrapiweeks.com\/es\/wp-json\/wp\/v2\/pages\/6042"}],"wp:featuredmedia":[{"embeddable":true,"href":"https:\/\/vrapiweeks.com\/es\/wp-json\/wp\/v2\/media\/9398"}],"wp:attachment":[{"href":"https:\/\/vrapiweeks.com\/es\/wp-json\/wp\/v2\/media?parent=9153"}],"curies":[{"name":"wp","href":"https:\/\/api.w.org\/{rel}","templated":true}]}}