{"id":9159,"date":"2025-05-19T14:14:22","date_gmt":"2025-05-19T19:14:22","guid":{"rendered":"https:\/\/vrapiweeks.com\/?page_id=9159"},"modified":"2025-10-01T16:11:44","modified_gmt":"2025-10-01T21:11:44","slug":"proceso-consular","status":"publish","type":"page","link":"https:\/\/vrapiweeks.com\/es\/areas-de-practica\/proceso-consular\/","title":{"rendered":"Proceso Consular"},"content":{"rendered":"<h1>Abogados de Procesamiento Consular en Nuevo M\u00e9xico<\/h1>\n<p>En Vrapi Weeks, entendemos que los procesos de inmigraci\u00f3n pueden ser incre\u00edblemente dif\u00edciles y que el tiempo es fundamental para obtener la residencia permanente legal. Por eso, nos dedicamos a eliminar las barreras migratorias para <a href=\"https:\/\/vrapiweeks.com\/es\/areas-de-practica\/familia-e-individuos\/\">personas, familias<\/a> y <a href=\"https:\/\/vrapiweeks.com\/es\/areas-de-practica\/negocios-y-empleo\/\">empleadores<\/a>. Nuestros abogados de inmigraci\u00f3n con experiencia brindan asistencia legal oportuna, compasiva y eficaz. Si deseas vivir y trabajar en los Estados Unidos, obtener la residencia permanente legal mediante el proceso consular podr\u00eda ser la clave para lograr tus objetivos.<\/p>\n<h2>\u00bfQu\u00e9 es el Proceso Consular?<\/h2>\n<p>El proceso consular es un paso crucial para obtener <a href=\"https:\/\/vrapiweeks.com\/es\/areas-de-practica\/familia-e-individuos\/residencia-permanente-tarjeta-verde\/\">la residencia permanente<\/a> legal si te encuentras fuera de los Estados Unidos o si necesitas regresar a tu pa\u00eds de origen para tramitar tu visa. Este proceso implica solicitar tu visa de inmigrante a trav\u00e9s de una embajada o consulado estadounidense en tu pa\u00eds de origen, lo que te otorga el derecho a vivir y trabajar legalmente en los Estados Unidos.<\/p>\n<p>Esta v\u00eda es especialmente importante para los que no califican para ajustar <a href=\"https:\/\/vrapiweeks.com\/es\/areas-de-practica\/ajuste-de-estatus\/\">el estatus dentro<\/a> de los EE. UU. o necesitan completar sus solicitudes de residencia permanente en el extranjero. El proceso consular garantiza que tu cumplas con todos los requisitos legales para ingresar a los Estados Unidos como residente legal. Es un proceso requerido para muchas personas que est\u00e1n obteniendo la residencia permanente legal en los Estados Unidos, pero tambi\u00e9n puede ser un proceso complejo y largo, con transferencias a m\u00faltiples agencias, formularios detallados y entrevistas. Ah\u00ed es donde podemos ayudarte.<\/p>\n<h2>\u00bfPor qu\u00e9 es Importante el Proceso Consular?<\/h2>\n<p>Este proceso es crucial porque funciona como la puerta de entrada oficial para las personas que viven fuera de los EE. UU. o que deben regresar a sus pa\u00edses de origen para procesar sus visas y reunirse con sus seres queridos, aceptar ofertas de trabajo o construir su vida en los Estados Unidos. Garantizar que el proceso consular se realice correctamente desde el principio es fundamental para evitar retrasos, costos adicionales o incluso negaciones.<\/p>\n<p>Algunos pasos comunes en el proceso consular incluyen la presentaci\u00f3n del Formulario I-130 (Petici\u00f3n para Familiar Extranjero) o el Formulario I-140 (Petici\u00f3n de Inmigrante para Trabajador Extranjero), la presentaci\u00f3n del Formulario DS-260 de Solicitud de Visa de Inmigrante y la documentaci\u00f3n para el Centro Nacional de Visas, la asistencia a un examen m\u00e9dico y una entrevista en persona en el consulado. Cada paso es muy detallado, e incluso un peque\u00f1o error puede complicar y retrasar tu caso. Por eso, contar con una representaci\u00f3n legal con experiencia como la nuestra en Vrapi Weeks es invaluable durante todo este proceso.<\/p>\n<h2>\u00bfPor qu\u00e9 Escoger a Vrapi Weeks?<\/h2>\n<p>Cuando se trata de un proceso consular necesitas m\u00e1s que un simple abogado para llenar formularios. Necesitas un equipo experimentado que te escuche, te gu\u00ede y te apoye en cada paso del proceso hasta que llegues a los Estados Unidos con tu tarjeta de residencia permanente. En Vrapi Weeks, ofrecemos:<\/p>\n<ul>\n<li><strong>Evaluaci\u00f3n Comprensivo del Caso <\/strong>&#8211;\u00a0Cada caso es \u00fanico y lo reconocemos. Nuestro equipo legal se toma el tiempo necesario para comprender tu historia, tus necesidades y tus objetivos. Esto nos permite determinar si el tr\u00e1mite consular es la mejor opci\u00f3n para ti y tu familia o si existen otras opciones.<\/li>\n<li><strong>Orientaci\u00f3n Legal Confiable<\/strong> &#8211; Con a\u00f1os de experiencia en el manejo de casos complejos de inmigraci\u00f3n, nuestros abogados son reconocidos a nivel nacional por su excelencia en el proceso consular y solicitudes de perdones. Nos encargamos de la documentaci\u00f3n, los plazos y la transferencia de tu solicitud entre agencias para que tu caso siga su curso y tu no tengas que preocuparte por los detalles.<\/li>\n<li><strong>Trayectoria Exitosa<\/strong> &#8211; A lo largo de los a\u00f1os, hemos ayudado <a href=\"https:\/\/vrapiweeks.com\/es\/resenas\/\">a miles de clientes<\/a> a completar con \u00e9xito sus procesos consulares. Ya sea que tu caso involucre la reunificaci\u00f3n familiar, una petici\u00f3n por empleo o la resoluci\u00f3n de asuntos complejos como perdones, sabemos c\u00f3mo obtener resultados de manera eficiente y eficaz.<\/li>\n<li><strong>Defensa Oportuna y Compasiva<\/strong> &#8211; Sabemos que hay mucho en juego y que la puntualidad es importante, y nos preocupamos sinceramente por ayudarte a lograr un futuro seguro en los EE. UU. lo m\u00e1s antes posible. Ya sea que busques construir una vida, un empleador que busca talento o una familia que busca reunirse, estamos aqu\u00ed para acompa\u00f1arte en cada paso del camino.<\/li>\n<\/ul>\n<h2>Respondiendo Tus Inquietudes<\/h2>\n<p>Entendemos que puedas tener preguntas o temores sobre el proceso consular. \u00bfDebo realmente pasar por el proceso consular o existe una mejor opci\u00f3n? \u00bfCumplir\u00e9 con todos los requisitos? \u00bfQu\u00e9 pasa si me niegan la visa? \u00bfQu\u00e9 pasa si cometo un error en mi solicitud? Ten la seguridad de que no tienes que lidiar con esto solo. Nuestra funci\u00f3n es anticipar las complicaciones, resolver problemas y garantizar que tu caso sea lo m\u00e1s s\u00f3lido posible incluso antes de que llegues al consulado.<\/p>\n<p>Desde completar la solicitud hasta prepararte para la entrevista estamos contigo. En Vrapi Weeks, no solo somos tus asesores legales, sino tus gu\u00edas y te acompa\u00f1aremos en cada paso del proceso hasta que te conviertas en residente permanente legal en los EE. UU.<\/p>\n<h2>Programa una Consulta<\/h2>\n<p><a href=\"https:\/\/vrapiweeks.com\/es\/pide-una-consulta\/\">Programa una consulta<\/a> con Vrapi Weeks y juntos crearemos un plan claro y pr\u00e1ctico para lograr tus objetivos migratorios. Tu proporcionaras la informaci\u00f3n y los documentos; nosotros nos encargamos del resto. Con nosotros a tu lado, podr\u00e1s avanzar con optimismo y tranquilidad en el tr\u00e1mite de tu visa en el consulado.<\/p>\n","protected":false},"excerpt":{"rendered":"<p>Abogados de Procesamiento Consular en Nuevo M\u00e9xico En Vrapi Weeks, entendemos que los procesos de inmigraci\u00f3n pueden ser incre\u00edblemente dif\u00edciles y que el tiempo es fundamental para obtener la residencia permanente legal. Por eso, nos dedicamos a eliminar las barreras migratorias para personas, familias y empleadores. Nuestros abogados de inmigraci\u00f3n con experiencia brindan asistencia legal [&hellip;]<\/p>\n","protected":false},"author":38,"featured_media":9396,"parent":6042,"menu_order":0,"comment_status":"closed","ping_status":"closed","template":"","meta":{"_acf_changed":false,"_oasis_is_in_workflow":0,"_oasis_original":0,"_oasis_task_priority":"","ocean_post_layout":"","ocean_both_sidebars_style":"","ocean_both_sidebars_content_width":0,"ocean_both_sidebars_sidebars_width":0,"ocean_sidebar":"","ocean_second_sidebar":"","ocean_disable_margins":"enable","ocean_add_body_class":"","ocean_shortcode_before_top_bar":"","ocean_shortcode_after_top_bar":"","ocean_shortcode_before_header":"","ocean_shortcode_after_header":"","ocean_has_shortcode":"","ocean_shortcode_after_title":"","ocean_shortcode_before_footer_widgets":"","ocean_shortcode_after_footer_widgets":"","ocean_shortcode_before_footer_bottom":"","ocean_shortcode_after_footer_bottom":"","ocean_display_top_bar":"default","ocean_display_header":"default","ocean_header_style":"","ocean_center_header_left_menu":"","ocean_custom_header_template":"","ocean_custom_logo":0,"ocean_custom_retina_logo":0,"ocean_custom_logo_max_width":0,"ocean_custom_logo_tablet_max_width":0,"ocean_custom_logo_mobile_max_width":0,"ocean_custom_logo_max_height":0,"ocean_custom_logo_tablet_max_height":0,"ocean_custom_logo_mobile_max_height":0,"ocean_header_custom_menu":"","ocean_menu_typo_font_family":"","ocean_menu_typo_font_subset":"","ocean_menu_typo_font_size":0,"ocean_menu_typo_font_size_tablet":0,"ocean_menu_typo_font_size_mobile":0,"ocean_menu_typo_font_size_unit":"px","ocean_menu_typo_font_weight":"","ocean_menu_typo_font_weight_tablet":"","ocean_menu_typo_font_weight_mobile":"","ocean_menu_typo_transform":"","ocean_menu_typo_transform_tablet":"","ocean_menu_typo_transform_mobile":"","ocean_menu_typo_line_height":0,"ocean_menu_typo_line_height_tablet":0,"ocean_menu_typo_line_height_mobile":0,"ocean_menu_typo_line_height_unit":"","ocean_menu_typo_spacing":0,"ocean_menu_typo_spacing_tablet":0,"ocean_menu_typo_spacing_mobile":0,"ocean_menu_typo_spacing_unit":"","ocean_menu_link_color":"","ocean_menu_link_color_hover":"","ocean_menu_link_color_active":"","ocean_menu_link_background":"","ocean_menu_link_hover_background":"","ocean_menu_link_active_background":"","ocean_menu_social_links_bg":"","ocean_menu_social_hover_links_bg":"","ocean_menu_social_links_color":"","ocean_menu_social_hover_links_color":"","ocean_disable_title":"default","ocean_disable_heading":"default","ocean_post_title":"","ocean_post_subheading":"","ocean_post_title_style":"","ocean_post_title_background_color":"","ocean_post_title_background":0,"ocean_post_title_bg_image_position":"","ocean_post_title_bg_image_attachment":"","ocean_post_title_bg_image_repeat":"","ocean_post_title_bg_image_size":"","ocean_post_title_height":0,"ocean_post_title_bg_overlay":0.5,"ocean_post_title_bg_overlay_color":"","ocean_disable_breadcrumbs":"default","ocean_breadcrumbs_color":"","ocean_breadcrumbs_separator_color":"","ocean_breadcrumbs_links_color":"","ocean_breadcrumbs_links_hover_color":"","ocean_display_footer_widgets":"default","ocean_display_footer_bottom":"default","ocean_custom_footer_template":"","footnotes":""},"class_list":["post-9159","page","type-page","status-publish","has-post-thumbnail","hentry","entry","has-media"],"acf":[],"_links":{"self":[{"href":"https:\/\/vrapiweeks.com\/es\/wp-json\/wp\/v2\/pages\/9159","targetHints":{"allow":["GET"]}}],"collection":[{"href":"https:\/\/vrapiweeks.com\/es\/wp-json\/wp\/v2\/pages"}],"about":[{"href":"https:\/\/vrapiweeks.com\/es\/wp-json\/wp\/v2\/types\/page"}],"author":[{"embeddable":true,"href":"https:\/\/vrapiweeks.com\/es\/wp-json\/wp\/v2\/users\/38"}],"replies":[{"embeddable":true,"href":"https:\/\/vrapiweeks.com\/es\/wp-json\/wp\/v2\/comments?post=9159"}],"version-history":[{"count":4,"href":"https:\/\/vrapiweeks.com\/es\/wp-json\/wp\/v2\/pages\/9159\/revisions"}],"predecessor-version":[{"id":9174,"href":"https:\/\/vrapiweeks.com\/es\/wp-json\/wp\/v2\/pages\/9159\/revisions\/9174"}],"up":[{"embeddable":true,"href":"https:\/\/vrapiweeks.com\/es\/wp-json\/wp\/v2\/pages\/6042"}],"wp:featuredmedia":[{"embeddable":true,"href":"https:\/\/vrapiweeks.com\/es\/wp-json\/wp\/v2\/media\/9396"}],"wp:attachment":[{"href":"https:\/\/vrapiweeks.com\/es\/wp-json\/wp\/v2\/media?parent=9159"}],"curies":[{"name":"wp","href":"https:\/\/api.w.org\/{rel}","templated":true}]}}